{"id":18991,"date":"2023-08-29T15:15:16","date_gmt":"2023-08-29T13:15:16","guid":{"rendered":"https:\/\/www.binder-optik.de\/goezluekler\/spor-goezluekleri\/"},"modified":"2025-04-17T12:17:43","modified_gmt":"2025-04-17T10:17:43","slug":"spor-goezluekleri","status":"publish","type":"page","link":"https:\/\/www.binder-optik.de\/tr\/ueruenler\/goezluekler\/spor-goezluekleri\/","title":{"rendered":"Spor g\u00f6zl\u00fckleri"},"content":{"rendered":"\n<section class=\"wp-block-custom-container alignwide block-content  block-content--spacing-top block-content--margin-top\"><style>.block-content{position:relative}.block-content--spacing-top{padding-top:2rem}@media (min-width: 992px){.block-content--spacing-top{padding-top:4rem}}.block-content--spacing-bottom{padding-bottom:2rem}@media (min-width: 992px){.block-content--spacing-bottom{padding-bottom:4rem}}.block-content--margin-top{margin-top:2rem}@media (min-width: 992px){.block-content--margin-top{margin-top:4rem}}.block-content--margin-bottom{margin-bottom:2rem}@media (min-width: 992px){.block-content--margin-bottom{margin-bottom:4rem}}.block-content.z-index{position:relative;z-index:2}.block-content .container{position:relative;z-index:1}.block-content .container--full{padding:0}.block-content .container .container{padding:2rem}@media (min-width: 992px){.block-content .container .container{padding:4rem}}.block-content .container-overlay{position:absolute;z-index:0;top:0;right:0;bottom:0;left:0}.block-content.career-container{margin-top:-8rem;z-index:2}.block-content.career-container .block-content{-webkit-box-shadow:0px 0px 15px 5px rgba(0,0,0,0.1);box-shadow:0px 0px 15px 5px rgba(0,0,0,0.1)}.block-content.career-container .wp-block-custom-column{margin-bottom:0}\n<\/style><div class=\"container container--wide\"><div class=\"container__body\">\n<h1 class=\"wp-block-heading\"><strong>Spor g\u00f6zl\u00fckleri<\/strong><\/h1>\n<\/div><\/div><\/section>\n\n<section class=\"wp-block-custom-container alignwide block-content  block-content--spacing-top\"><div class=\"container container--wide\"><div class=\"container__body\"><style>@media (max-width: 767px){.wp-block-media-text.is-stacked-on-mobile{grid-template-columns:100% !important}.wp-block-media-text.is-stacked-on-mobile .wp-block-media-text__media{grid-column:1;grid-row:1}.wp-block-media-text.is-stacked-on-mobile .wp-block-media-text__content{grid-column:1;grid-row:2}}.wp-block-media-text .wp-block-media-text__content{padding:0;padding-left:2rem}@media (min-width: 1024px){.wp-block-media-text .wp-block-media-text__content{padding-left:6rem}}@media (max-width: 767px){.wp-block-media-text .wp-block-media-text__content{padding:0}}.wp-block-media-text.has-media-on-the-right .wp-block-media-text__content{padding:0;padding-left:unset;padding-right:2rem}@media (min-width: 1024px){.wp-block-media-text.has-media-on-the-right .wp-block-media-text__content{padding-right:6rem}}@media (max-width: 767px){.wp-block-media-text.has-media-on-the-right .wp-block-media-text__content{padding:0}}.wp-block-media-text .wp-block-media-text__media{height:unset;overflow:hidden;aspect-ratio:1 \/ 1}.wp-block-media-text .wp-block-media-text__media img{width:100%;height:100%;object-fit:cover}.wp-block-media-text.is-image-fill .wp-block-media-text__media{height:unset;min-height:unset}.wp-block-media-text.is-image-fill img{object-fit:cover}\n<\/style>\n<div class=\"wp-block-media-text alignwide is-stacked-on-mobile\"><figure class=\"wp-block-media-text__media\"><img loading=\"lazy\" decoding=\"async\" width=\"783\" height=\"537\" src=\"https:\/\/www.binder-optik.de\/wp-content\/uploads\/2023\/08\/Radfahrer_1.jpg\" alt=\"Binder Optik\" class=\"wp-image-2726 size-full\" title=\"\" srcset=\"https:\/\/www.binder-optik.de\/wp-content\/uploads\/2023\/08\/Radfahrer_1.jpg 783w, https:\/\/www.binder-optik.de\/wp-content\/uploads\/2023\/08\/Radfahrer_1-300x206.jpg 300w, https:\/\/www.binder-optik.de\/wp-content\/uploads\/2023\/08\/Radfahrer_1-768x527.jpg 768w, https:\/\/www.binder-optik.de\/wp-content\/uploads\/2023\/08\/Radfahrer_1-524x359.jpg 524w\" sizes=\"auto, (max-width: 783px) 100vw, 783px\" \/><\/figure><div class=\"wp-block-media-text__content\">\n<div class=\"wp-block-custom-spacing spacing-element spacing-mobile--small spacing-tablet--none spacing-small-desktop--none spacing-desktop--none\"><\/div>\n\n\n\n<h2 class=\"wp-block-heading\"><strong>Sporunuz<\/strong> i\u00e7in do\u011fru g\u00f6zl\u00fck bizde <strong>.<\/strong><\/h2>\n\n\n\n<p>\u0130ster bisiklete binmeyi veya kayak yapmay\u0131, y\u00fczmeyi, y\u00fcr\u00fcy\u00fc\u015f yapmay\u0131, t\u0131rmanmay\u0131, golf oynamay\u0131, top sporlar\u0131n\u0131, yama\u00e7 para\u015f\u00fct\u00fcn\u00fc veya at\u0131c\u0131l\u0131\u011f\u0131 seviyor olun: \u0130yi bir g\u00f6r\u00fc\u015f, t\u00fcm sporlarda iyi performans ve ki\u015fisel g\u00fcvenlik i\u00e7in temel bir gerekliliktir. \u0130deal spor g\u00f6zl\u00fckleri plastikten yap\u0131lm\u0131\u015ft\u0131r, sa\u011flamd\u0131r, k\u0131r\u0131lmaz ve par\u00e7alanmaz. <\/p>\n\n\n\n<p>Binder Optik adresinden bir\u00e7ok farkl\u0131 i\u00e7 ve <strong>d\u0131\u015f mekan sporu <\/strong>i\u00e7in g\u00f6zl\u00fck alabilirsiniz <strong>&#8211; ki\u015fisel re\u00e7etenizle <\/strong>, <strong>renklendirmeli<\/strong> <strong>veya renklendirmesiz <\/strong> <strong>veya spor<\/strong> g\u00f6zl\u00fck <strong>kay\u0131\u015f\u0131 ile<\/strong>.<\/p>\n\n\n\n<p>Spor g\u00f6zl\u00fckleri <strong>erkekler,<\/strong> kad\u0131nlar <strong>ve<\/strong> <strong>\u00e7ocuklar<\/strong> i\u00e7in mevcuttur <strong>.<\/strong><\/p>\n\n\n\n<div class=\"wp-block-custom-spacing spacing-element spacing-mobile--small spacing-tablet--small spacing-small-desktop--none spacing-desktop--none\"><\/div>\n<\/div><\/div>\n<\/div><\/div><\/section>\n\n<section class=\"wp-block-custom-container alignwide block-content  block-content--spacing-top\"><div class=\"container container--wide\"><div class=\"container__body\">\n<div class=\"wp-block-media-text alignwide has-media-on-the-right is-stacked-on-mobile\"><div class=\"wp-block-media-text__content\">\n<div class=\"wp-block-custom-spacing spacing-element spacing-mobile--small spacing-tablet--none spacing-small-desktop--none spacing-desktop--none\"><\/div>\n\n\n\n<h2 class=\"wp-block-heading\"><strong>Destek ve<\/strong> <strong>koruma.<\/strong><\/h2>\n\n\n\n<p>Uygun g\u00f6zl\u00fck modelleri ve camlar\u0131 spor t\u00fcr\u00fcne g\u00f6re farkl\u0131l\u0131k g\u00f6sterir. \u00d6rne\u011fin, kavisli \u015fekle sahip g\u00f6zl\u00fckler bir\u00e7ok a\u00e7\u0131k hava sporu i\u00e7in uygundur. Ayr\u0131ca <strong>g\u00f6z\u00fc<\/strong> yandan <strong>UV radyasyonuna ve parlamaya, r\u00fczgara, kire ve ya\u011fmura kar\u015f\u0131<\/strong> <strong>korurlar<\/strong> <strong>.<\/strong>  <\/p>\n\n\n\n<p>Camlar\u0131n destekleyici bir i\u015flevi de vard\u0131r: \u00f6rne\u011fin golf g\u00f6zl\u00fcklerinde hafif sar\u0131 veya turuncu bir <strong>renk<\/strong> tonu <strong>renk<\/strong> <strong>kontrast\u0131n\u0131 ve alan derinli\u011fini<\/strong> art\u0131r\u0131r <strong>.<\/strong> Bu, ye\u015fil \u00e7imin hatlar\u0131n\u0131 tan\u0131may\u0131 kolayla\u015ft\u0131r\u0131r ve golf topu daha net bir \u015fekilde \u00f6ne \u00e7\u0131kar. <\/p>\n\n\n\n<p>En sevdi\u011finiz sporu a\u00e7\u0131k havada yap\u0131yorsan\u0131z, y\u00fcksek d\u00fczeyde UV <strong>korumas\u0131 da gereklidir<\/strong>. \u00d6zellikle da\u011flarda ve suda, g\u00fcne\u015f \u0131\u015f\u0131nlar\u0131 \u00f6zellikle yo\u011fundur ve bu nedenle UV maruziyeti son derece y\u00fcksektir. Bu nedenle spor g\u00f6zl\u00fcklerimiz g\u00fcvenilir UV filtrelerine sahiptir.  <\/p>\n\n\n\n<div class=\"wp-block-custom-spacing spacing-element spacing-mobile--small spacing-tablet--small spacing-small-desktop--none spacing-desktop--none\"><\/div>\n<\/div><figure class=\"wp-block-media-text__media\"><img loading=\"lazy\" decoding=\"async\" width=\"783\" height=\"537\" src=\"https:\/\/www.binder-optik.de\/wp-content\/uploads\/2023\/08\/Wanderer_im_Schnee_mit_Sportbrille-1.jpg\" alt=\"Binder Optik\" class=\"wp-image-2727 size-full\" title=\"\" srcset=\"https:\/\/www.binder-optik.de\/wp-content\/uploads\/2023\/08\/Wanderer_im_Schnee_mit_Sportbrille-1.jpg 783w, https:\/\/www.binder-optik.de\/wp-content\/uploads\/2023\/08\/Wanderer_im_Schnee_mit_Sportbrille-1-300x206.jpg 300w, https:\/\/www.binder-optik.de\/wp-content\/uploads\/2023\/08\/Wanderer_im_Schnee_mit_Sportbrille-1-768x527.jpg 768w, https:\/\/www.binder-optik.de\/wp-content\/uploads\/2023\/08\/Wanderer_im_Schnee_mit_Sportbrille-1-524x359.jpg 524w\" sizes=\"auto, (max-width: 783px) 100vw, 783px\" \/><\/figure><\/div>\n<\/div><\/div><\/section>\n\n<section class=\"wp-block-custom-container alignwide block-content  block-content--spacing-top\"><div class=\"container container--wide\"><div class=\"container__body\">\n<div class=\"wp-block-media-text alignwide is-stacked-on-mobile\"><figure class=\"wp-block-media-text__media\"><img loading=\"lazy\" decoding=\"async\" width=\"783\" height=\"537\" src=\"https:\/\/www.binder-optik.de\/wp-content\/uploads\/2023\/08\/Skifahrer_nach_links-1.jpg\" alt=\"Binder Optik\" class=\"wp-image-2728 size-full\" title=\"\" srcset=\"https:\/\/www.binder-optik.de\/wp-content\/uploads\/2023\/08\/Skifahrer_nach_links-1.jpg 783w, https:\/\/www.binder-optik.de\/wp-content\/uploads\/2023\/08\/Skifahrer_nach_links-1-300x206.jpg 300w, https:\/\/www.binder-optik.de\/wp-content\/uploads\/2023\/08\/Skifahrer_nach_links-1-768x527.jpg 768w, https:\/\/www.binder-optik.de\/wp-content\/uploads\/2023\/08\/Skifahrer_nach_links-1-524x359.jpg 524w\" sizes=\"auto, (max-width: 783px) 100vw, 783px\" \/><\/figure><div class=\"wp-block-media-text__content\">\n<div class=\"wp-block-custom-spacing spacing-element spacing-mobile--small spacing-tablet--none spacing-small-desktop--none spacing-desktop--none\"><\/div>\n\n\n\n<h2 class=\"wp-block-heading\"><strong>Spor g\u00f6zl\u00fck cam\u0131:<\/strong> renkli, bu\u011fu \u00f6nleyici veya polarize.<\/h2>\n\n\n\n<p>Spor g\u00f6zl\u00fcklerinize elbette <strong>renkli veya<\/strong> <strong>kendinden renklendirmeli camlar<\/strong> takabiliriz <strong>.<\/strong> Bir ba\u015fka harika \u015fey: <strong>bu\u011fu \u00f6nleyici camlar<\/strong><em><strong>. <\/strong><\/em>Hava sirk\u00fclasyonu eksikli\u011fi nedeniyle lenslerinizin i\u00e7 k\u0131sm\u0131n\u0131n bu\u011fulanmas\u0131n\u0131 \u00f6nler. Bu da size s\u00fcrekli net bir g\u00f6r\u00fc\u015f sa\u011flar ve tamamen sporunuza konsantre olman\u0131z\u0131 sa\u011flar. <\/p>\n\n\n\n<p>Su veya k\u0131\u015f sporlar\u0131ndan ho\u015flan\u0131yor musunuz? <strong>Polarize caml\u0131 <\/strong>spor g\u00fcne\u015f g\u00f6zl\u00fcklerimiz su ve kar y\u00fczeylerinden gelen \u0131\u015f\u0131k yans\u0131malar\u0131n\u0131 <strong>emer <\/strong>. Bu, g\u00f6zleri yormayan, parlamayan ve rahat bir g\u00f6r\u00fc\u015f\u00fcn keyfini \u00e7\u0131karman\u0131z\u0131 sa\u011flar. Ayr\u0131ca polarizasyon kontrast\u0131 art\u0131r\u0131r ve her \u015feye keskin bir \u015fekilde odaklanman\u0131z\u0131 sa\u011flar.   <\/p>\n\n\n\n<div class=\"wp-block-buttons is-layout-flex wp-block-buttons-is-layout-flex\"><style>.wp-block-button{margin:0 0 3rem}.wp-block-button:last-child,.wp-block-button:only-child{margin-bottom:0}.wp-block-button.align-center{text-align:center}.wp-block-button.align-right{text-align:right}.wp-block-columns+.wp-block-button{margin-top:6.3rem}.wp-block-button__link{display:inline-block;padding:1.8rem 1.8rem;font-weight:600;text-align:center;text-decoration:none;color:#2B2E34;border:2px solid #FFFA00;border-radius:.5rem;background-color:#FFFA00;cursor:pointer;font-size:1.6rem;line-height:1}@media (min-width: 1380px){.wp-block-button__link{padding:1.8rem 3.8rem;font-size:1.8rem;line-height:1}}.wp-block-button:not(.is-style-link-only):not(.is-style-outline):not(.is-style-fill-secondary) .wp-block-button__link{position:relative}.wp-block-button:not(.is-style-link-only):not(.is-style-outline):not(.is-style-fill-secondary) .wp-block-button__link:hover,.wp-block-button:not(.is-style-link-only):not(.is-style-outline):not(.is-style-fill-secondary) .wp-block-button__link:focus{color:#fff;border-color:#00597E;background-color:#00597E}.wp-block-button .wp-block-button__link{transition:.2s}.is-style-fill-secondary .wp-block-button__link{color:#fff;border-color:#00597E;background-color:#00597E}.is-style-fill-secondary .wp-block-button__link:hover,.is-style-fill-secondary .wp-block-button__link:focus{color:#2B2E34;border-color:#FFFA00;background-color:#FFFA00}.is-style-outline .wp-block-button__link{padding:1.8rem 1.8rem !important;color:#00597E !important;border-color:#00597E;background-color:transparent}@media (min-width: 1380px){.is-style-outline .wp-block-button__link{padding:1.8rem 3.8rem !important}}.is-style-outline .wp-block-button__link:hover,.is-style-outline .wp-block-button__link:focus{color:#fff !important;border-color:#00597E !important;background-color:#00597E !important}.is-style-link-only .wp-block-button__link{min-width:0;padding:0;padding-right:2rem;position:relative;font-weight:600;color:#00597E;letter-spacing:0;text-transform:none;border:none;background-color:transparent;transition:color .2s,text-decoration-color .2s;font-size:1.8rem;line-height:1}.is-style-link-only .wp-block-button__link::after{content:'';display:inline-block;width:8px;height:13px;position:absolute;top:50%;right:0;transform:translate(0, -50%);background-image:url(\"https:\/\/www.binder-optik.de\/wp-content\/themes\/ATLAS\/images\/svg\/button_arrow-right_secondary.svg\");background-repeat:no-repeat;background-size:contain;transition:right 0.2s}.is-style-link-only .wp-block-button__link:hover::after,.is-style-link-only .wp-block-button__link:focus::after{right:-5px}\n<\/style>\n<div class=\"wp-block-button\"><a class=\"wp-block-button__link wp-element-button\" href=\"https:\/\/www.binder-optik.de\/tr\/goezluekler\/goezluek-camlari\/\">Merceklere<\/a><\/div>\n<\/div>\n\n\n\n<div class=\"wp-block-custom-spacing spacing-element spacing-mobile--small spacing-tablet--small spacing-small-desktop--none spacing-desktop--none\"><\/div>\n<\/div><\/div>\n<\/div><\/div><\/section>\n\n<section class=\"wp-block-custom-container alignwide block-content  block-content--spacing-top\"><div class=\"container container--wide\"><div class=\"container__body\">\n<div class=\"wp-block-media-text alignwide has-media-on-the-right is-stacked-on-mobile\"><div class=\"wp-block-media-text__content\">\n<div class=\"wp-block-custom-spacing spacing-element spacing-mobile--small spacing-tablet--none spacing-small-desktop--none spacing-desktop--none\"><\/div>\n\n\n\n<h2 class=\"wp-block-heading\">Ludwigsburg ve Waiblingen<strong>&#8216;de spor g\u00f6zl\u00fck st\u00fcdyolar\u0131<\/strong>.<\/h2>\n\n\n\n<p>Spor g\u00f6zl\u00fcklerini t\u00fcm Binder Optik \u00f6zel ma\u011fazalar\u0131ndan sat\u0131n alabilirsiniz. <a href=\"https:\/\/www.binder-optik.de\/fachgeschaefte\/ludwigsburg\/\" data-type=\"store\" data-id=\"3942\">Ludwigsburg ve<\/a> <a href=\"https:\/\/www.binder-optik.de\/tr\/magazalar\/waiblingen-2\/\" data-type=\"store\" data-id=\"3619\">Waiblingen<\/a> <strong>&#8216;deki spor g\u00f6zl\u00fck st\u00fcdyolar\u0131m\u0131zda<\/strong> <strong>\u00f6zellikle geni\u015f bir se\u00e7kinin<\/strong> tad\u0131n\u0131 \u00e7\u0131karabilirsiniz . <br\/>Burada yeni spor g\u00f6zl\u00fcklerinizi bir <strong>r\u00fczgar t\u00fcnelinde<\/strong> bile test edebilirsiniz <strong>.<\/strong>  <\/p>\n\n\n\n<p>En iyisi \u00f6nceden bir kons\u00fcltasyon ayarlamakt\u0131r.<\/p>\n\n\n\n<div class=\"wp-block-buttons is-layout-flex wp-block-buttons-is-layout-flex\">\n<div class=\"wp-block-button\"><a class=\"wp-block-button__link wp-element-button\" href=\"https:\/\/www.binder-optik.de\/tr\/randevu-alin\/\">Randevu al\u0131n<\/a><\/div>\n<\/div>\n\n\n\n<div class=\"wp-block-custom-spacing spacing-element spacing-mobile--small spacing-tablet--small spacing-small-desktop--none spacing-desktop--none\"><\/div>\n<\/div><figure class=\"wp-block-media-text__media\"><img loading=\"lazy\" decoding=\"async\" width=\"783\" height=\"537\" src=\"https:\/\/www.binder-optik.de\/wp-content\/uploads\/2023\/08\/Sportbrillenstudio_Waiblingen_783x537.jpg\" alt=\"Binder Optik\" class=\"wp-image-2731 size-full\" title=\"\" srcset=\"https:\/\/www.binder-optik.de\/wp-content\/uploads\/2023\/08\/Sportbrillenstudio_Waiblingen_783x537.jpg 783w, https:\/\/www.binder-optik.de\/wp-content\/uploads\/2023\/08\/Sportbrillenstudio_Waiblingen_783x537-300x206.jpg 300w, https:\/\/www.binder-optik.de\/wp-content\/uploads\/2023\/08\/Sportbrillenstudio_Waiblingen_783x537-768x527.jpg 768w, https:\/\/www.binder-optik.de\/wp-content\/uploads\/2023\/08\/Sportbrillenstudio_Waiblingen_783x537-524x359.jpg 524w\" sizes=\"auto, (max-width: 783px) 100vw, 783px\" \/><\/figure><\/div>\n<\/div><\/div><\/section>\n\n<section class=\"wp-block-custom-container alignwide block-content  block-content--spacing-top block-content--spacing-bottom\"><div class=\"container container--wide\"><div class=\"container__body\">\n<section class=\"wp-block-custom-container alignwide block-content  has-gelb-background-color\" style=\"background-color:#FFFF00\"><div class=\"container container--wide\"><div class=\"container__body\"><style>.wp-block-columns.are-vertically-aligned-center{gap:1em;margin-bottom:.5rem}@media (min-width: 992px){.wp-block-columns.are-vertically-aligned-center{margin-bottom:1rem}}.wp-block-columns.are-vertically-aligned-center :last-child{margin-bottom:0}.wp-block-columns.are-vertically-aligned-center figure{margin-bottom:0}.wp-block-columns.no-margin{margin-bottom:0 !important}@media (max-width: 991px){.wp-block-columns.hide-mobile{display:none}}:where(.wp-block-columns.is-layout-flex){gap:1em}\n<\/style>\n<div class=\"wp-block-columns are-vertically-aligned-center is-layout-flex wp-container-core-columns-is-layout-1 wp-block-columns-is-layout-flex\">\n<div class=\"wp-block-column is-vertically-aligned-center is-layout-flow wp-block-column-is-layout-flow\" style=\"flex-basis:66.66%\">\n<h2 class=\"wp-block-heading\"><strong>B\u00fclten kayd\u0131<\/strong><\/h2>\n\n\n\n<p>Haber b\u00fcltenine \u015fimdi abone olun ve 20 Euro de\u011ferinde Binder Optik al\u0131\u015fveri\u015f \u00e7eki kazan\u0131n.<\/p>\n\n\n\n<div class=\"wp-block-buttons is-layout-flex wp-block-buttons-is-layout-flex\">\n<div class=\"wp-block-button is-style-fill-secondary\"><a class=\"wp-block-button__link wp-element-button\" href=\"https:\/\/www.binder-optik.de\/tr\/buelten-kaydi\/\">Kay\u0131t i\u00e7in<\/a><\/div>\n<\/div>\n<\/div>\n\n\n\n<div class=\"wp-block-column is-vertically-aligned-center is-layout-flow wp-block-column-is-layout-flow\" style=\"flex-basis:33.33%\"><style>.wp-block-image.alignright{margin:0 !important}.wp-block-image.alignleft{float:none !important}.wp-block-image .wp-element-caption{text-align:left}\n<\/style>\n<figure class=\"wp-block-image size-full\"><img loading=\"lazy\" decoding=\"async\" width=\"902\" height=\"625\" src=\"https:\/\/www.binder-optik.de\/wp-content\/uploads\/2025\/05\/2023_10_05-Newsletter-Anmeldung_433x300-1_EN.jpg\" alt=\"Binder Optik\" class=\"wp-image-19189\" title=\"\" srcset=\"https:\/\/www.binder-optik.de\/wp-content\/uploads\/2025\/05\/2023_10_05-Newsletter-Anmeldung_433x300-1_EN.jpg 902w, https:\/\/www.binder-optik.de\/wp-content\/uploads\/2025\/05\/2023_10_05-Newsletter-Anmeldung_433x300-1_EN-300x208.jpg 300w, https:\/\/www.binder-optik.de\/wp-content\/uploads\/2025\/05\/2023_10_05-Newsletter-Anmeldung_433x300-1_EN-768x532.jpg 768w, https:\/\/www.binder-optik.de\/wp-content\/uploads\/2025\/05\/2023_10_05-Newsletter-Anmeldung_433x300-1_EN-524x363.jpg 524w\" sizes=\"auto, (max-width: 902px) 100vw, 902px\" \/><\/figure>\n<\/div>\n<\/div>\n<\/div><\/div><\/section>\n<\/div><\/div><\/section>\n","protected":false},"excerpt":{"rendered":"","protected":false},"author":14,"featured_media":0,"parent":18861,"menu_order":0,"comment_status":"closed","ping_status":"closed","template":"","meta":{"_acf_changed":false,"footnotes":""},"class_list":["post-18991","page","type-page","status-publish","hentry"],"acf":[],"publishpress_future_action":{"enabled":false,"date":"2026-04-22 10:38:07","action":"change-status","newStatus":"draft","terms":[],"taxonomy":"translation_priority","extraData":[]},"publishpress_future_workflow_manual_trigger":{"enabledWorkflows":[]},"_links":{"self":[{"href":"https:\/\/www.binder-optik.de\/tr\/wp-json\/wp\/v2\/pages\/18991","targetHints":{"allow":["GET"]}}],"collection":[{"href":"https:\/\/www.binder-optik.de\/tr\/wp-json\/wp\/v2\/pages"}],"about":[{"href":"https:\/\/www.binder-optik.de\/tr\/wp-json\/wp\/v2\/types\/page"}],"author":[{"embeddable":true,"href":"https:\/\/www.binder-optik.de\/tr\/wp-json\/wp\/v2\/users\/14"}],"replies":[{"embeddable":true,"href":"https:\/\/www.binder-optik.de\/tr\/wp-json\/wp\/v2\/comments?post=18991"}],"version-history":[{"count":2,"href":"https:\/\/www.binder-optik.de\/tr\/wp-json\/wp\/v2\/pages\/18991\/revisions"}],"predecessor-version":[{"id":18999,"href":"https:\/\/www.binder-optik.de\/tr\/wp-json\/wp\/v2\/pages\/18991\/revisions\/18999"}],"up":[{"embeddable":true,"href":"https:\/\/www.binder-optik.de\/tr\/wp-json\/wp\/v2\/pages\/18861"}],"wp:attachment":[{"href":"https:\/\/www.binder-optik.de\/tr\/wp-json\/wp\/v2\/media?parent=18991"}],"curies":[{"name":"wp","href":"https:\/\/api.w.org\/{rel}","templated":true}]}}