{"id":18934,"date":"2023-08-28T11:41:51","date_gmt":"2023-08-28T09:41:51","guid":{"rendered":"https:\/\/www.binder-optik.de\/sosyal-baglilik\/bebek-ambulans-felix\/"},"modified":"2025-04-17T12:17:19","modified_gmt":"2025-04-17T10:17:19","slug":"bebek-ambulans-felix","status":"publish","type":"page","link":"https:\/\/www.binder-optik.de\/tr\/hakkimizda\/sosyal-baglilik\/bebek-ambulans-felix\/","title":{"rendered":"Bebek ambulans Felix"},"content":{"rendered":"\n<section class=\"wp-block-custom-container alignwide block-content  block-content--spacing-top block-content--margin-top\"><style>.block-content{position:relative}.block-content--spacing-top{padding-top:2rem}@media (min-width: 992px){.block-content--spacing-top{padding-top:4rem}}.block-content--spacing-bottom{padding-bottom:2rem}@media (min-width: 992px){.block-content--spacing-bottom{padding-bottom:4rem}}.block-content--margin-top{margin-top:2rem}@media (min-width: 992px){.block-content--margin-top{margin-top:4rem}}.block-content--margin-bottom{margin-bottom:2rem}@media (min-width: 992px){.block-content--margin-bottom{margin-bottom:4rem}}.block-content.z-index{position:relative;z-index:2}.block-content .container{position:relative;z-index:1}.block-content .container--full{padding:0}.block-content .container .container{padding:2rem}@media (min-width: 992px){.block-content .container .container{padding:4rem}}.block-content .container-overlay{position:absolute;z-index:0;top:0;right:0;bottom:0;left:0}.block-content.career-container{margin-top:-8rem;z-index:2}.block-content.career-container .block-content{-webkit-box-shadow:0px 0px 15px 5px rgba(0,0,0,0.1);box-shadow:0px 0px 15px 5px rgba(0,0,0,0.1)}.block-content.career-container .wp-block-custom-column{margin-bottom:0}\n<\/style><div class=\"container container--wide\"><div class=\"container__body\">\n<h1 class=\"wp-block-heading\">\u00c7\u00fcnk\u00fc k\u00fc\u00e7\u00fckleri <strong>\u00f6nemsiyoruz<\/strong>:<br\/>Bebek acil ambulans sistemi &#8220;Felix&#8221;<\/h1>\n<\/div><\/div><\/section>\n\n<section class=\"wp-block-custom-container alignwide block-content  block-content--spacing-top\"><div class=\"container container--wide\"><div class=\"container__body\"><style>@media (max-width: 767px){.wp-block-media-text.is-stacked-on-mobile{grid-template-columns:100% !important}.wp-block-media-text.is-stacked-on-mobile .wp-block-media-text__media{grid-column:1;grid-row:1}.wp-block-media-text.is-stacked-on-mobile .wp-block-media-text__content{grid-column:1;grid-row:2}}.wp-block-media-text .wp-block-media-text__content{padding:0;padding-left:2rem}@media (min-width: 1024px){.wp-block-media-text .wp-block-media-text__content{padding-left:6rem}}@media (max-width: 767px){.wp-block-media-text .wp-block-media-text__content{padding:0}}.wp-block-media-text.has-media-on-the-right .wp-block-media-text__content{padding:0;padding-left:unset;padding-right:2rem}@media (min-width: 1024px){.wp-block-media-text.has-media-on-the-right .wp-block-media-text__content{padding-right:6rem}}@media (max-width: 767px){.wp-block-media-text.has-media-on-the-right .wp-block-media-text__content{padding:0}}.wp-block-media-text .wp-block-media-text__media{height:unset;overflow:hidden;aspect-ratio:1 \/ 1}.wp-block-media-text .wp-block-media-text__media img{width:100%;height:100%;object-fit:cover}.wp-block-media-text.is-image-fill .wp-block-media-text__media{height:unset;min-height:unset}.wp-block-media-text.is-image-fill img{object-fit:cover}\n<\/style>\n<div class=\"wp-block-media-text alignwide is-stacked-on-mobile\"><figure class=\"wp-block-media-text__media\"><img loading=\"lazy\" decoding=\"async\" width=\"1024\" height=\"1024\" src=\"https:\/\/www.binder-optik.de\/wp-content\/uploads\/2023\/08\/BinderOptik_Baby-Notarztwagen_2022_500x500-1024x1024.jpg\" alt=\"Binder Optik\" class=\"wp-image-2200 size-full\" title=\"\" srcset=\"https:\/\/www.binder-optik.de\/wp-content\/uploads\/2023\/08\/BinderOptik_Baby-Notarztwagen_2022_500x500-1024x1024.jpg 1024w, https:\/\/www.binder-optik.de\/wp-content\/uploads\/2023\/08\/BinderOptik_Baby-Notarztwagen_2022_500x500-906x906.jpg 906w, https:\/\/www.binder-optik.de\/wp-content\/uploads\/2023\/08\/BinderOptik_Baby-Notarztwagen_2022_500x500-150x150.jpg 150w, https:\/\/www.binder-optik.de\/wp-content\/uploads\/2023\/08\/BinderOptik_Baby-Notarztwagen_2022_500x500-300x300.jpg 300w, https:\/\/www.binder-optik.de\/wp-content\/uploads\/2023\/08\/BinderOptik_Baby-Notarztwagen_2022_500x500-768x768.jpg 768w, https:\/\/www.binder-optik.de\/wp-content\/uploads\/2023\/08\/BinderOptik_Baby-Notarztwagen_2022_500x500-123x123.jpg 123w, https:\/\/www.binder-optik.de\/wp-content\/uploads\/2023\/08\/BinderOptik_Baby-Notarztwagen_2022_500x500-524x524.jpg 524w, https:\/\/www.binder-optik.de\/wp-content\/uploads\/2023\/08\/BinderOptik_Baby-Notarztwagen_2022_500x500.jpg 1042w\" sizes=\"auto, (max-width: 1024px) 100vw, 1024px\" \/><\/figure><div class=\"wp-block-media-text__content\">\n<div class=\"wp-block-custom-spacing spacing-element spacing-mobile--small spacing-tablet--none spacing-small-desktop--none spacing-desktop--none\"><\/div>\n\n\n\n<h2 class=\"wp-block-heading\" style=\"text-transform:none\">Premat\u00fcre bebekler i\u00e7in acil durum ambulans\u0131<\/h2>\n\n\n\n<p>En k\u00fc\u00e7\u00fck bebeklerin bile m\u00fcmk\u00fcn olan en iyi bak\u0131m\u0131 almalar\u0131n\u0131 sa\u011flamak i\u00e7in Binder Optik, Bj\u00f6rn Steiger Vakf\u0131&#8217;n\u0131n <strong>&#8220;Felix&#8221; bebek acil ambulans sistemi giri\u015fimini <\/strong>bir sponsorluk ile <strong>desteklemektedir <\/strong>. \u00d6zel acil durum ambulanslar\u0131 premat\u00fcre bebekleri g\u00fcvenli bir \u015fekilde ba\u015fka bir hastaneye ta\u015f\u0131yor. <\/p>\n\n\n\n<p>Almanya&#8217;da her y\u0131l yakla\u015f\u0131k 640 premat\u00fcre bebek, do\u011fduklar\u0131 yerde yeterli bak\u0131m sa\u011flanamad\u0131\u011f\u0131 i\u00e7in \u00f6zel kliniklere nakledilmektedir.<\/p>\n\n\n\n<p>\u00c7o\u011fu i\u00e7in bu, \u00f6zel s\u00fcspansiyonu olmayan ve genellikle bebekleri frenleme ivmesine maruz b\u0131rakan seyahat y\u00f6n\u00fcne do\u011fru uzunlamas\u0131na seyahat eden normal ambulanslarda ger\u00e7ekle\u015fir.<\/p>\n\n\n\n<div class=\"wp-block-custom-spacing spacing-element spacing-mobile--small spacing-tablet--small spacing-small-desktop--none spacing-desktop--none\"><\/div>\n<\/div><\/div>\n<\/div><\/div><\/section>\n\n<section class=\"wp-block-custom-container alignwide block-content  block-content--spacing-top\"><div class=\"container container--wide\"><div class=\"container__body\">\n<div class=\"wp-block-media-text alignwide has-media-on-the-right is-stacked-on-mobile\"><div class=\"wp-block-media-text__content\">\n<div class=\"wp-block-custom-spacing spacing-element spacing-mobile--small spacing-tablet--none spacing-small-desktop--none spacing-desktop--none\"><\/div>\n\n\n\n<h2 class=\"wp-block-heading\" style=\"text-transform:none\">Bebek acil ambulans sistemi &#8220;Felix&#8221;<\/h2>\n\n\n\n<p>M\u00fcmk\u00fcn oldu\u011funca sessiz ve titre\u015fimsiz bir ula\u015f\u0131m, k\u00fc\u00e7\u00fcklerin ya\u015famlar\u0131 i\u00e7in \u00e7ok \u00f6nemli olabilir.<\/p>\n\n\n\n<p>\u0130\u015fte bu noktada &#8220;Felix&#8221; devreye giriyor: \u00d6zel olarak geli\u015ftirilmi\u015f bir ta\u015f\u0131ma kuv\u00f6z\u00fcne (&#8220;kuv\u00f6z&#8221;, resme bak\u0131n\u0131z) sahip \u00f6zel bebek acil durum ambulans\u0131nda, yeni do\u011fanlar yolculuk s\u0131ras\u0131nda &#8220;bulutlar\u0131n \u00fczerindeymi\u015f gibi yat\u0131r\u0131l\u0131r&#8221;: bir s\u00f6n\u00fcmleme sistemi titre\u015fimleri ve \u015foklar\u0131 telafi eder. Derinli\u011fi 10 santimetreye kadar olan \u00e7ukurlar bu \u015fekilde telafi edilebilmektedir. <\/p>\n\n\n\n<p>Buna ek olarak, &#8220;Felix&#8221; bebekleri seyahat y\u00f6n\u00fcne dik a\u00e7\u0131larla ta\u015f\u0131r ve bu nedenle onlar\u0131 frenleme ivmesine daha az maruz b\u0131rak\u0131r.<\/p>\n\n\n\n<p><em>Resim: Bj\u00f6rn Steiger Vakf\u0131<\/em><\/p>\n\n\n\n<div class=\"wp-block-custom-spacing spacing-element spacing-mobile--small spacing-tablet--small spacing-small-desktop--none spacing-desktop--none\"><\/div>\n<\/div><figure class=\"wp-block-media-text__media\"><img loading=\"lazy\" decoding=\"async\" width=\"1024\" height=\"702\" src=\"https:\/\/www.binder-optik.de\/wp-content\/uploads\/2023\/08\/Transportinkubator-1024x702.jpg\" alt=\"Binder Optik\" class=\"wp-image-2282 size-full\" title=\"\" srcset=\"https:\/\/www.binder-optik.de\/wp-content\/uploads\/2023\/08\/Transportinkubator-1024x702.jpg 1024w, https:\/\/www.binder-optik.de\/wp-content\/uploads\/2023\/08\/Transportinkubator-906x621.jpg 906w, https:\/\/www.binder-optik.de\/wp-content\/uploads\/2023\/08\/Transportinkubator-300x206.jpg 300w, https:\/\/www.binder-optik.de\/wp-content\/uploads\/2023\/08\/Transportinkubator-768x527.jpg 768w, https:\/\/www.binder-optik.de\/wp-content\/uploads\/2023\/08\/Transportinkubator-524x359.jpg 524w, https:\/\/www.binder-optik.de\/wp-content\/uploads\/2023\/08\/Transportinkubator.jpg 1400w\" sizes=\"auto, (max-width: 1024px) 100vw, 1024px\" \/><\/figure><\/div>\n<\/div><\/div><\/section>\n\n<section class=\"wp-block-custom-container alignwide block-content  block-content--spacing-top\"><div class=\"container container--wide\"><div class=\"container__body\">\n<div class=\"wp-block-media-text alignwide is-stacked-on-mobile\"><figure class=\"wp-block-media-text__media\"><img loading=\"lazy\" decoding=\"async\" width=\"1024\" height=\"703\" src=\"https:\/\/www.binder-optik.de\/wp-content\/uploads\/2023\/08\/Baby-Notarztwagen-1024x703.jpg\" alt=\"Binder Optik\" class=\"wp-image-2283 size-full\" title=\"\" srcset=\"https:\/\/www.binder-optik.de\/wp-content\/uploads\/2023\/08\/Baby-Notarztwagen-1024x703.jpg 1024w, https:\/\/www.binder-optik.de\/wp-content\/uploads\/2023\/08\/Baby-Notarztwagen-906x622.jpg 906w, https:\/\/www.binder-optik.de\/wp-content\/uploads\/2023\/08\/Baby-Notarztwagen-300x206.jpg 300w, https:\/\/www.binder-optik.de\/wp-content\/uploads\/2023\/08\/Baby-Notarztwagen-768x527.jpg 768w, https:\/\/www.binder-optik.de\/wp-content\/uploads\/2023\/08\/Baby-Notarztwagen-1536x1054.jpg 1536w, https:\/\/www.binder-optik.de\/wp-content\/uploads\/2023\/08\/Baby-Notarztwagen-524x360.jpg 524w, https:\/\/www.binder-optik.de\/wp-content\/uploads\/2023\/08\/Baby-Notarztwagen.jpg 1558w\" sizes=\"auto, (max-width: 1024px) 100vw, 1024px\" \/><\/figure><div class=\"wp-block-media-text__content\">\n<div class=\"wp-block-custom-spacing spacing-element spacing-mobile--small spacing-tablet--none spacing-small-desktop--none spacing-desktop--none\"><\/div>\n\n\n\n<h2 class=\"wp-block-heading\" style=\"text-transform:none\">Binder Optik bebek ambulans sponsoru<\/h2>\n\n\n\n<p>\u00d6zel bebek acil durum ambulans\u0131 &#8220;Felix&#8221;, Stuttgart da dahil olmak \u00fczere Almanya&#8217;n\u0131n \u00e7e\u015fitli yerlerinde konu\u015fland\u0131r\u0131lm\u0131\u015ft\u0131r. Giri\u015fim, b\u00f6lgesel ba\u011f\u0131\u015f kampanyalar\u0131 ve sponsorlar\u0131n yard\u0131m\u0131yla finanse ediliyor. <\/p>\n\n\n\n<p>K\u00fc\u00e7\u00fck hastalar\u0131n hedeflerine sa\u011f salim ula\u015fmalar\u0131n\u0131 sa\u011flamaya yard\u0131mc\u0131 olmak istiyoruz ve &#8220;Felix &#8220;i bir sponsorluk ile destekliyoruz.<\/p>\n\n\n\n<p>Giri\u015fim hakk\u0131nda daha fazla bilgiye <a href=\"https:\/\/www.steiger-stiftung.de\/initiativen\/baby-notarztwagen\" target=\"_blank\" rel=\"noreferrer noopener\">buradan ula\u015fabilirsiniz .<\/a><\/p>\n\n\n\n<p><em>Resim: Bj\u00f6rn Steiger Vakf\u0131<\/em><\/p>\n\n\n\n<div class=\"wp-block-custom-spacing spacing-element spacing-mobile--small spacing-tablet--small spacing-small-desktop--none spacing-desktop--none\"><\/div>\n<\/div><\/div>\n\n\n\n<p><\/p>\n<\/div><\/div><\/section>\n\n<section class=\"wp-block-custom-container alignwide block-content  block-content--spacing-top block-content--spacing-bottom\"><div class=\"container container--wide\"><div class=\"container__body\">\n<section class=\"wp-block-custom-container alignwide block-content  has-gelb-background-color\" style=\"background-color:#FFFF00\"><div class=\"container container--wide\"><div class=\"container__body\"><style>.wp-block-columns.are-vertically-aligned-center{gap:1em;margin-bottom:.5rem}@media (min-width: 992px){.wp-block-columns.are-vertically-aligned-center{margin-bottom:1rem}}.wp-block-columns.are-vertically-aligned-center :last-child{margin-bottom:0}.wp-block-columns.are-vertically-aligned-center figure{margin-bottom:0}.wp-block-columns.no-margin{margin-bottom:0 !important}@media (max-width: 991px){.wp-block-columns.hide-mobile{display:none}}:where(.wp-block-columns.is-layout-flex){gap:1em}\n<\/style>\n<div class=\"wp-block-columns are-vertically-aligned-center is-layout-flex wp-container-core-columns-is-layout-1 wp-block-columns-is-layout-flex\">\n<div class=\"wp-block-column is-vertically-aligned-center is-layout-flow wp-block-column-is-layout-flow\" style=\"flex-basis:66.66%\">\n<h2 class=\"wp-block-heading\"><strong>B\u00fclten kayd\u0131<\/strong><\/h2>\n\n\n\n<p>Haber b\u00fcltenine \u015fimdi abone olun ve 20 Euro de\u011ferinde Binder Optik al\u0131\u015fveri\u015f \u00e7eki kazan\u0131n.<\/p>\n\n\n\n<div class=\"wp-block-buttons is-layout-flex wp-block-buttons-is-layout-flex\"><style>.wp-block-button{margin:0 0 3rem}.wp-block-button:last-child,.wp-block-button:only-child{margin-bottom:0}.wp-block-button.align-center{text-align:center}.wp-block-button.align-right{text-align:right}.wp-block-columns+.wp-block-button{margin-top:6.3rem}.wp-block-button__link{display:inline-block;padding:1.8rem 1.8rem;font-weight:600;text-align:center;text-decoration:none;color:#2B2E34;border:2px solid #FFFA00;border-radius:.5rem;background-color:#FFFA00;cursor:pointer;font-size:1.6rem;line-height:1}@media (min-width: 1380px){.wp-block-button__link{padding:1.8rem 3.8rem;font-size:1.8rem;line-height:1}}.wp-block-button:not(.is-style-link-only):not(.is-style-outline):not(.is-style-fill-secondary) .wp-block-button__link{position:relative}.wp-block-button:not(.is-style-link-only):not(.is-style-outline):not(.is-style-fill-secondary) .wp-block-button__link:hover,.wp-block-button:not(.is-style-link-only):not(.is-style-outline):not(.is-style-fill-secondary) .wp-block-button__link:focus{color:#fff;border-color:#00597E;background-color:#00597E}.wp-block-button .wp-block-button__link{transition:.2s}.is-style-fill-secondary .wp-block-button__link{color:#fff;border-color:#00597E;background-color:#00597E}.is-style-fill-secondary .wp-block-button__link:hover,.is-style-fill-secondary .wp-block-button__link:focus{color:#2B2E34;border-color:#FFFA00;background-color:#FFFA00}.is-style-outline .wp-block-button__link{padding:1.8rem 1.8rem !important;color:#00597E !important;border-color:#00597E;background-color:transparent}@media (min-width: 1380px){.is-style-outline .wp-block-button__link{padding:1.8rem 3.8rem !important}}.is-style-outline .wp-block-button__link:hover,.is-style-outline .wp-block-button__link:focus{color:#fff !important;border-color:#00597E !important;background-color:#00597E !important}.is-style-link-only .wp-block-button__link{min-width:0;padding:0;padding-right:2rem;position:relative;font-weight:600;color:#00597E;letter-spacing:0;text-transform:none;border:none;background-color:transparent;transition:color .2s,text-decoration-color .2s;font-size:1.8rem;line-height:1}.is-style-link-only .wp-block-button__link::after{content:'';display:inline-block;width:8px;height:13px;position:absolute;top:50%;right:0;transform:translate(0, -50%);background-image:url(\"https:\/\/www.binder-optik.de\/wp-content\/themes\/ATLAS\/images\/svg\/button_arrow-right_secondary.svg\");background-repeat:no-repeat;background-size:contain;transition:right 0.2s}.is-style-link-only .wp-block-button__link:hover::after,.is-style-link-only .wp-block-button__link:focus::after{right:-5px}\n<\/style>\n<div class=\"wp-block-button is-style-fill-secondary\"><a class=\"wp-block-button__link wp-element-button\" href=\"https:\/\/www.binder-optik.de\/tr\/buelten-kaydi\/\">Kay\u0131t i\u00e7in<\/a><\/div>\n<\/div>\n<\/div>\n\n\n\n<div class=\"wp-block-column is-vertically-aligned-center is-layout-flow wp-block-column-is-layout-flow\" style=\"flex-basis:33.33%\"><style>.wp-block-image.alignright{margin:0 !important}.wp-block-image.alignleft{float:none !important}.wp-block-image .wp-element-caption{text-align:left}\n<\/style>\n<figure class=\"wp-block-image size-full\"><img loading=\"lazy\" decoding=\"async\" width=\"902\" height=\"625\" src=\"https:\/\/www.binder-optik.de\/wp-content\/uploads\/2025\/05\/2023_10_05-Newsletter-Anmeldung_433x300-1_EN.jpg\" alt=\"Binder Optik\" class=\"wp-image-19189\" title=\"\" srcset=\"https:\/\/www.binder-optik.de\/wp-content\/uploads\/2025\/05\/2023_10_05-Newsletter-Anmeldung_433x300-1_EN.jpg 902w, https:\/\/www.binder-optik.de\/wp-content\/uploads\/2025\/05\/2023_10_05-Newsletter-Anmeldung_433x300-1_EN-300x208.jpg 300w, https:\/\/www.binder-optik.de\/wp-content\/uploads\/2025\/05\/2023_10_05-Newsletter-Anmeldung_433x300-1_EN-768x532.jpg 768w, https:\/\/www.binder-optik.de\/wp-content\/uploads\/2025\/05\/2023_10_05-Newsletter-Anmeldung_433x300-1_EN-524x363.jpg 524w\" sizes=\"auto, (max-width: 902px) 100vw, 902px\" \/><\/figure>\n<\/div>\n<\/div>\n<\/div><\/div><\/section>\n<\/div><\/div><\/section>\n","protected":false},"excerpt":{"rendered":"","protected":false},"author":1,"featured_media":0,"parent":18924,"menu_order":0,"comment_status":"closed","ping_status":"closed","template":"","meta":{"_acf_changed":false,"footnotes":""},"class_list":["post-18934","page","type-page","status-publish","hentry"],"acf":[],"publishpress_future_action":{"enabled":false,"date":"2026-04-21 00:01:07","action":"change-status","newStatus":"draft","terms":[],"taxonomy":"translation_priority","extraData":[]},"publishpress_future_workflow_manual_trigger":{"enabledWorkflows":[]},"_links":{"self":[{"href":"https:\/\/www.binder-optik.de\/tr\/wp-json\/wp\/v2\/pages\/18934","targetHints":{"allow":["GET"]}}],"collection":[{"href":"https:\/\/www.binder-optik.de\/tr\/wp-json\/wp\/v2\/pages"}],"about":[{"href":"https:\/\/www.binder-optik.de\/tr\/wp-json\/wp\/v2\/types\/page"}],"author":[{"embeddable":true,"href":"https:\/\/www.binder-optik.de\/tr\/wp-json\/wp\/v2\/users\/1"}],"replies":[{"embeddable":true,"href":"https:\/\/www.binder-optik.de\/tr\/wp-json\/wp\/v2\/comments?post=18934"}],"version-history":[{"count":1,"href":"https:\/\/www.binder-optik.de\/tr\/wp-json\/wp\/v2\/pages\/18934\/revisions"}],"predecessor-version":[{"id":18936,"href":"https:\/\/www.binder-optik.de\/tr\/wp-json\/wp\/v2\/pages\/18934\/revisions\/18936"}],"up":[{"embeddable":true,"href":"https:\/\/www.binder-optik.de\/tr\/wp-json\/wp\/v2\/pages\/18924"}],"wp:attachment":[{"href":"https:\/\/www.binder-optik.de\/tr\/wp-json\/wp\/v2\/media?parent=18934"}],"curies":[{"name":"wp","href":"https:\/\/api.w.org\/{rel}","templated":true}]}}