{"id":18924,"date":"2023-08-25T16:27:07","date_gmt":"2023-08-25T14:27:07","guid":{"rendered":"https:\/\/www.binder-optik.de\/sosyal-baglilik\/"},"modified":"2025-05-16T09:50:04","modified_gmt":"2025-05-16T07:50:04","slug":"sosyal-baglilik","status":"publish","type":"page","link":"https:\/\/www.binder-optik.de\/tr\/hakkimizda\/sosyal-baglilik\/","title":{"rendered":"Sosyal ba\u011fl\u0131l\u0131k"},"content":{"rendered":"\n<section class=\"wp-block-custom-container alignwide block-content  block-content--spacing-top block-content--spacing-bottom block-content--margin-top\"><style>.block-content{position:relative}.block-content--spacing-top{padding-top:2rem}@media (min-width: 992px){.block-content--spacing-top{padding-top:4rem}}.block-content--spacing-bottom{padding-bottom:2rem}@media (min-width: 992px){.block-content--spacing-bottom{padding-bottom:4rem}}.block-content--margin-top{margin-top:2rem}@media (min-width: 992px){.block-content--margin-top{margin-top:4rem}}.block-content--margin-bottom{margin-bottom:2rem}@media (min-width: 992px){.block-content--margin-bottom{margin-bottom:4rem}}.block-content.z-index{position:relative;z-index:2}.block-content .container{position:relative;z-index:1}.block-content .container--full{padding:0}.block-content .container .container{padding:2rem}@media (min-width: 992px){.block-content .container .container{padding:4rem}}.block-content .container-overlay{position:absolute;z-index:0;top:0;right:0;bottom:0;left:0}.block-content.career-container{margin-top:-8rem;z-index:2}.block-content.career-container .block-content{-webkit-box-shadow:0px 0px 15px 5px rgba(0,0,0,0.1);box-shadow:0px 0px 15px 5px rgba(0,0,0,0.1)}.block-content.career-container .wp-block-custom-column{margin-bottom:0}\n<\/style><div class=\"container container--wide\"><div class=\"container__body\">\n<h1 class=\"wp-block-heading\">Sosyal <strong>ba\u011fl\u0131l\u0131k<\/strong><\/h1>\n<\/div><\/div><\/section>\n\n\n\n<section class=\"wp-block-custom-container alignwide block-content has-grau-background-color block-content--spacing-top\" style=\"background-color:#f5f5f5\"><div class=\"container container--wide\"><div class=\"container__body\">\n<div class=\"wp-block-custom-columns columns-row row small-gutter\"><style>.columns-row--spacing-top{padding-top:2rem}@media (min-width: 992px){.columns-row--spacing-top{padding-top:4rem}}.columns-row--spacing-bottom{padding-bottom:2rem}@media (min-width: 992px){.columns-row--spacing-bottom{padding-bottom:4rem}}.columns-row--margin-top{margin-top:2rem}@media (min-width: 992px){.columns-row--margin-top{margin-top:4rem}}.columns-row--margin-bottom{margin-bottom:2rem}@media (min-width: 992px){.columns-row--margin-bottom{margin-bottom:4rem}}\n<\/style>\n<div class=\"wp-block-custom-column col col-12 col-md-6 col-lg-4 col-xl-4 order-1 order-lg-1\"><a class=\"acf-block block-polaroid align\" href=\"https:\/\/www.binder-optik.de\/tr\/hakkimizda\/sosyal-baglilik\/tuerlerin-korunmasina-baglilik\/\" target=\"_self\">\n\n\t<style>.block-polaroid{position:relative;display:block !important;min-height:100%;padding:1rem;background-color:#fff;overflow:hidden}@media (min-width: 1200px){.block-polaroid{padding:2rem}}.block-polaroid__row{position:relative;display:flex;flex-wrap:wrap;z-index:1}.block-polaroid__content{margin:0 0 1rem}@media (min-width: 992px){.block-polaroid__content{margin:0 0 2rem}}.block-polaroid__content h2,.block-polaroid__content h3,.block-polaroid__content h4{font-size:2rem;line-height:1.3;margin-bottom:0;text-decoration:2px underline transparent;text-underline-offset:2px;transition:0.2s ease;hyphens:auto}@media (min-width: 992px){.block-polaroid__content h2,.block-polaroid__content h3,.block-polaroid__content h4{font-size:2.5rem;line-height:1.28;margin-bottom:.5rem;text-underline-offset:4px}}@media (min-width: 1200px){.block-polaroid__content h2,.block-polaroid__content h3,.block-polaroid__content h4{hyphens:unset}}.block-polaroid__img-wrapper{flex:0 0 100%;display:flex;justify-content:center;align-items:center;margin-bottom:1rem;text-align:center}@media (min-width: 1024px){.block-polaroid__img-wrapper{margin-bottom:2rem}}.block-polaroid__img-wrapper img{width:100%;height:100%;object-fit:cover;aspect-ratio:306 \/ 229}.block-polaroid--full .block-polaroid__img-wrapper{max-width:100%}.block-polaroid--full .block-polaroid__img-wrapper img{width:100%;height:auto;object-fit:unset}.block-polaroid__content-wrapper{flex:0 0 100%;max-width:100%}.block-polaroid--full .block-polaroid__content-wrapper{max-width:100%}a.block-polaroid .block-polaroid__link{display:none;position:relative;width:3rem;height:2.5rem}@media (min-width: 1024px){a.block-polaroid .block-polaroid__link{display:block}}a.block-polaroid:hover .block-polaroid{-webkit-box-shadow:0px 0px 15px 5px rgba(0,0,0,0.1);box-shadow:0px 0px 15px 5px rgba(0,0,0,0.1)}a.block-polaroid:hover .block-polaroid__content{color:#2B2E34}a.block-polaroid:hover .block-polaroid__content h2,a.block-polaroid:hover .block-polaroid__content h3,a.block-polaroid:hover .block-polaroid__content h4{text-decoration-color:#2B2E34}\n<\/style>\t<div class=\"block-polaroid__row\">\n\t\t\t<div class=\"block-polaroid__img-wrapper\">\n\t\t\t<img loading=\"lazy\" decoding=\"async\" width=\"500\" height=\"500\" src=\"https:\/\/www.binder-optik.de\/wp-content\/uploads\/2023\/08\/pexels-daniel-torobekov-10498908_500x500.png\" class=\"attachment-full size-full\" alt=\"Binder Optik\" data-object-fit=\"\" srcset=\"https:\/\/www.binder-optik.de\/wp-content\/uploads\/2023\/08\/pexels-daniel-torobekov-10498908_500x500.png 500w, https:\/\/www.binder-optik.de\/wp-content\/uploads\/2023\/08\/pexels-daniel-torobekov-10498908_500x500-150x150.png 150w, https:\/\/www.binder-optik.de\/wp-content\/uploads\/2023\/08\/pexels-daniel-torobekov-10498908_500x500-300x300.png 300w, https:\/\/www.binder-optik.de\/wp-content\/uploads\/2023\/08\/pexels-daniel-torobekov-10498908_500x500-123x123.png 123w\" sizes=\"auto, (max-width: 500px) 100vw, 500px\" title=\"\">\t\t<\/div>\n\t\t\t<div class=\"block-polaroid__content-wrapper\">\n\t\t\t\t\t<div class=\"block-polaroid__content\"><h3><b> Kaplumba\u011falar\u0131<\/b> kurtar\u0131n<\/h3>\n<p>Optik sekt\u00f6r\u00fcnde bir \u00f6nc\u00fc olan Binder Optik, kaplumba\u011fa kabu\u011funu \u015firketten yasaklad\u0131 ve deniz kaplumba\u011falar\u0131ndan yap\u0131lan \u00fcr\u00fcnlere ticaret yasa\u011f\u0131 getirilmesine yard\u0131mc\u0131 oldu.<\/p>\n<\/div>\n\t\t\t\t\t\t\t<div class=\"block-polaroid__link\"><\/div>\n\t\t\t\t<\/div>\n\t<\/div>\n<\/a>\n<\/div>\n\n\n\n<div class=\"wp-block-custom-column col col-12 col-md-6 col-lg-4 col-xl-4 order-1 order-lg-1\"><a class=\"acf-block block-polaroid align\" href=\"https:\/\/www.binder-optik.de\/tr\/hakkimizda\/sosyal-baglilik\/duenya-capinda-goezluekler\/\" target=\"_self\">\n\n\t\t<div class=\"block-polaroid__row\">\n\t\t\t<div class=\"block-polaroid__img-wrapper\">\n\t\t\t<img loading=\"lazy\" decoding=\"async\" width=\"1042\" height=\"1042\" src=\"https:\/\/www.binder-optik.de\/wp-content\/uploads\/2023\/08\/BrillenWeltweit_500x500.jpg\" class=\"attachment-full size-full\" alt=\"Binder Optik\" data-object-fit=\"\" srcset=\"https:\/\/www.binder-optik.de\/wp-content\/uploads\/2023\/08\/BrillenWeltweit_500x500.jpg 1042w, https:\/\/www.binder-optik.de\/wp-content\/uploads\/2023\/08\/BrillenWeltweit_500x500-906x906.jpg 906w, https:\/\/www.binder-optik.de\/wp-content\/uploads\/2023\/08\/BrillenWeltweit_500x500-150x150.jpg 150w, https:\/\/www.binder-optik.de\/wp-content\/uploads\/2023\/08\/BrillenWeltweit_500x500-300x300.jpg 300w, https:\/\/www.binder-optik.de\/wp-content\/uploads\/2023\/08\/BrillenWeltweit_500x500-768x768.jpg 768w, https:\/\/www.binder-optik.de\/wp-content\/uploads\/2023\/08\/BrillenWeltweit_500x500-1024x1024.jpg 1024w, https:\/\/www.binder-optik.de\/wp-content\/uploads\/2023\/08\/BrillenWeltweit_500x500-123x123.jpg 123w, https:\/\/www.binder-optik.de\/wp-content\/uploads\/2023\/08\/BrillenWeltweit_500x500-524x524.jpg 524w\" sizes=\"auto, (max-width: 1042px) 100vw, 1042px\" title=\"\">\t\t<\/div>\n\t\t\t<div class=\"block-polaroid__content-wrapper\">\n\t\t\t\t\t<div class=\"block-polaroid__content\"><h3><b> D\u00fcnya \u00e7ap\u0131nda<\/b> g\u00f6zl\u00fckler<\/h3>\n<p>Art\u0131k ihtiya\u00e7 duymad\u0131\u011f\u0131n\u0131z ancak hala iyi durumda ve \u00e7al\u0131\u015f\u0131r durumda olan g\u00f6zl\u00fcklerinizi &#8220;BrillenWeltweit &#8220;a ba\u011f\u0131\u015flayabilirsiniz.<\/p>\n<\/div>\n\t\t\t\t\t\t\t<div class=\"block-polaroid__link\"><\/div>\n\t\t\t\t<\/div>\n\t<\/div>\n<\/a>\n<\/div>\n\n\n\n<div class=\"wp-block-custom-column col col-12 col-md-6 col-lg-4 col-xl-4 order-1 order-lg-1\"><a class=\"acf-block block-polaroid align\" href=\"https:\/\/www.binder-optik.de\/tr\/hakkimizda\/sosyal-baglilik\/bebek-ambulans-felix\/\" target=\"_self\">\n\n\t\t<div class=\"block-polaroid__row\">\n\t\t\t<div class=\"block-polaroid__img-wrapper\">\n\t\t\t<img loading=\"lazy\" decoding=\"async\" width=\"1042\" height=\"1042\" src=\"https:\/\/www.binder-optik.de\/wp-content\/uploads\/2023\/08\/BinderOptik_Baby-Notarztwagen_2022_500x500.jpg\" class=\"attachment-full size-full\" alt=\"Binder Optik\" data-object-fit=\"\" srcset=\"https:\/\/www.binder-optik.de\/wp-content\/uploads\/2023\/08\/BinderOptik_Baby-Notarztwagen_2022_500x500.jpg 1042w, https:\/\/www.binder-optik.de\/wp-content\/uploads\/2023\/08\/BinderOptik_Baby-Notarztwagen_2022_500x500-906x906.jpg 906w, https:\/\/www.binder-optik.de\/wp-content\/uploads\/2023\/08\/BinderOptik_Baby-Notarztwagen_2022_500x500-150x150.jpg 150w, https:\/\/www.binder-optik.de\/wp-content\/uploads\/2023\/08\/BinderOptik_Baby-Notarztwagen_2022_500x500-300x300.jpg 300w, https:\/\/www.binder-optik.de\/wp-content\/uploads\/2023\/08\/BinderOptik_Baby-Notarztwagen_2022_500x500-768x768.jpg 768w, https:\/\/www.binder-optik.de\/wp-content\/uploads\/2023\/08\/BinderOptik_Baby-Notarztwagen_2022_500x500-1024x1024.jpg 1024w, https:\/\/www.binder-optik.de\/wp-content\/uploads\/2023\/08\/BinderOptik_Baby-Notarztwagen_2022_500x500-123x123.jpg 123w, https:\/\/www.binder-optik.de\/wp-content\/uploads\/2023\/08\/BinderOptik_Baby-Notarztwagen_2022_500x500-524x524.jpg 524w\" sizes=\"auto, (max-width: 1042px) 100vw, 1042px\" title=\"\">\t\t<\/div>\n\t\t\t<div class=\"block-polaroid__content-wrapper\">\n\t\t\t\t\t<div class=\"block-polaroid__content\"><h3><strong>Bebek acil ambulans sistemi &#8220;Felix&#8221;<\/strong> <\/h3>\n<p>K\u00fc\u00e7\u00fckleri \u00f6nemsedi\u011fimiz i\u00e7in Binder Optik, Bj\u00f6rn Steiger Vakf\u0131&#8217;n\u0131n &#8220;Felix&#8221; bebek ambulans sistemini bir sponsorluk ile desteklemektedir.<\/p>\n<\/div>\n\t\t\t\t\t\t\t<div class=\"block-polaroid__link\"><\/div>\n\t\t\t\t<\/div>\n\t<\/div>\n<\/a>\n<\/div>\n<\/div>\n\n\n\n<div class=\"wp-block-custom-spacing spacing-element spacing-mobile--small spacing-tablet--small spacing-small-desktop--small spacing-desktop--small\"><\/div>\n<\/div><\/div><\/section>\n\n\n\n<section class=\"wp-block-custom-container alignwide block-content  block-content--spacing-top block-content--spacing-bottom\"><div class=\"container container--wide\"><div class=\"container__body\">\n<section class=\"wp-block-custom-container alignwide block-content  has-gelb-background-color\" style=\"background-color:#FFFF00\"><div class=\"container container--wide\"><div class=\"container__body\"><style>.wp-block-columns.are-vertically-aligned-center{gap:1em;margin-bottom:.5rem}@media (min-width: 992px){.wp-block-columns.are-vertically-aligned-center{margin-bottom:1rem}}.wp-block-columns.are-vertically-aligned-center :last-child{margin-bottom:0}.wp-block-columns.are-vertically-aligned-center figure{margin-bottom:0}.wp-block-columns.no-margin{margin-bottom:0 !important}@media (max-width: 991px){.wp-block-columns.hide-mobile{display:none}}:where(.wp-block-columns.is-layout-flex){gap:1em}\n<\/style>\n<div class=\"wp-block-columns are-vertically-aligned-center is-layout-flex wp-container-core-columns-is-layout-1 wp-block-columns-is-layout-flex\">\n<div class=\"wp-block-column is-vertically-aligned-center is-layout-flow wp-block-column-is-layout-flow\" style=\"flex-basis:66.66%\">\n<h2 class=\"wp-block-heading\"><strong>B\u00fclten kayd\u0131<\/strong><\/h2>\n\n\n\n<p>Haber b\u00fcltenine \u015fimdi abone olun ve 20 Euro de\u011ferinde Binder Optik al\u0131\u015fveri\u015f \u00e7eki kazan\u0131n.<\/p>\n\n\n\n<div class=\"wp-block-buttons is-layout-flex wp-block-buttons-is-layout-flex\"><style>.wp-block-button{margin:0 0 3rem}.wp-block-button:last-child,.wp-block-button:only-child{margin-bottom:0}.wp-block-button.align-center{text-align:center}.wp-block-button.align-right{text-align:right}.wp-block-columns+.wp-block-button{margin-top:6.3rem}.wp-block-button__link{display:inline-block;padding:1.8rem 1.8rem;font-weight:600;text-align:center;text-decoration:none;color:#2B2E34;border:2px solid #FFFA00;border-radius:.5rem;background-color:#FFFA00;cursor:pointer;font-size:1.6rem;line-height:1}@media (min-width: 1380px){.wp-block-button__link{padding:1.8rem 3.8rem;font-size:1.8rem;line-height:1}}.wp-block-button:not(.is-style-link-only):not(.is-style-outline):not(.is-style-fill-secondary) .wp-block-button__link{position:relative}.wp-block-button:not(.is-style-link-only):not(.is-style-outline):not(.is-style-fill-secondary) .wp-block-button__link:hover,.wp-block-button:not(.is-style-link-only):not(.is-style-outline):not(.is-style-fill-secondary) .wp-block-button__link:focus{color:#fff;border-color:#00597E;background-color:#00597E}.wp-block-button .wp-block-button__link{transition:.2s}.is-style-fill-secondary .wp-block-button__link{color:#fff;border-color:#00597E;background-color:#00597E}.is-style-fill-secondary .wp-block-button__link:hover,.is-style-fill-secondary .wp-block-button__link:focus{color:#2B2E34;border-color:#FFFA00;background-color:#FFFA00}.is-style-outline .wp-block-button__link{padding:1.8rem 1.8rem !important;color:#00597E !important;border-color:#00597E;background-color:transparent}@media (min-width: 1380px){.is-style-outline .wp-block-button__link{padding:1.8rem 3.8rem !important}}.is-style-outline .wp-block-button__link:hover,.is-style-outline .wp-block-button__link:focus{color:#fff !important;border-color:#00597E !important;background-color:#00597E !important}.is-style-link-only .wp-block-button__link{min-width:0;padding:0;padding-right:2rem;position:relative;font-weight:600;color:#00597E;letter-spacing:0;text-transform:none;border:none;background-color:transparent;transition:color .2s,text-decoration-color .2s;font-size:1.8rem;line-height:1}.is-style-link-only .wp-block-button__link::after{content:'';display:inline-block;width:8px;height:13px;position:absolute;top:50%;right:0;transform:translate(0, -50%);background-image:url(\"https:\/\/www.binder-optik.de\/wp-content\/themes\/ATLAS\/images\/svg\/button_arrow-right_secondary.svg\");background-repeat:no-repeat;background-size:contain;transition:right 0.2s}.is-style-link-only .wp-block-button__link:hover::after,.is-style-link-only .wp-block-button__link:focus::after{right:-5px}\n<\/style>\n<div class=\"wp-block-button is-style-fill-secondary\"><a class=\"wp-block-button__link wp-element-button\" href=\"https:\/\/www.binder-optik.de\/tr\/buelten-kaydi\/\">Kay\u0131t i\u00e7in<\/a><\/div>\n<\/div>\n<\/div>\n\n\n\n<div class=\"wp-block-column is-vertically-aligned-center is-layout-flow wp-block-column-is-layout-flow\" style=\"flex-basis:33.33%\"><style>.wp-block-image.alignright{margin:0 !important}.wp-block-image.alignleft{float:none !important}.wp-block-image .wp-element-caption{text-align:left}\n<\/style>\n<figure class=\"wp-block-image size-full\"><img loading=\"lazy\" decoding=\"async\" width=\"902\" height=\"625\" src=\"https:\/\/www.binder-optik.de\/wp-content\/uploads\/2025\/05\/2023_10_05-Newsletter-Anmeldung_433x300-1_EN.jpg\" alt=\"Binder Optik\" class=\"wp-image-19189\" title=\"\" srcset=\"https:\/\/www.binder-optik.de\/wp-content\/uploads\/2025\/05\/2023_10_05-Newsletter-Anmeldung_433x300-1_EN.jpg 902w, https:\/\/www.binder-optik.de\/wp-content\/uploads\/2025\/05\/2023_10_05-Newsletter-Anmeldung_433x300-1_EN-300x208.jpg 300w, https:\/\/www.binder-optik.de\/wp-content\/uploads\/2025\/05\/2023_10_05-Newsletter-Anmeldung_433x300-1_EN-768x532.jpg 768w, https:\/\/www.binder-optik.de\/wp-content\/uploads\/2025\/05\/2023_10_05-Newsletter-Anmeldung_433x300-1_EN-524x363.jpg 524w\" sizes=\"auto, (max-width: 902px) 100vw, 902px\" \/><\/figure>\n<\/div>\n<\/div>\n<\/div><\/div><\/section>\n<\/div><\/div><\/section>\n","protected":false},"excerpt":{"rendered":"","protected":false},"author":1,"featured_media":0,"parent":19072,"menu_order":0,"comment_status":"closed","ping_status":"closed","template":"","meta":{"_acf_changed":false,"footnotes":""},"class_list":["post-18924","page","type-page","status-publish","hentry"],"acf":[],"publishpress_future_action":{"enabled":false,"date":"2026-04-20 22:26:04","action":"change-status","newStatus":"draft","terms":[],"taxonomy":"translation_priority","extraData":[]},"publishpress_future_workflow_manual_trigger":{"enabledWorkflows":[]},"_links":{"self":[{"href":"https:\/\/www.binder-optik.de\/tr\/wp-json\/wp\/v2\/pages\/18924","targetHints":{"allow":["GET"]}}],"collection":[{"href":"https:\/\/www.binder-optik.de\/tr\/wp-json\/wp\/v2\/pages"}],"about":[{"href":"https:\/\/www.binder-optik.de\/tr\/wp-json\/wp\/v2\/types\/page"}],"author":[{"embeddable":true,"href":"https:\/\/www.binder-optik.de\/tr\/wp-json\/wp\/v2\/users\/1"}],"replies":[{"embeddable":true,"href":"https:\/\/www.binder-optik.de\/tr\/wp-json\/wp\/v2\/comments?post=18924"}],"version-history":[{"count":2,"href":"https:\/\/www.binder-optik.de\/tr\/wp-json\/wp\/v2\/pages\/18924\/revisions"}],"predecessor-version":[{"id":19967,"href":"https:\/\/www.binder-optik.de\/tr\/wp-json\/wp\/v2\/pages\/18924\/revisions\/19967"}],"up":[{"embeddable":true,"href":"https:\/\/www.binder-optik.de\/tr\/wp-json\/wp\/v2\/pages\/19072"}],"wp:attachment":[{"href":"https:\/\/www.binder-optik.de\/tr\/wp-json\/wp\/v2\/media?parent=18924"}],"curies":[{"name":"wp","href":"https:\/\/api.w.org\/{rel}","templated":true}]}}