{"id":18919,"date":"2023-08-28T11:28:43","date_gmt":"2023-08-28T09:28:43","guid":{"rendered":"https:\/\/www.binder-optik.de\/duenya-capinda-goezluekler\/"},"modified":"2025-04-17T12:17:07","modified_gmt":"2025-04-17T10:17:07","slug":"duenya-capinda-goezluekler","status":"publish","type":"page","link":"https:\/\/www.binder-optik.de\/tr\/hakkimizda\/sosyal-baglilik\/duenya-capinda-goezluekler\/","title":{"rendered":"D\u00fcnya \u00e7ap\u0131nda g\u00f6zl\u00fckler"},"content":{"rendered":"\n<section class=\"wp-block-custom-container alignwide block-content  block-content--spacing-top block-content--margin-top\"><style>.block-content{position:relative}.block-content--spacing-top{padding-top:2rem}@media (min-width: 992px){.block-content--spacing-top{padding-top:4rem}}.block-content--spacing-bottom{padding-bottom:2rem}@media (min-width: 992px){.block-content--spacing-bottom{padding-bottom:4rem}}.block-content--margin-top{margin-top:2rem}@media (min-width: 992px){.block-content--margin-top{margin-top:4rem}}.block-content--margin-bottom{margin-bottom:2rem}@media (min-width: 992px){.block-content--margin-bottom{margin-bottom:4rem}}.block-content.z-index{position:relative;z-index:2}.block-content .container{position:relative;z-index:1}.block-content .container--full{padding:0}.block-content .container .container{padding:2rem}@media (min-width: 992px){.block-content .container .container{padding:4rem}}.block-content .container-overlay{position:absolute;z-index:0;top:0;right:0;bottom:0;left:0}.block-content.career-container{margin-top:-8rem;z-index:2}.block-content.career-container .block-content{-webkit-box-shadow:0px 0px 15px 5px rgba(0,0,0,0.1);box-shadow:0px 0px 15px 5px rgba(0,0,0,0.1)}.block-content.career-container .wp-block-custom-column{margin-bottom:0}\n<\/style><div class=\"container container--wide\"><div class=\"container__body\">\n<h1 class=\"wp-block-heading\">G\u00f6zl\u00fck ba\u011f\u0131\u015flay\u0131n ve <strong>iyilik yap\u0131n.<\/strong><\/h1>\n<\/div><\/div><\/section>\n\n<section class=\"wp-block-custom-container alignwide block-content  block-content--spacing-top\"><div class=\"container container--wide\"><div class=\"container__body\"><style>@media (max-width: 767px){.wp-block-media-text.is-stacked-on-mobile{grid-template-columns:100% !important}.wp-block-media-text.is-stacked-on-mobile .wp-block-media-text__media{grid-column:1;grid-row:1}.wp-block-media-text.is-stacked-on-mobile .wp-block-media-text__content{grid-column:1;grid-row:2}}.wp-block-media-text .wp-block-media-text__content{padding:0;padding-left:2rem}@media (min-width: 1024px){.wp-block-media-text .wp-block-media-text__content{padding-left:6rem}}@media (max-width: 767px){.wp-block-media-text .wp-block-media-text__content{padding:0}}.wp-block-media-text.has-media-on-the-right .wp-block-media-text__content{padding:0;padding-left:unset;padding-right:2rem}@media (min-width: 1024px){.wp-block-media-text.has-media-on-the-right .wp-block-media-text__content{padding-right:6rem}}@media (max-width: 767px){.wp-block-media-text.has-media-on-the-right .wp-block-media-text__content{padding:0}}.wp-block-media-text .wp-block-media-text__media{height:unset;overflow:hidden;aspect-ratio:1 \/ 1}.wp-block-media-text .wp-block-media-text__media img{width:100%;height:100%;object-fit:cover}.wp-block-media-text.is-image-fill .wp-block-media-text__media{height:unset;min-height:unset}.wp-block-media-text.is-image-fill img{object-fit:cover}\n<\/style>\n<div class=\"wp-block-media-text alignwide is-stacked-on-mobile\"><figure class=\"wp-block-media-text__media\"><img loading=\"lazy\" decoding=\"async\" width=\"776\" height=\"532\" src=\"https:\/\/www.binder-optik.de\/wp-content\/uploads\/2023\/08\/BrillenWeltweit.jpg\" alt=\"Binder Optik\" class=\"wp-image-2270 size-full\" title=\"\" srcset=\"https:\/\/www.binder-optik.de\/wp-content\/uploads\/2023\/08\/BrillenWeltweit.jpg 776w, https:\/\/www.binder-optik.de\/wp-content\/uploads\/2023\/08\/BrillenWeltweit-300x206.jpg 300w, https:\/\/www.binder-optik.de\/wp-content\/uploads\/2023\/08\/BrillenWeltweit-768x527.jpg 768w, https:\/\/www.binder-optik.de\/wp-content\/uploads\/2023\/08\/BrillenWeltweit-524x359.jpg 524w\" sizes=\"auto, (max-width: 776px) 100vw, 776px\" \/><\/figure><div class=\"wp-block-media-text__content\">\n<div class=\"wp-block-custom-spacing spacing-element spacing-mobile--small spacing-tablet--none spacing-small-desktop--none spacing-desktop--none\"><\/div>\n\n\n\n<h2 class=\"wp-block-heading\" style=\"text-transform:none\">G\u00f6zl\u00fck ba\u011f\u0131\u015flar\u0131 neden \u00f6nemlidir?<\/h2>\n\n\n\n<p>Almanlar\u0131n neredeyse \u00fc\u00e7te ikisi g\u00f6zl\u00fck kullan\u0131yor. Genellikle birka\u00e7 y\u0131lda bir yenilerini sat\u0131n al\u0131rlar. Eski g\u00f6zl\u00fckler daha sonra \u00e7\u00f6pe at\u0131l\u0131yor ya da \u00e7ekmeceye kald\u0131r\u0131l\u0131yor. Ancak baz\u0131 \u00fclkelerde g\u00f6zl\u00fckler \u00e7ok pahal\u0131 ve birka\u00e7 ayl\u0131k maa\u015fa mal oluyor, bu da onlar\u0131 kar\u015f\u0131lanamaz hale getiriyor. Ama d\u00fczg\u00fcn g\u00f6remiyorsan\u0131z, i\u015f bulman\u0131z da \u00e7ok zor. Tahtay\u0131 ya da al\u0131\u015ft\u0131rma kitaplar\u0131n\u0131 okuyamayanlar\u0131n e\u011fitim alma \u015fans\u0131 da azal\u0131yor. \u0130\u015f ve e\u011fitim eksikli\u011fi, bir\u00e7ok insan\u0131n yoksulluk i\u00e7inde ya\u015famas\u0131 anlam\u0131na geliyor. Bir k\u0131s\u0131r d\u00f6ng\u00fc.       <\/p>\n\n\n\n<div class=\"wp-block-custom-spacing spacing-element spacing-mobile--small spacing-tablet--small spacing-small-desktop--none spacing-desktop--none\"><\/div>\n<\/div><\/div>\n<\/div><\/div><\/section>\n\n<section class=\"wp-block-custom-container alignwide block-content  block-content--spacing-top\"><div class=\"container container--wide\"><div class=\"container__body\">\n<div class=\"wp-block-media-text alignwide has-media-on-the-right is-stacked-on-mobile\"><div class=\"wp-block-media-text__content\">\n<div class=\"wp-block-custom-spacing spacing-element spacing-mobile--small spacing-tablet--none spacing-small-desktop--none spacing-desktop--none\"><\/div>\n\n\n\n<h2 class=\"wp-block-heading\" style=\"text-transform:none\">At\u0131lan bardaklara ba\u015fka bir yerde ihtiya\u00e7 vard\u0131r.<\/h2>\n\n\n\n<p>Binder Optik olarak sadece m\u00fc\u015fterilerimize ve \u00e7al\u0131\u015fanlar\u0131m\u0131za odaklanmakla kalm\u0131yor, ayn\u0131 zamanda bir aile \u015firketi olarak sosyal sorumluluk da \u00fcstleniyoruz. \u00d6rne\u011fin, Baur ailesi Alman-Malezya ili\u015fkilerine, uluslararas\u0131 t\u00fcrlerin korunmas\u0131na, y\u00fcksek \u00f6\u011frenime ve spora kendini adam\u0131\u015ft\u0131r. Ayr\u0131ca Binder Optik resmi g\u00f6zl\u00fck toplama merkezi olarak &#8220;BrillenWeltweit&#8221; kampanyas\u0131n\u0131 desteklemektedir.  <\/p>\n\n\n\n<div class=\"wp-block-buttons is-layout-flex wp-block-buttons-is-layout-flex\"><style>.wp-block-button{margin:0 0 3rem}.wp-block-button:last-child,.wp-block-button:only-child{margin-bottom:0}.wp-block-button.align-center{text-align:center}.wp-block-button.align-right{text-align:right}.wp-block-columns+.wp-block-button{margin-top:6.3rem}.wp-block-button__link{display:inline-block;padding:1.8rem 1.8rem;font-weight:600;text-align:center;text-decoration:none;color:#2B2E34;border:2px solid #FFFA00;border-radius:.5rem;background-color:#FFFA00;cursor:pointer;font-size:1.6rem;line-height:1}@media (min-width: 1380px){.wp-block-button__link{padding:1.8rem 3.8rem;font-size:1.8rem;line-height:1}}.wp-block-button:not(.is-style-link-only):not(.is-style-outline):not(.is-style-fill-secondary) .wp-block-button__link{position:relative}.wp-block-button:not(.is-style-link-only):not(.is-style-outline):not(.is-style-fill-secondary) .wp-block-button__link:hover,.wp-block-button:not(.is-style-link-only):not(.is-style-outline):not(.is-style-fill-secondary) .wp-block-button__link:focus{color:#fff;border-color:#00597E;background-color:#00597E}.wp-block-button .wp-block-button__link{transition:.2s}.is-style-fill-secondary .wp-block-button__link{color:#fff;border-color:#00597E;background-color:#00597E}.is-style-fill-secondary .wp-block-button__link:hover,.is-style-fill-secondary .wp-block-button__link:focus{color:#2B2E34;border-color:#FFFA00;background-color:#FFFA00}.is-style-outline .wp-block-button__link{padding:1.8rem 1.8rem !important;color:#00597E !important;border-color:#00597E;background-color:transparent}@media (min-width: 1380px){.is-style-outline .wp-block-button__link{padding:1.8rem 3.8rem !important}}.is-style-outline .wp-block-button__link:hover,.is-style-outline .wp-block-button__link:focus{color:#fff !important;border-color:#00597E !important;background-color:#00597E !important}.is-style-link-only .wp-block-button__link{min-width:0;padding:0;padding-right:2rem;position:relative;font-weight:600;color:#00597E;letter-spacing:0;text-transform:none;border:none;background-color:transparent;transition:color .2s,text-decoration-color .2s;font-size:1.8rem;line-height:1}.is-style-link-only .wp-block-button__link::after{content:'';display:inline-block;width:8px;height:13px;position:absolute;top:50%;right:0;transform:translate(0, -50%);background-image:url(\"https:\/\/www.binder-optik.de\/wp-content\/themes\/ATLAS\/images\/svg\/button_arrow-right_secondary.svg\");background-repeat:no-repeat;background-size:contain;transition:right 0.2s}.is-style-link-only .wp-block-button__link:hover::after,.is-style-link-only .wp-block-button__link:focus::after{right:-5px}\n<\/style>\n<div class=\"wp-block-button\"><a class=\"wp-block-button__link wp-element-button\" href=\"https:\/\/www.aga-artenschutz.de\/meeresschildkroeten.html\" target=\"_blank\" rel=\"noopener\">Daha fazla bilgi<\/a><\/div>\n<\/div>\n\n\n\n<div class=\"wp-block-custom-spacing spacing-element spacing-mobile--small spacing-tablet--small spacing-small-desktop--none spacing-desktop--none\"><\/div>\n<\/div><figure class=\"wp-block-media-text__media\"><img loading=\"lazy\" decoding=\"async\" width=\"783\" height=\"537\" src=\"https:\/\/www.binder-optik.de\/wp-content\/uploads\/2023\/08\/BrillenWeltweit-Logo.jpg\" alt=\"Binder Optik\" class=\"wp-image-2272 size-full\" title=\"\" srcset=\"https:\/\/www.binder-optik.de\/wp-content\/uploads\/2023\/08\/BrillenWeltweit-Logo.jpg 783w, https:\/\/www.binder-optik.de\/wp-content\/uploads\/2023\/08\/BrillenWeltweit-Logo-300x206.jpg 300w, https:\/\/www.binder-optik.de\/wp-content\/uploads\/2023\/08\/BrillenWeltweit-Logo-768x527.jpg 768w, https:\/\/www.binder-optik.de\/wp-content\/uploads\/2023\/08\/BrillenWeltweit-Logo-524x359.jpg 524w\" sizes=\"auto, (max-width: 783px) 100vw, 783px\" \/><\/figure><\/div>\n<\/div><\/div><\/section>\n\n<section class=\"wp-block-custom-container alignwide block-content  block-content--spacing-top\"><div class=\"container container--wide\"><div class=\"container__body\">\n<div class=\"wp-block-media-text alignwide is-stacked-on-mobile\"><figure class=\"wp-block-media-text__media\"><img loading=\"lazy\" decoding=\"async\" width=\"1024\" height=\"702\" src=\"https:\/\/www.binder-optik.de\/wp-content\/uploads\/2023\/08\/Brillensammlung-1024x702.jpg\" alt=\"Binder Optik\" class=\"wp-image-2274 size-full\" title=\"\" srcset=\"https:\/\/www.binder-optik.de\/wp-content\/uploads\/2023\/08\/Brillensammlung-1024x702.jpg 1024w, https:\/\/www.binder-optik.de\/wp-content\/uploads\/2023\/08\/Brillensammlung-906x621.jpg 906w, https:\/\/www.binder-optik.de\/wp-content\/uploads\/2023\/08\/Brillensammlung-300x206.jpg 300w, https:\/\/www.binder-optik.de\/wp-content\/uploads\/2023\/08\/Brillensammlung-768x527.jpg 768w, https:\/\/www.binder-optik.de\/wp-content\/uploads\/2023\/08\/Brillensammlung-524x359.jpg 524w, https:\/\/www.binder-optik.de\/wp-content\/uploads\/2023\/08\/Brillensammlung.jpg 1441w\" sizes=\"auto, (max-width: 1024px) 100vw, 1024px\" \/><\/figure><div class=\"wp-block-media-text__content\">\n<div class=\"wp-block-custom-spacing spacing-element spacing-mobile--small spacing-tablet--none spacing-small-desktop--none spacing-desktop--none\"><\/div>\n\n\n\n<h2 class=\"wp-block-heading\" style=\"text-transform:none\">Binder Optik bir g\u00f6zl\u00fck toplama merkezidir.<\/h2>\n\n\n\n<p>Bu ne anlama geliyor? Art\u0131k ihtiya\u00e7 <strong>duyulmayan<\/strong> ancak <strong>iyi durumda ve \u00e7al\u0131\u015f\u0131r durumda olan g\u00f6zl\u00fckler<\/strong> \u015fubelerimize teslim <strong>edilebilir<\/strong>. Ba\u011f\u0131\u015flanan t\u00fcm g\u00f6zl\u00fckleri daha sonra &#8220;BrillenWeltweit &#8220;a iletiyoruz. &#8220;BrillenWeltweit&#8221;, Deutsches Katholisches Blindenwerk e.V. (Alman Katolik K\u00f6rler Derne\u011fi) taraf\u0131ndan d\u00fczenlenen ve 40 y\u0131l\u0131 a\u015fk\u0131n bir s\u00fcredir kullan\u0131lm\u0131\u015f g\u00f6zl\u00fcklerin geli\u015fmekte olan \u00fclkelerde yeni sahiplerini bulmas\u0131n\u0131 sa\u011flayan bir kampanyad\u0131r.   <\/p>\n<\/div><\/div>\n\n\n\n<p><\/p>\n<\/div><\/div><\/section>\n\n<section class=\"wp-block-custom-container alignwide block-content  block-content--spacing-top\"><div class=\"container container--wide\"><div class=\"container__body\">\n<h2 class=\"wp-block-heading\">GlassesWorldwide&#8221; projesi.<\/h2>\n\n\n\n<p>&#8220;BrillenWeltweit &#8220;\u0131n slogan\u0131 &#8220;G\u00f6zl\u00fck ba\u011f\u0131\u015flay\u0131n &#8211; g\u00f6r\u00fc\u015f kazand\u0131r\u0131n &#8220;d\u0131r. At\u0131lan g\u00f6zl\u00fckler &#8220;BrillenWeltweit&#8221; taraf\u0131ndan merkezi olarak toplanmakta, tasnif edilmekte, temizlenmekte, yenilenmekte ve \u00f6l\u00e7\u00fclmektedir. Bu g\u00f6zl\u00fckler daha sonra bir\u00e7ok insan\u0131n g\u00f6zl\u00fck alamad\u0131\u011f\u0131 \u00fclkelere g\u00f6nderilmekte ve orada \u00fccretsiz olarak da\u011f\u0131t\u0131lmaktad\u0131r.    <\/p>\n\n\n\n<p>&#8220;BrillenWeltweit&#8221; kampanyas\u0131 hakk\u0131nda daha fazla bilgiye buradan ula\u015fabilirsiniz.<\/p>\n<\/div><\/div><\/section>\n\n<section class=\"wp-block-custom-container alignwide block-content  block-content--spacing-top\"><div class=\"container container--wide\"><div class=\"container__body\">\n<h2 class=\"wp-block-heading\">1 eylem &#8211; 3 iyi i\u015f<\/h2>\n\n\n\n<p>BrillenWeltweit&#8221; sadece geli\u015fmekte olan \u00fclkelerde g\u00f6rsel yard\u0131ma ihtiya\u00e7 duyan \u00e7ok say\u0131da insana acil ihtiya\u00e7 duyduklar\u0131 g\u00f6zl\u00fckleri sa\u011flamakla kalm\u0131yor. Kampanya ayn\u0131 zamanda Almanya&#8217;da projeye dahil olan yakla\u015f\u0131k 80 uzun s\u00fcreli i\u015fsiz insana da yeni bir bak\u0131\u015f a\u00e7\u0131s\u0131 sunuyor. Ve \u00fc\u00e7\u00fcnc\u00fc bir olumlu etki: art\u0131k \u00e7\u00f6p kutusuna daha az g\u00f6zl\u00fck at\u0131l\u0131yor ve yeniden kullan\u0131l\u0131yor. Bu da kaynaklar\u0131 koruyor ve israf\u0131 azalt\u0131yor.   <\/p>\n<\/div><\/div><\/section>\n\n<section class=\"wp-block-custom-container alignwide block-content  block-content--spacing-top block-content--spacing-bottom\"><div class=\"container container--wide\"><div class=\"container__body\">\n<section class=\"wp-block-custom-container alignwide block-content  has-gelb-background-color\" style=\"background-color:#FFFF00\"><div class=\"container container--wide\"><div class=\"container__body\"><style>.wp-block-columns.are-vertically-aligned-center{gap:1em;margin-bottom:.5rem}@media (min-width: 992px){.wp-block-columns.are-vertically-aligned-center{margin-bottom:1rem}}.wp-block-columns.are-vertically-aligned-center :last-child{margin-bottom:0}.wp-block-columns.are-vertically-aligned-center figure{margin-bottom:0}.wp-block-columns.no-margin{margin-bottom:0 !important}@media (max-width: 991px){.wp-block-columns.hide-mobile{display:none}}:where(.wp-block-columns.is-layout-flex){gap:1em}\n<\/style>\n<div class=\"wp-block-columns are-vertically-aligned-center is-layout-flex wp-container-core-columns-is-layout-1 wp-block-columns-is-layout-flex\">\n<div class=\"wp-block-column is-vertically-aligned-center is-layout-flow wp-block-column-is-layout-flow\" style=\"flex-basis:66.66%\">\n<h2 class=\"wp-block-heading\"><strong>B\u00fclten kayd\u0131<\/strong><\/h2>\n\n\n\n<p>Haber b\u00fcltenine \u015fimdi abone olun ve 20 Euro de\u011ferinde Binder Optik al\u0131\u015fveri\u015f \u00e7eki kazan\u0131n.<\/p>\n\n\n\n<div class=\"wp-block-buttons is-layout-flex wp-block-buttons-is-layout-flex\">\n<div class=\"wp-block-button is-style-fill-secondary\"><a class=\"wp-block-button__link wp-element-button\" href=\"https:\/\/www.binder-optik.de\/tr\/buelten-kaydi\/\">Kay\u0131t i\u00e7in<\/a><\/div>\n<\/div>\n<\/div>\n\n\n\n<div class=\"wp-block-column is-vertically-aligned-center is-layout-flow wp-block-column-is-layout-flow\" style=\"flex-basis:33.33%\"><style>.wp-block-image.alignright{margin:0 !important}.wp-block-image.alignleft{float:none !important}.wp-block-image .wp-element-caption{text-align:left}\n<\/style>\n<figure class=\"wp-block-image size-full\"><img loading=\"lazy\" decoding=\"async\" width=\"902\" height=\"625\" src=\"https:\/\/www.binder-optik.de\/wp-content\/uploads\/2025\/05\/2023_10_05-Newsletter-Anmeldung_433x300-1_EN.jpg\" alt=\"Binder Optik\" class=\"wp-image-19189\" title=\"\" srcset=\"https:\/\/www.binder-optik.de\/wp-content\/uploads\/2025\/05\/2023_10_05-Newsletter-Anmeldung_433x300-1_EN.jpg 902w, https:\/\/www.binder-optik.de\/wp-content\/uploads\/2025\/05\/2023_10_05-Newsletter-Anmeldung_433x300-1_EN-300x208.jpg 300w, https:\/\/www.binder-optik.de\/wp-content\/uploads\/2025\/05\/2023_10_05-Newsletter-Anmeldung_433x300-1_EN-768x532.jpg 768w, https:\/\/www.binder-optik.de\/wp-content\/uploads\/2025\/05\/2023_10_05-Newsletter-Anmeldung_433x300-1_EN-524x363.jpg 524w\" sizes=\"auto, (max-width: 902px) 100vw, 902px\" \/><\/figure>\n<\/div>\n<\/div>\n<\/div><\/div><\/section>\n<\/div><\/div><\/section>\n","protected":false},"excerpt":{"rendered":"","protected":false},"author":1,"featured_media":0,"parent":18924,"menu_order":0,"comment_status":"closed","ping_status":"closed","template":"","meta":{"_acf_changed":false,"footnotes":""},"class_list":["post-18919","page","type-page","status-publish","hentry"],"acf":[],"publishpress_future_action":{"enabled":false,"date":"2026-04-20 22:18:40","action":"change-status","newStatus":"draft","terms":[],"taxonomy":"translation_priority","extraData":[]},"publishpress_future_workflow_manual_trigger":{"enabledWorkflows":[]},"_links":{"self":[{"href":"https:\/\/www.binder-optik.de\/tr\/wp-json\/wp\/v2\/pages\/18919","targetHints":{"allow":["GET"]}}],"collection":[{"href":"https:\/\/www.binder-optik.de\/tr\/wp-json\/wp\/v2\/pages"}],"about":[{"href":"https:\/\/www.binder-optik.de\/tr\/wp-json\/wp\/v2\/types\/page"}],"author":[{"embeddable":true,"href":"https:\/\/www.binder-optik.de\/tr\/wp-json\/wp\/v2\/users\/1"}],"replies":[{"embeddable":true,"href":"https:\/\/www.binder-optik.de\/tr\/wp-json\/wp\/v2\/comments?post=18919"}],"version-history":[{"count":1,"href":"https:\/\/www.binder-optik.de\/tr\/wp-json\/wp\/v2\/pages\/18919\/revisions"}],"predecessor-version":[{"id":18921,"href":"https:\/\/www.binder-optik.de\/tr\/wp-json\/wp\/v2\/pages\/18919\/revisions\/18921"}],"up":[{"embeddable":true,"href":"https:\/\/www.binder-optik.de\/tr\/wp-json\/wp\/v2\/pages\/18924"}],"wp:attachment":[{"href":"https:\/\/www.binder-optik.de\/tr\/wp-json\/wp\/v2\/media?parent=18919"}],"curies":[{"name":"wp","href":"https:\/\/api.w.org\/{rel}","templated":true}]}}