{"id":18907,"date":"2023-08-28T11:21:23","date_gmt":"2023-08-28T09:21:23","guid":{"rendered":"https:\/\/www.binder-optik.de\/tuerlerin-korunmasina-baglilik\/"},"modified":"2025-04-17T12:17:07","modified_gmt":"2025-04-17T10:17:07","slug":"tuerlerin-korunmasina-baglilik","status":"publish","type":"page","link":"https:\/\/www.binder-optik.de\/tr\/hakkimizda\/sosyal-baglilik\/tuerlerin-korunmasina-baglilik\/","title":{"rendered":"T\u00fcrlerin korunmas\u0131na ba\u011fl\u0131l\u0131k"},"content":{"rendered":"\n<section class=\"wp-block-custom-container alignwide block-content  block-content--spacing-top block-content--margin-top\"><style>.block-content{position:relative}.block-content--spacing-top{padding-top:2rem}@media (min-width: 992px){.block-content--spacing-top{padding-top:4rem}}.block-content--spacing-bottom{padding-bottom:2rem}@media (min-width: 992px){.block-content--spacing-bottom{padding-bottom:4rem}}.block-content--margin-top{margin-top:2rem}@media (min-width: 992px){.block-content--margin-top{margin-top:4rem}}.block-content--margin-bottom{margin-bottom:2rem}@media (min-width: 992px){.block-content--margin-bottom{margin-bottom:4rem}}.block-content.z-index{position:relative;z-index:2}.block-content .container{position:relative;z-index:1}.block-content .container--full{padding:0}.block-content .container .container{padding:2rem}@media (min-width: 992px){.block-content .container .container{padding:4rem}}.block-content .container-overlay{position:absolute;z-index:0;top:0;right:0;bottom:0;left:0}.block-content.career-container{margin-top:-8rem;z-index:2}.block-content.career-container .block-content{-webkit-box-shadow:0px 0px 15px 5px rgba(0,0,0,0.1);box-shadow:0px 0px 15px 5px rgba(0,0,0,0.1)}.block-content.career-container .wp-block-custom-column{margin-bottom:0}\n<\/style><div class=\"container container--wide\"><div class=\"container__body\">\n<h1 class=\"wp-block-heading\"><strong>T\u00fcrlerin korunmas\u0131na<\/strong> olan ba\u011fl\u0131l\u0131\u011f\u0131m\u0131z <strong>.<\/strong><\/h1>\n<\/div><\/div><\/section>\n\n<section class=\"wp-block-custom-container alignwide block-content  block-content--spacing-top\"><div class=\"container container--wide\"><div class=\"container__body\"><style>@media (max-width: 767px){.wp-block-media-text.is-stacked-on-mobile{grid-template-columns:100% !important}.wp-block-media-text.is-stacked-on-mobile .wp-block-media-text__media{grid-column:1;grid-row:1}.wp-block-media-text.is-stacked-on-mobile .wp-block-media-text__content{grid-column:1;grid-row:2}}.wp-block-media-text .wp-block-media-text__content{padding:0;padding-left:2rem}@media (min-width: 1024px){.wp-block-media-text .wp-block-media-text__content{padding-left:6rem}}@media (max-width: 767px){.wp-block-media-text .wp-block-media-text__content{padding:0}}.wp-block-media-text.has-media-on-the-right .wp-block-media-text__content{padding:0;padding-left:unset;padding-right:2rem}@media (min-width: 1024px){.wp-block-media-text.has-media-on-the-right .wp-block-media-text__content{padding-right:6rem}}@media (max-width: 767px){.wp-block-media-text.has-media-on-the-right .wp-block-media-text__content{padding:0}}.wp-block-media-text .wp-block-media-text__media{height:unset;overflow:hidden;aspect-ratio:1 \/ 1}.wp-block-media-text .wp-block-media-text__media img{width:100%;height:100%;object-fit:cover}.wp-block-media-text.is-image-fill .wp-block-media-text__media{height:unset;min-height:unset}.wp-block-media-text.is-image-fill img{object-fit:cover}\n<\/style>\n<div class=\"wp-block-media-text alignwide is-stacked-on-mobile\"><figure class=\"wp-block-media-text__media\"><img loading=\"lazy\" decoding=\"async\" width=\"783\" height=\"537\" src=\"https:\/\/www.binder-optik.de\/wp-content\/uploads\/2023\/08\/pexels-richard-segal-1618606_783x537.jpg\" alt=\"Binder Optik\" class=\"wp-image-2259 size-full\" title=\"\" srcset=\"https:\/\/www.binder-optik.de\/wp-content\/uploads\/2023\/08\/pexels-richard-segal-1618606_783x537.jpg 783w, https:\/\/www.binder-optik.de\/wp-content\/uploads\/2023\/08\/pexels-richard-segal-1618606_783x537-300x206.jpg 300w, https:\/\/www.binder-optik.de\/wp-content\/uploads\/2023\/08\/pexels-richard-segal-1618606_783x537-768x527.jpg 768w, https:\/\/www.binder-optik.de\/wp-content\/uploads\/2023\/08\/pexels-richard-segal-1618606_783x537-524x359.jpg 524w\" sizes=\"auto, (max-width: 783px) 100vw, 783px\" \/><\/figure><div class=\"wp-block-media-text__content\">\n<div class=\"wp-block-custom-spacing spacing-element spacing-mobile--small spacing-tablet--none spacing-small-desktop--none spacing-desktop--none\"><\/div>\n\n\n\n<h2 class=\"wp-block-heading\" style=\"text-transform:none\">Oftalmik <strong>optikte kalkan plakas\u0131 <\/strong>.<\/h2>\n\n\n\n<p>Kaplumba\u011fa kabu\u011fu, baz\u0131 deniz kaplumba\u011fas\u0131 t\u00fcrlerinin s\u0131rt kabu\u011funun boynuz pullar\u0131ndan elde edilir. Bu nedenle hayvanlar, <strong>di\u011fer \u015feylerin<\/strong> yan\u0131 s\u0131ra <strong>kaplumba\u011fa kabu\u011fundan g\u00f6zl\u00fck \u00e7er\u00e7evesi<\/strong> yapmak i\u00e7in avlanm\u0131\u015ft\u0131r <strong>.<\/strong>  <\/p>\n\n\n\n<p>T\u00fcrlerin ve do\u011fan\u0131n korunmas\u0131 her zaman kalbimizde yer ald\u0131\u011f\u0131ndan, Baur ailesi 1980&#8217;lerden bu yana deniz kaplumba\u011falar\u0131n\u0131n korunmas\u0131 i\u00e7in kampanya y\u00fcr\u00fct\u00fcyor ve <strong>kaplumba\u011fa kabuklar\u0131n\u0131n ticaretinin yasaklanmas\u0131nda etkili<\/strong> oldu <strong>.<\/strong><\/p>\n\n\n\n<div class=\"wp-block-custom-spacing spacing-element spacing-mobile--small spacing-tablet--small spacing-small-desktop--none spacing-desktop--none\"><\/div>\n<\/div><\/div>\n<\/div><\/div><\/section>\n\n<section class=\"wp-block-custom-container alignwide block-content  block-content--spacing-top\"><div class=\"container container--wide\"><div class=\"container__body\">\n<div class=\"wp-block-media-text alignwide has-media-on-the-right is-stacked-on-mobile\"><div class=\"wp-block-media-text__content\">\n<div class=\"wp-block-custom-spacing spacing-element spacing-mobile--small spacing-tablet--none spacing-small-desktop--none spacing-desktop--none\"><\/div>\n\n\n\n<h2 class=\"wp-block-heading\" style=\"text-transform:none\"><strong>Kaplumba\u011falar\u0131<\/strong> kurtar\u0131n <strong>.<\/strong><\/h2>\n\n\n\n<p>1981&#8217;de Bali adas\u0131nda yapt\u0131klar\u0131 bir tatil s\u0131ras\u0131nda deniz kaplumba\u011falar\u0131n\u0131n ac\u0131mas\u0131zca katledilmesine tan\u0131k olan Brigitte ve G\u00fcnther Peter \u00e7ifti, ayn\u0131 y\u0131l &#8220;Kaplumba\u011falar\u0131 Kurtar\u0131n&#8221; kampanyas\u0131n\u0131 ba\u015flatm\u0131\u015f ve 1986&#8217;da aralar\u0131nda Baur ailesinin de bulundu\u011fu kararl\u0131 destek\u00e7ileriyle birlikte Aktionsgemeinschaft Artenschutz (AGA) e.V.&#8217;yi kurmu\u015ftur.<\/p>\n\n\n\n<div class=\"wp-block-buttons is-layout-flex wp-block-buttons-is-layout-flex\"><style>.wp-block-button{margin:0 0 3rem}.wp-block-button:last-child,.wp-block-button:only-child{margin-bottom:0}.wp-block-button.align-center{text-align:center}.wp-block-button.align-right{text-align:right}.wp-block-columns+.wp-block-button{margin-top:6.3rem}.wp-block-button__link{display:inline-block;padding:1.8rem 1.8rem;font-weight:600;text-align:center;text-decoration:none;color:#2B2E34;border:2px solid #FFFA00;border-radius:.5rem;background-color:#FFFA00;cursor:pointer;font-size:1.6rem;line-height:1}@media (min-width: 1380px){.wp-block-button__link{padding:1.8rem 3.8rem;font-size:1.8rem;line-height:1}}.wp-block-button:not(.is-style-link-only):not(.is-style-outline):not(.is-style-fill-secondary) .wp-block-button__link{position:relative}.wp-block-button:not(.is-style-link-only):not(.is-style-outline):not(.is-style-fill-secondary) .wp-block-button__link:hover,.wp-block-button:not(.is-style-link-only):not(.is-style-outline):not(.is-style-fill-secondary) .wp-block-button__link:focus{color:#fff;border-color:#00597E;background-color:#00597E}.wp-block-button .wp-block-button__link{transition:.2s}.is-style-fill-secondary .wp-block-button__link{color:#fff;border-color:#00597E;background-color:#00597E}.is-style-fill-secondary .wp-block-button__link:hover,.is-style-fill-secondary .wp-block-button__link:focus{color:#2B2E34;border-color:#FFFA00;background-color:#FFFA00}.is-style-outline .wp-block-button__link{padding:1.8rem 1.8rem !important;color:#00597E !important;border-color:#00597E;background-color:transparent}@media (min-width: 1380px){.is-style-outline .wp-block-button__link{padding:1.8rem 3.8rem !important}}.is-style-outline .wp-block-button__link:hover,.is-style-outline .wp-block-button__link:focus{color:#fff !important;border-color:#00597E !important;background-color:#00597E !important}.is-style-link-only .wp-block-button__link{min-width:0;padding:0;padding-right:2rem;position:relative;font-weight:600;color:#00597E;letter-spacing:0;text-transform:none;border:none;background-color:transparent;transition:color .2s,text-decoration-color .2s;font-size:1.8rem;line-height:1}.is-style-link-only .wp-block-button__link::after{content:'';display:inline-block;width:8px;height:13px;position:absolute;top:50%;right:0;transform:translate(0, -50%);background-image:url(\"https:\/\/www.binder-optik.de\/wp-content\/themes\/ATLAS\/images\/svg\/button_arrow-right_secondary.svg\");background-repeat:no-repeat;background-size:contain;transition:right 0.2s}.is-style-link-only .wp-block-button__link:hover::after,.is-style-link-only .wp-block-button__link:focus::after{right:-5px}\n<\/style>\n<div class=\"wp-block-button\"><a class=\"wp-block-button__link wp-element-button\" href=\"https:\/\/www.aga-artenschutz.de\/meeresschildkroeten.html\" target=\"_blank\" rel=\"noopener\">Daha fazla bilgi<\/a><\/div>\n<\/div>\n\n\n\n<div class=\"wp-block-custom-spacing spacing-element spacing-mobile--small spacing-tablet--small spacing-small-desktop--none spacing-desktop--none\"><\/div>\n<\/div><figure class=\"wp-block-media-text__media\"><img loading=\"lazy\" decoding=\"async\" width=\"783\" height=\"537\" src=\"https:\/\/www.binder-optik.de\/wp-content\/uploads\/2023\/08\/pexels-daniel-torobekov-10498908_783x537.png\" alt=\"Binder Optik\" class=\"wp-image-2261 size-full\" title=\"\" srcset=\"https:\/\/www.binder-optik.de\/wp-content\/uploads\/2023\/08\/pexels-daniel-torobekov-10498908_783x537.png 783w, https:\/\/www.binder-optik.de\/wp-content\/uploads\/2023\/08\/pexels-daniel-torobekov-10498908_783x537-300x206.png 300w, https:\/\/www.binder-optik.de\/wp-content\/uploads\/2023\/08\/pexels-daniel-torobekov-10498908_783x537-768x527.png 768w, https:\/\/www.binder-optik.de\/wp-content\/uploads\/2023\/08\/pexels-daniel-torobekov-10498908_783x537-524x359.png 524w\" sizes=\"auto, (max-width: 783px) 100vw, 783px\" \/><\/figure><\/div>\n<\/div><\/div><\/section>\n\n<section class=\"wp-block-custom-container alignwide block-content  block-content--spacing-top\"><div class=\"container container--wide\"><div class=\"container__body\">\n<div class=\"wp-block-media-text alignwide is-stacked-on-mobile\"><figure class=\"wp-block-media-text__media\"><img loading=\"lazy\" decoding=\"async\" width=\"1024\" height=\"683\" src=\"https:\/\/www.binder-optik.de\/wp-content\/uploads\/2023\/08\/Urkunde_1500x1000-1024x683.jpg\" alt=\"Binder Optik\" class=\"wp-image-2262 size-full\" title=\"\" srcset=\"https:\/\/www.binder-optik.de\/wp-content\/uploads\/2023\/08\/Urkunde_1500x1000-1024x683.jpg 1024w, https:\/\/www.binder-optik.de\/wp-content\/uploads\/2023\/08\/Urkunde_1500x1000-906x604.jpg 906w, https:\/\/www.binder-optik.de\/wp-content\/uploads\/2023\/08\/Urkunde_1500x1000-300x200.jpg 300w, https:\/\/www.binder-optik.de\/wp-content\/uploads\/2023\/08\/Urkunde_1500x1000-768x512.jpg 768w, https:\/\/www.binder-optik.de\/wp-content\/uploads\/2023\/08\/Urkunde_1500x1000-524x349.jpg 524w, https:\/\/www.binder-optik.de\/wp-content\/uploads\/2023\/08\/Urkunde_1500x1000.jpg 1500w\" sizes=\"auto, (max-width: 1024px) 100vw, 1024px\" \/><\/figure><div class=\"wp-block-media-text__content\">\n<div class=\"wp-block-custom-spacing spacing-element spacing-mobile--small spacing-tablet--none spacing-small-desktop--none spacing-desktop--none\"><\/div>\n\n\n\n<h2 class=\"wp-block-heading\" style=\"text-transform:none\">Bu <strong>g\u00fcne ba\u011fl\u0131l\u0131k <\/strong>.<\/h2>\n\n\n\n<p>AGA projeleri, kaplumba\u011fa yuvalar\u0131n\u0131n av bek\u00e7ileri, okul ziyaretleri ve eylem g\u00fcnleri taraf\u0131ndan korunmas\u0131ndan, naylon bal\u0131k a\u011flar\u0131n\u0131n hayvanlar taraf\u0131ndan daha g\u00f6r\u00fcn\u00fcr olan ve bu nedenle \u00f6nlenebilen pamuklu alternatiflerle de\u011fi\u015ftirilmesine kadar uzanmaktad\u0131r.<\/p>\n\n\n\n<p>Bu hayvanlar\u0131n nesli, hedef d\u0131\u015f\u0131 avlanma, yasad\u0131\u015f\u0131 yaban hayat\u0131 ticareti, okyanuslar\u0131n kirlenmesi ve yuvalama davran\u0131\u015flar\u0131n\u0131n bozulmas\u0131 nedeniyle halen t\u00fckenme tehdidi alt\u0131ndad\u0131r.  <strong>Binder Optik Bu nedenle AGA&#8217;y\u0131 bir proje sponsorlu\u011fu ile desteklemektedir.<\/strong><\/p>\n\n\n\n<div class=\"wp-block-custom-spacing spacing-element spacing-mobile--small spacing-tablet--small spacing-small-desktop--none spacing-desktop--none\"><\/div>\n<\/div><\/div>\n<\/div><\/div><\/section>\n\n<section class=\"wp-block-custom-container alignwide block-content  block-content--spacing-top block-content--spacing-bottom\"><div class=\"container container--wide\"><div class=\"container__body\">\n<section class=\"wp-block-custom-container alignwide block-content  has-gelb-background-color\" style=\"background-color:#FFFF00\"><div class=\"container container--wide\"><div class=\"container__body\"><style>.wp-block-columns.are-vertically-aligned-center{gap:1em;margin-bottom:.5rem}@media (min-width: 992px){.wp-block-columns.are-vertically-aligned-center{margin-bottom:1rem}}.wp-block-columns.are-vertically-aligned-center :last-child{margin-bottom:0}.wp-block-columns.are-vertically-aligned-center figure{margin-bottom:0}.wp-block-columns.no-margin{margin-bottom:0 !important}@media (max-width: 991px){.wp-block-columns.hide-mobile{display:none}}:where(.wp-block-columns.is-layout-flex){gap:1em}\n<\/style>\n<div class=\"wp-block-columns are-vertically-aligned-center is-layout-flex wp-container-core-columns-is-layout-1 wp-block-columns-is-layout-flex\">\n<div class=\"wp-block-column is-vertically-aligned-center is-layout-flow wp-block-column-is-layout-flow\" style=\"flex-basis:66.66%\">\n<h2 class=\"wp-block-heading\"><strong>B\u00fclten kayd\u0131<\/strong><\/h2>\n\n\n\n<p>Haber b\u00fcltenine \u015fimdi abone olun ve 20 Euro de\u011ferinde Binder Optik al\u0131\u015fveri\u015f \u00e7eki kazan\u0131n.<\/p>\n\n\n\n<div class=\"wp-block-buttons is-layout-flex wp-block-buttons-is-layout-flex\">\n<div class=\"wp-block-button is-style-fill-secondary\"><a class=\"wp-block-button__link wp-element-button\" href=\"https:\/\/www.binder-optik.de\/tr\/buelten-kaydi\/\">Kay\u0131t i\u00e7in<\/a><\/div>\n<\/div>\n<\/div>\n\n\n\n<div class=\"wp-block-column is-vertically-aligned-center is-layout-flow wp-block-column-is-layout-flow\" style=\"flex-basis:33.33%\"><style>.wp-block-image.alignright{margin:0 !important}.wp-block-image.alignleft{float:none !important}.wp-block-image .wp-element-caption{text-align:left}\n<\/style>\n<figure class=\"wp-block-image size-full\"><img loading=\"lazy\" decoding=\"async\" width=\"902\" height=\"625\" src=\"https:\/\/www.binder-optik.de\/wp-content\/uploads\/2025\/05\/2023_10_05-Newsletter-Anmeldung_433x300-1_EN.jpg\" alt=\"Binder Optik\" class=\"wp-image-19189\" title=\"\" srcset=\"https:\/\/www.binder-optik.de\/wp-content\/uploads\/2025\/05\/2023_10_05-Newsletter-Anmeldung_433x300-1_EN.jpg 902w, https:\/\/www.binder-optik.de\/wp-content\/uploads\/2025\/05\/2023_10_05-Newsletter-Anmeldung_433x300-1_EN-300x208.jpg 300w, https:\/\/www.binder-optik.de\/wp-content\/uploads\/2025\/05\/2023_10_05-Newsletter-Anmeldung_433x300-1_EN-768x532.jpg 768w, https:\/\/www.binder-optik.de\/wp-content\/uploads\/2025\/05\/2023_10_05-Newsletter-Anmeldung_433x300-1_EN-524x363.jpg 524w\" sizes=\"auto, (max-width: 902px) 100vw, 902px\" \/><\/figure>\n<\/div>\n<\/div>\n<\/div><\/div><\/section>\n<\/div><\/div><\/section>\n","protected":false},"excerpt":{"rendered":"","protected":false},"author":1,"featured_media":0,"parent":18924,"menu_order":0,"comment_status":"closed","ping_status":"closed","template":"","meta":{"_acf_changed":false,"footnotes":""},"class_list":["post-18907","page","type-page","status-publish","hentry"],"acf":[],"publishpress_future_action":{"enabled":false,"date":"2026-04-22 10:50:32","action":"change-status","newStatus":"draft","terms":[],"taxonomy":"translation_priority","extraData":[]},"publishpress_future_workflow_manual_trigger":{"enabledWorkflows":[]},"_links":{"self":[{"href":"https:\/\/www.binder-optik.de\/tr\/wp-json\/wp\/v2\/pages\/18907","targetHints":{"allow":["GET"]}}],"collection":[{"href":"https:\/\/www.binder-optik.de\/tr\/wp-json\/wp\/v2\/pages"}],"about":[{"href":"https:\/\/www.binder-optik.de\/tr\/wp-json\/wp\/v2\/types\/page"}],"author":[{"embeddable":true,"href":"https:\/\/www.binder-optik.de\/tr\/wp-json\/wp\/v2\/users\/1"}],"replies":[{"embeddable":true,"href":"https:\/\/www.binder-optik.de\/tr\/wp-json\/wp\/v2\/comments?post=18907"}],"version-history":[{"count":1,"href":"https:\/\/www.binder-optik.de\/tr\/wp-json\/wp\/v2\/pages\/18907\/revisions"}],"predecessor-version":[{"id":18911,"href":"https:\/\/www.binder-optik.de\/tr\/wp-json\/wp\/v2\/pages\/18907\/revisions\/18911"}],"up":[{"embeddable":true,"href":"https:\/\/www.binder-optik.de\/tr\/wp-json\/wp\/v2\/pages\/18924"}],"wp:attachment":[{"href":"https:\/\/www.binder-optik.de\/tr\/wp-json\/wp\/v2\/media?parent=18907"}],"curies":[{"name":"wp","href":"https:\/\/api.w.org\/{rel}","templated":true}]}}