{"id":18896,"date":"2023-08-28T11:10:57","date_gmt":"2023-08-28T09:10:57","guid":{"rendered":"https:\/\/www.binder-optik.de\/haberler\/"},"modified":"2025-04-17T12:17:06","modified_gmt":"2025-04-17T10:17:06","slug":"haberler","status":"publish","type":"page","link":"https:\/\/www.binder-optik.de\/tr\/haberler\/","title":{"rendered":"Haberler"},"content":{"rendered":"\n<section class=\"wp-block-custom-container alignwide block-content  block-content--spacing-top block-content--spacing-bottom block-content--margin-top\"><style>.block-content{position:relative}.block-content--spacing-top{padding-top:2rem}@media (min-width: 992px){.block-content--spacing-top{padding-top:4rem}}.block-content--spacing-bottom{padding-bottom:2rem}@media (min-width: 992px){.block-content--spacing-bottom{padding-bottom:4rem}}.block-content--margin-top{margin-top:2rem}@media (min-width: 992px){.block-content--margin-top{margin-top:4rem}}.block-content--margin-bottom{margin-bottom:2rem}@media (min-width: 992px){.block-content--margin-bottom{margin-bottom:4rem}}.block-content.z-index{position:relative;z-index:2}.block-content .container{position:relative;z-index:1}.block-content .container--full{padding:0}.block-content .container .container{padding:2rem}@media (min-width: 992px){.block-content .container .container{padding:4rem}}.block-content .container-overlay{position:absolute;z-index:0;top:0;right:0;bottom:0;left:0}.block-content.career-container{margin-top:-8rem;z-index:2}.block-content.career-container .block-content{-webkit-box-shadow:0px 0px 15px 5px rgba(0,0,0,0.1);box-shadow:0px 0px 15px 5px rgba(0,0,0,0.1)}.block-content.career-container .wp-block-custom-column{margin-bottom:0}\n<\/style><div class=\"container container--wide\"><div class=\"container__body\">\n<h1 class=\"wp-block-heading\"><strong>Haber makaleleri<\/strong> <\/h1>\n<\/div><\/div><\/section>\n\n<section class=\"wp-block-custom-container alignwide block-content has-grau-background-color block-content--spacing-top block-content--spacing-bottom\" style=\"background-color:#f5f5f5\"><div class=\"container container--wide\"><div class=\"container__body\"><section class=\"block-archive\">\n    <style>.block-archive__wrapper{display:flex;flex-flow:row wrap;margin:0 -1rem}.block-archive .single-news{width:100%}@media (min-width: 550px){.block-archive .single-news{width:50%}}@media (min-width: 1024px){.block-archive .single-news{width:33.33%}}@media (min-width: 1380px){.block-archive .single-news{width:25%}}.block-archive .single-news__wrapper{margin:0 1rem 2rem}.block-archive__pagination{display:flex;justify-content:center;width:100%;text-align:center}.block-archive__pagination .page-numbers{display:flex;align-items:center;justify-content:center;width:3.5rem;height:3.5rem;margin:0 .5rem;font-weight:700;color:#00597E;border-radius:3.5rem}.block-archive__pagination .page-numbers.current{color:#fff;background-color:#00597E}\n<\/style>    <div class=\"block-archive__container\">\n        <div class=\"block-archive__wrapper\">\n        <a href=\"https:\/\/www.binder-optik.de\/tr\/gelecek-guevence-altinda-optik-siegert-oldu-binder-optik-7\/\" class=\"single-news\">\n\t<style>.single-news{display:block;margin:0 0 2rem;outline:0}.single-news:hover .single-news__container{-webkit-box-shadow:0px 0px 15px 5px rgba(0,0,0,0.075);box-shadow:0px 0px 15px 5px rgba(0,0,0,0.075)}.single-news:hover .single-news__title{color:#2B2E34;text-decoration-color:#2B2E34}.single-news__wrapper{height:100%}.single-news__container{position:relative;height:100%;padding:2rem;background-color:#fff}@media (min-width: 1024px){.single-news__container{padding-bottom:2rem}}.single-news__date{display:block;margin:0 0 1rem;font-weight:600;color:#00597E;font-size:1.4rem;line-height:1}@media (min-width: 992px){.single-news__date{font-size:1.6rem;line-height:1}}.single-news__title{display:block;text-decoration:1px underline transparent;text-underline-offset:3px;transition:0.2s ease;margin:0 0 .5rem}.single-news__img{margin:0 0 1.5rem}.single-news__img img{aspect-ratio:1 \/ 1;object-fit:cover;width:100%}.single-news__desc{display:block;margin:0 0 2.3rem}\n<\/style>\t<div class=\"single-news__wrapper\">\n\t\t<div class=\"single-news__container\">\n\t\t\t\t\t<figure class=\"single-news__img\"><img loading=\"lazy\" decoding=\"async\" width=\"760\" height=\"542\" src=\"https:\/\/www.binder-optik.de\/wp-content\/uploads\/2026\/02\/b_IMG_8034_ohne_spruch-760x542.jpg\" class=\"attachment-news-image size-news-image wp-post-image\" alt=\"Binder Optik\" title=\"\"><\/figure>\n\t\t\t\t\t<div class=\"single-news__content\">\n\t\t\t\t<time class=\"single-news__date\" datetime=\"03. \u015eubat 2026\">03. \u015eubat 2026<\/time>\n\t\t\t\t<span class=\"single-news__title\" role=\"heading\">Ansbach&#8217;ta yeni: Werner Optik&#8217;i Binder Optik takip ediyor<\/span>\n\t\t\t<\/div>\n\t\t<\/div>\n\t<\/div>\n<\/a>\n<a href=\"https:\/\/www.binder-optik.de\/tr\/gelecek-guevence-altinda-optik-siegert-oldu-binder-optik-6\/\" class=\"single-news\">\n\t\t<div class=\"single-news__wrapper\">\n\t\t<div class=\"single-news__container\">\n\t\t\t\t\t<figure class=\"single-news__img\"><img loading=\"lazy\" decoding=\"async\" width=\"760\" height=\"542\" src=\"https:\/\/www.binder-optik.de\/wp-content\/uploads\/2025\/10\/TVB-760x542.jpg\" class=\"attachment-news-image size-news-image wp-post-image\" alt=\"Binder Optik\" title=\"\"><\/figure>\n\t\t\t\t\t<div class=\"single-news__content\">\n\t\t\t\t<time class=\"single-news__date\" datetime=\"31. Ekim 2025\">31. Ekim 2025<\/time>\n\t\t\t\t<span class=\"single-news__title\" role=\"heading\">\u0130yi bir se\u00e7im: Binder Optik TVB Stuttgart&#8217;\u0131n yeni \u00fcst d\u00fczey orta\u011f\u0131<\/span>\n\t\t\t<\/div>\n\t\t<\/div>\n\t<\/div>\n<\/a>\n<a href=\"https:\/\/www.binder-optik.de\/tr\/gelecek-guevence-altinda-optik-siegert-oldu-binder-optik-5\/\" class=\"single-news\">\n\t\t<div class=\"single-news__wrapper\">\n\t\t<div class=\"single-news__container\">\n\t\t\t\t\t<figure class=\"single-news__img\"><img loading=\"lazy\" decoding=\"async\" width=\"295\" height=\"295\" src=\"https:\/\/www.binder-optik.de\/wp-content\/uploads\/2025\/10\/Vorschau-Siegel-News.png\" class=\"attachment-news-image size-news-image wp-post-image\" alt=\"Binder Optik\" srcset=\"https:\/\/www.binder-optik.de\/wp-content\/uploads\/2025\/10\/Vorschau-Siegel-News.png 295w, https:\/\/www.binder-optik.de\/wp-content\/uploads\/2025\/10\/Vorschau-Siegel-News-150x150.png 150w, https:\/\/www.binder-optik.de\/wp-content\/uploads\/2025\/10\/Vorschau-Siegel-News-123x123.png 123w\" sizes=\"auto, (max-width: 295px) 100vw, 295px\" title=\"\"><\/figure>\n\t\t\t\t\t<div class=\"single-news__content\">\n\t\t\t\t<time class=\"single-news__date\" datetime=\"15. Ekim 2025\">15. Ekim 2025<\/time>\n\t\t\t\t<span class=\"single-news__title\" role=\"heading\">Be\u015f y\u0131ld\u0131r zirvede: Binder Optik bir kez daha &#8220;En Y\u00fcksek M\u00fc\u015fteri Memnuniyeti&#8221; \u00f6d\u00fcl\u00fcne lay\u0131k g\u00f6r\u00fcld\u00fc.<\/span>\n\t\t\t<\/div>\n\t\t<\/div>\n\t<\/div>\n<\/a>\n<a href=\"https:\/\/www.binder-optik.de\/tr\/gelecek-guevence-altinda-optik-siegert-oldu-binder-optik-4\/\" class=\"single-news\">\n\t\t<div class=\"single-news__wrapper\">\n\t\t<div class=\"single-news__container\">\n\t\t\t\t\t<figure class=\"single-news__img\"><img loading=\"lazy\" decoding=\"async\" width=\"760\" height=\"542\" src=\"https:\/\/www.binder-optik.de\/wp-content\/uploads\/2025\/10\/vlnr_Dr.-Helmut-Baur_-Pierre-Enric-Steiger_-Dominic-Baur-760x542.jpg\" class=\"attachment-news-image size-news-image wp-post-image\" alt=\"Binder Optik\" title=\"\"><\/figure>\n\t\t\t\t\t<div class=\"single-news__content\">\n\t\t\t\t<time class=\"single-news__date\" datetime=\"10. Ekim 2025\">10. Ekim 2025<\/time>\n\t\t\t\t<span class=\"single-news__title\" role=\"heading\">Daha iyisi olamaz! Binder Optik, Almanya&#8217;n\u0131n en iyi optik\u00e7isi se\u00e7ildi!<\/span>\n\t\t\t<\/div>\n\t\t<\/div>\n\t<\/div>\n<\/a>\n<a href=\"https:\/\/www.binder-optik.de\/tr\/gelecek-guevence-altinda-optik-siegert-oldu-binder-optik-3\/\" class=\"single-news\">\n\t\t<div class=\"single-news__wrapper\">\n\t\t<div class=\"single-news__container\">\n\t\t\t\t\t<figure class=\"single-news__img\"><img loading=\"lazy\" decoding=\"async\" width=\"760\" height=\"542\" src=\"https:\/\/www.binder-optik.de\/wp-content\/uploads\/2025\/09\/Siegel_DT_Deutschlands-Beste_2025_8-Jahre_Binder-Optik-760x542.jpg\" class=\"attachment-news-image size-news-image wp-post-image\" alt=\"Binder Optik\" title=\"\"><\/figure>\n\t\t\t\t\t<div class=\"single-news__content\">\n\t\t\t\t<time class=\"single-news__date\" datetime=\"09. Eyl\u00fcl 2025\">09. Eyl\u00fcl 2025<\/time>\n\t\t\t\t<span class=\"single-news__title\" role=\"heading\">Daha iyi olamazd\u0131! Binder Optik yeniden Almanya&#8217;n\u0131n en iyi g\u00f6zl\u00fck\u00e7\u00fcs\u00fc se\u00e7ildi!<\/span>\n\t\t\t<\/div>\n\t\t<\/div>\n\t<\/div>\n<\/a>\n<a href=\"https:\/\/www.binder-optik.de\/tr\/gelecek-guevence-altinda-optik-siegert-oldu-binder-optik-2\/\" class=\"single-news\">\n\t\t<div class=\"single-news__wrapper\">\n\t\t<div class=\"single-news__container\">\n\t\t\t\t\t<figure class=\"single-news__img\"><img loading=\"lazy\" decoding=\"async\" width=\"760\" height=\"542\" src=\"https:\/\/www.binder-optik.de\/wp-content\/uploads\/2025\/04\/Viernheim-titelbild-25-04-25-760x542.jpg\" class=\"attachment-news-image size-news-image wp-post-image\" alt=\"Binder Optik\" title=\"\"><\/figure>\n\t\t\t\t\t<div class=\"single-news__content\">\n\t\t\t\t<time class=\"single-news__date\" datetime=\"01. Nisan 2025\">01. Nisan 2025<\/time>\n\t\t\t\t<span class=\"single-news__title\" role=\"heading\">Yeni isim, ayn\u0131 kalp: Augenmass Opticdesign, Binder Optik oldu<\/span>\n\t\t\t<\/div>\n\t\t<\/div>\n\t<\/div>\n<\/a>\n<a href=\"https:\/\/www.binder-optik.de\/tr\/gelecek-guevence-altinda-optik-siegert-oldu-binder-optik\/\" class=\"single-news\">\n\t\t<div class=\"single-news__wrapper\">\n\t\t<div class=\"single-news__container\">\n\t\t\t\t\t<figure class=\"single-news__img\"><img loading=\"lazy\" decoding=\"async\" width=\"760\" height=\"542\" src=\"https:\/\/www.binder-optik.de\/wp-content\/uploads\/2025\/02\/Mannheim-Feudenheim-Fil80_01-760x542.jpg\" class=\"attachment-news-image size-news-image wp-post-image\" alt=\"Binder Optik\" title=\"\"><\/figure>\n\t\t\t\t\t<div class=\"single-news__content\">\n\t\t\t\t<time class=\"single-news__date\" datetime=\"30. Ocak 2025\">30. Ocak 2025<\/time>\n\t\t\t\t<span class=\"single-news__title\" role=\"heading\">Gelecek g\u00fcvence alt\u0131nda: Optik Siegert oldu Binder Optik<\/span>\n\t\t\t<\/div>\n\t\t<\/div>\n\t<\/div>\n<\/a>\n<a href=\"https:\/\/www.binder-optik.de\/tr\/gurur-duyuyoruz-binder-optik-yilin-sirketi-2025\/\" class=\"single-news\">\n\t\t<div class=\"single-news__wrapper\">\n\t\t<div class=\"single-news__container\">\n\t\t\t\t\t<figure class=\"single-news__img\"><img loading=\"lazy\" decoding=\"async\" width=\"760\" height=\"542\" src=\"https:\/\/www.binder-optik.de\/wp-content\/uploads\/2025\/03\/Bild-Dominic-Baur-Helmut-Baur-760x542.jpg\" class=\"attachment-news-image size-news-image wp-post-image\" alt=\"Binder Optik\" title=\"\"><\/figure>\n\t\t\t\t\t<div class=\"single-news__content\">\n\t\t\t\t<time class=\"single-news__date\" datetime=\"10. Ocak 2025\">10. Ocak 2025<\/time>\n\t\t\t\t<span class=\"single-news__title\" role=\"heading\">Gurur duyuyoruz! Binder Optik &#8220;Y\u0131l\u0131n \u015eirketi&#8221; 2025<\/span>\n\t\t\t<\/div>\n\t\t<\/div>\n\t<\/div>\n<\/a>\n<a href=\"https:\/\/www.binder-optik.de\/tr\/sizin-icin-yeni-binder-optik-goez-muayenesi\/\" class=\"single-news\">\n\t\t<div class=\"single-news__wrapper\">\n\t\t<div class=\"single-news__container\">\n\t\t\t\t\t<figure class=\"single-news__img\"><img loading=\"lazy\" decoding=\"async\" width=\"760\" height=\"542\" src=\"https:\/\/www.binder-optik.de\/wp-content\/uploads\/2024\/11\/ocumeda-2024-11-28-760x542.jpg\" class=\"attachment-news-image size-news-image wp-post-image\" alt=\"Binder Optik\" title=\"\"><\/figure>\n\t\t\t\t\t<div class=\"single-news__content\">\n\t\t\t\t<time class=\"single-news__date\" datetime=\"28. Kas\u0131m 2024\">28. Kas\u0131m 2024<\/time>\n\t\t\t\t<span class=\"single-news__title\" role=\"heading\">Sizin i\u00e7in yeni: Binder Optik g\u00f6z muayenesi<\/span>\n\t\t\t<\/div>\n\t\t<\/div>\n\t<\/div>\n<\/a>\n<a href=\"https:\/\/www.binder-optik.de\/tr\/bir-vurusta-yedi-binder-optik-bir-kez-daha-almanyanin-en-iyisi-kalite-muehrue-ile-oeduellendirildi\/\" class=\"single-news\">\n\t\t<div class=\"single-news__wrapper\">\n\t\t<div class=\"single-news__container\">\n\t\t\t\t\t<figure class=\"single-news__img\"><img loading=\"lazy\" decoding=\"async\" width=\"760\" height=\"542\" src=\"https:\/\/www.binder-optik.de\/wp-content\/uploads\/2024\/10\/Siegel_Beitragsbild-760x542.jpg\" class=\"attachment-news-image size-news-image wp-post-image\" alt=\"Binder Optik\" title=\"\"><\/figure>\n\t\t\t\t\t<div class=\"single-news__content\">\n\t\t\t\t<time class=\"single-news__date\" datetime=\"30. Ekim 2024\">30. Ekim 2024<\/time>\n\t\t\t\t<span class=\"single-news__title\" role=\"heading\">Bir vuru\u015fta yedi! Binder Optik bir kez daha &#8220;Almanya&#8217;n\u0131n En \u0130yisi&#8221; kalite m\u00fchr\u00fc ile \u00f6d\u00fcllendirildi.<\/span>\n\t\t\t<\/div>\n\t\t<\/div>\n\t<\/div>\n<\/a>\n<a href=\"https:\/\/www.binder-optik.de\/tr\/binder-optik-2024-ueniversite-oeduelue-tamara-beile-verildi\/\" class=\"single-news\">\n\t\t<div class=\"single-news__wrapper\">\n\t\t<div class=\"single-news__container\">\n\t\t\t\t\t<figure class=\"single-news__img\"><img loading=\"lazy\" decoding=\"async\" width=\"760\" height=\"542\" src=\"https:\/\/www.binder-optik.de\/wp-content\/uploads\/2024\/11\/Hochschulpreis-Aalen-2024-760x542.jpg\" class=\"attachment-news-image size-news-image wp-post-image\" alt=\"Binder Optik\" title=\"\"><\/figure>\n\t\t\t\t\t<div class=\"single-news__content\">\n\t\t\t\t<time class=\"single-news__date\" datetime=\"29. Ekim 2024\">29. Ekim 2024<\/time>\n\t\t\t\t<span class=\"single-news__title\" role=\"heading\">Binder Optik 2024 \u00dcniversite \u00d6d\u00fcl\u00fc Tamara Beil&#8217;e verildi.<\/span>\n\t\t\t<\/div>\n\t\t<\/div>\n\t<\/div>\n<\/a>\n<a href=\"https:\/\/www.binder-optik.de\/tr\/modernizasyon-sonrasi-yeni-acilis-breuningerlanddaki-sindelfingende-bulunan-binder-optik-uzman-magazasi\/\" class=\"single-news\">\n\t\t<div class=\"single-news__wrapper\">\n\t\t<div class=\"single-news__container\">\n\t\t\t\t\t<figure class=\"single-news__img\"><img loading=\"lazy\" decoding=\"async\" width=\"760\" height=\"542\" src=\"https:\/\/www.binder-optik.de\/wp-content\/uploads\/2024\/11\/DSC03374_0189-760x542.jpg\" class=\"attachment-news-image size-news-image wp-post-image\" alt=\"Binder Optik\" title=\"\"><\/figure>\n\t\t\t\t\t<div class=\"single-news__content\">\n\t\t\t\t<time class=\"single-news__date\" datetime=\"24. Ekim 2024\">24. Ekim 2024<\/time>\n\t\t\t\t<span class=\"single-news__title\" role=\"heading\">Modernizasyon sonras\u0131 yeni a\u00e7\u0131l\u0131\u015f: Breuningerland&#8217;daki Sindelfingen&#8217;de bulunan Binder Optik uzman ma\u011fazas\u0131.<\/span>\n\t\t\t<\/div>\n\t\t<\/div>\n\t<\/div>\n<\/a>\n\n        <div class=\"block-archive__pagination\">\n        <span aria-current=\"page\" class=\"page-numbers current\">1<\/span>\n<a class=\"page-numbers\" href=\"https:\/\/www.binder-optik.de\/tr\/wp-json\/wp\/v2\/pages\/18896\/page\/2\/\">2<\/a>\n<span class=\"page-numbers dots\">&hellip;<\/span>\n<a class=\"page-numbers\" href=\"https:\/\/www.binder-optik.de\/tr\/wp-json\/wp\/v2\/pages\/18896\/page\/6\/\">6<\/a>\n<a class=\"page-numbers\" href=\"https:\/\/www.binder-optik.de\/tr\/wp-json\/wp\/v2\/pages\/18896\/page\/7\/\">7<\/a>        <\/div>\n                <\/div>\n    <\/div>\n<\/section>\n<\/div><\/div><\/section>\n","protected":false},"excerpt":{"rendered":"","protected":false},"author":13,"featured_media":0,"parent":0,"menu_order":0,"comment_status":"closed","ping_status":"closed","template":"","meta":{"_acf_changed":false,"footnotes":""},"class_list":["post-18896","page","type-page","status-publish","hentry"],"acf":[],"publishpress_future_action":{"enabled":false,"date":"2026-04-22 10:51:05","action":"change-status","newStatus":"draft","terms":[],"taxonomy":"translation_priority","extraData":[]},"publishpress_future_workflow_manual_trigger":{"enabledWorkflows":[]},"_links":{"self":[{"href":"https:\/\/www.binder-optik.de\/tr\/wp-json\/wp\/v2\/pages\/18896","targetHints":{"allow":["GET"]}}],"collection":[{"href":"https:\/\/www.binder-optik.de\/tr\/wp-json\/wp\/v2\/pages"}],"about":[{"href":"https:\/\/www.binder-optik.de\/tr\/wp-json\/wp\/v2\/types\/page"}],"author":[{"embeddable":true,"href":"https:\/\/www.binder-optik.de\/tr\/wp-json\/wp\/v2\/users\/13"}],"replies":[{"embeddable":true,"href":"https:\/\/www.binder-optik.de\/tr\/wp-json\/wp\/v2\/comments?post=18896"}],"version-history":[{"count":1,"href":"https:\/\/www.binder-optik.de\/tr\/wp-json\/wp\/v2\/pages\/18896\/revisions"}],"predecessor-version":[{"id":18900,"href":"https:\/\/www.binder-optik.de\/tr\/wp-json\/wp\/v2\/pages\/18896\/revisions\/18900"}],"wp:attachment":[{"href":"https:\/\/www.binder-optik.de\/tr\/wp-json\/wp\/v2\/media?parent=18896"}],"curies":[{"name":"wp","href":"https:\/\/api.w.org\/{rel}","templated":true}]}}