{"id":18837,"date":"2023-08-09T13:42:00","date_gmt":"2023-08-09T11:42:00","guid":{"rendered":"https:\/\/www.binder-optik.de\/uzmanlasmis-magazalarimizdaki-meslekler\/"},"modified":"2025-05-16T10:02:01","modified_gmt":"2025-05-16T08:02:01","slug":"uzmanlasmis-magazalarimizdaki-meslekler","status":"publish","type":"page","link":"https:\/\/www.binder-optik.de\/tr\/kariyer-2\/uzmanlasmis-magazalarimizdaki-meslekler\/","title":{"rendered":"Uzmanla\u015fm\u0131\u015f ma\u011fazalar\u0131m\u0131zdaki meslekler"},"content":{"rendered":"\n<section class=\"wp-block-custom-container alignwide block-content  block-content--spacing-top block-content--spacing-bottom block-content--margin-top\"><style>.block-content{position:relative}.block-content--spacing-top{padding-top:2rem}@media (min-width: 992px){.block-content--spacing-top{padding-top:4rem}}.block-content--spacing-bottom{padding-bottom:2rem}@media (min-width: 992px){.block-content--spacing-bottom{padding-bottom:4rem}}.block-content--margin-top{margin-top:2rem}@media (min-width: 992px){.block-content--margin-top{margin-top:4rem}}.block-content--margin-bottom{margin-bottom:2rem}@media (min-width: 992px){.block-content--margin-bottom{margin-bottom:4rem}}.block-content.z-index{position:relative;z-index:2}.block-content .container{position:relative;z-index:1}.block-content .container--full{padding:0}.block-content .container .container{padding:2rem}@media (min-width: 992px){.block-content .container .container{padding:4rem}}.block-content .container-overlay{position:absolute;z-index:0;top:0;right:0;bottom:0;left:0}.block-content.career-container{margin-top:-8rem;z-index:2;pointer-events:none}.block-content.career-container .block-content{pointer-events:all;-webkit-box-shadow:0px 0px 15px 5px rgba(0,0,0,0.1);box-shadow:0px 0px 15px 5px rgba(0,0,0,0.1)}.block-content.career-container .wp-block-custom-column{margin-bottom:0}\n<\/style><div class=\"container container--wide\"><div class=\"container__body\">\n<h1 class=\"wp-block-heading\"><strong>Uzmanla\u015fm\u0131\u015f<\/strong> bir <strong>ma\u011fazada<\/strong> \u00e7al\u0131\u015fmak<\/h1>\n\n\n\n<p>Binder Optik adresinde, hayatlar\u0131n\u0131n her a\u015famas\u0131ndaki \u00e7al\u0131\u015fanlara yer vard\u0131r. \u0130ster e\u011fitimini yeni tamamlam\u0131\u015f bir kalfa olun, ister uzun y\u0131llara dayanan mesleki deneyime sahip bir uzman &#8211; bizim i\u00e7in \u00f6nemli olan mesle\u011fe olan tutkunuz ve kendi bilgi ve becerilerinizi s\u00fcrekli olarak geli\u015ftirme arzunuzdur. <\/p>\n<\/div><\/div><\/section>\n\n\n\n<section class=\"wp-block-custom-container alignwide block-content has-grau-background-color block-content--spacing-top\" style=\"background-color:#f5f5f5\"><div class=\"container container--wide\"><div class=\"container__body\">\n<div class=\"wp-block-custom-columns columns-row row small-gutter\"><style>.columns-row--spacing-top{padding-top:2rem}@media (min-width: 992px){.columns-row--spacing-top{padding-top:4rem}}.columns-row--spacing-bottom{padding-bottom:2rem}@media (min-width: 992px){.columns-row--spacing-bottom{padding-bottom:4rem}}.columns-row--margin-top{margin-top:2rem}@media (min-width: 992px){.columns-row--margin-top{margin-top:4rem}}.columns-row--margin-bottom{margin-bottom:2rem}@media (min-width: 992px){.columns-row--margin-bottom{margin-bottom:4rem}}\n<\/style>\n<div class=\"wp-block-custom-column col col-12 col-md-6 col-lg-4 col-xl-4 order-1 order-lg-1\"><a class=\"acf-block block-polaroid align block-polaroid--full\" href=\"https:\/\/www.binder-optik.de\/tr\/kariyer\/uzmanlasmis-magazalarimizdaki-meslekler\/usta-optisyen-sube-mueduerue-e-k-d\/\" target=\"_self\">\n\n\t<style>.block-polaroid{position:relative;display:block !important;min-height:100%;padding:1rem;background-color:#fff;overflow:hidden}@media (min-width: 1200px){.block-polaroid{padding:2rem}}.block-polaroid__row{position:relative;display:flex;flex-wrap:wrap;z-index:1}.block-polaroid__content{margin:0 0 1rem}@media (min-width: 992px){.block-polaroid__content{margin:0 0 2rem}}.block-polaroid__content h2,.block-polaroid__content h3,.block-polaroid__content h4{font-size:2rem;line-height:1.3;margin-bottom:0;text-decoration:2px underline transparent;text-underline-offset:2px;transition:0.2s ease;hyphens:auto}@media (min-width: 992px){.block-polaroid__content h2,.block-polaroid__content h3,.block-polaroid__content h4{font-size:2.5rem;line-height:1.28;margin-bottom:.5rem;text-underline-offset:4px}}@media (min-width: 1200px){.block-polaroid__content h2,.block-polaroid__content h3,.block-polaroid__content h4{hyphens:unset}}.block-polaroid__img-wrapper{flex:0 0 100%;display:flex;justify-content:center;align-items:center;margin-bottom:1rem;text-align:center}@media (min-width: 1024px){.block-polaroid__img-wrapper{margin-bottom:2rem}}.block-polaroid__img-wrapper img{width:100%;height:100%;object-fit:cover;aspect-ratio:306 \/ 229}.block-polaroid--full .block-polaroid__img-wrapper{max-width:100%}.block-polaroid--full .block-polaroid__img-wrapper img{width:100%;height:auto;object-fit:unset}.block-polaroid__content-wrapper{flex:0 0 100%;max-width:100%}.block-polaroid--full .block-polaroid__content-wrapper{max-width:100%}a.block-polaroid .block-polaroid__link{display:none;position:relative;width:3rem;height:2.5rem}@media (min-width: 1024px){a.block-polaroid .block-polaroid__link{display:block}}a.block-polaroid:hover .block-polaroid{-webkit-box-shadow:0px 0px 15px 5px rgba(0,0,0,0.1);box-shadow:0px 0px 15px 5px rgba(0,0,0,0.1)}a.block-polaroid:hover .block-polaroid__content{color:#2B2E34}a.block-polaroid:hover .block-polaroid__content h2,a.block-polaroid:hover .block-polaroid__content h3,a.block-polaroid:hover .block-polaroid__content h4{text-decoration-color:#2B2E34}\n<\/style>\t<div class=\"block-polaroid__row\">\n\t\t\t<div class=\"block-polaroid__content-wrapper\">\n\t\t\t\t\t<div class=\"block-polaroid__content\"><h3><strong>Usta optisyen\/\u015fube m\u00fcd\u00fcr\u00fc (<\/strong> e\/k\/d)<\/h3>\n<p>Daha fazlas\u0131 i\u00e7in haz\u0131r m\u0131s\u0131n\u0131z? Uzmanla\u015fm\u0131\u015f bir ma\u011faza ve ekip i\u00e7in sorumluluk almak isteyen kararl\u0131 y\u00f6neticiler ar\u0131yoruz. <\/p>\n<\/div>\n\t\t\t\t\t\t\t<div class=\"block-polaroid__link\"><\/div>\n\t\t\t\t<\/div>\n\t<\/div>\n<\/a>\n<\/div>\n\n\n\n<div class=\"wp-block-custom-column col col-12 col-md-6 col-lg-4 col-xl-4 order-1 order-lg-1\"><a class=\"acf-block block-polaroid align block-polaroid--full\" href=\"https:\/\/www.binder-optik.de\/tr\/kariyer\/uzmanlasmis-magazalarimizdaki-meslekler\/usta-goezluekcue\/\" target=\"_self\">\n\n\t\t<div class=\"block-polaroid__row\">\n\t\t\t<div class=\"block-polaroid__content-wrapper\">\n\t\t\t\t\t<div class=\"block-polaroid__content\"><h3><strong>Usta optisyen (<\/strong> e\/k\/d)<\/h3>\n<p>Yeni bir meydan okuma m\u0131 ar\u0131yorsunuz? Taze d\u00fc\u015f\u00fcnce ve enerjik eylem yoluyla fark yaratmak isteyen cesur ki\u015filikler ar\u0131yoruz. <\/p>\n<\/div>\n\t\t\t\t\t\t\t<div class=\"block-polaroid__link\"><\/div>\n\t\t\t\t<\/div>\n\t<\/div>\n<\/a>\n<\/div>\n\n\n\n<div class=\"wp-block-custom-column col col-12 col-md-6 col-lg-4 col-xl-4 order-1 order-lg-1\"><a class=\"acf-block block-polaroid align block-polaroid--full\" href=\"https:\/\/www.binder-optik.de\/tr\/kariyer\/uzmanlasmis-magazalarimizdaki-meslekler\/kalfa-optisyen-e-k-d\/\" target=\"_self\">\n\n\t\t<div class=\"block-polaroid__row\">\n\t\t\t<div class=\"block-polaroid__content-wrapper\">\n\t\t\t\t\t<div class=\"block-polaroid__content\"><h3><strong>Kalfa optisyen (<\/strong> e\/k\/d)<\/h3>\n<p>Zanaat\u0131n\u0131z\u0131 ya\u015f\u0131yor ve seviyor musunuz? Oftalmik optik tutkumuzu payla\u015fan, motivasyonu y\u00fcksek \u00e7al\u0131\u015fanlar ar\u0131yoruz. <\/p>\n<\/div>\n\t\t\t\t\t\t\t<div class=\"block-polaroid__link\"><\/div>\n\t\t\t\t<\/div>\n\t<\/div>\n<\/a>\n<\/div>\n\n\n\n<div class=\"wp-block-custom-column col col-12 col-md-6 col-lg-4 col-xl-4 order-1 order-lg-1\"><a class=\"acf-block block-polaroid align block-polaroid--full\" href=\"https:\/\/www.binder-optik.de\/tr\/kariyer\/uzmanlasmis-magazalarimizdaki-meslekler\/usta-isitme-cihazi-akustikcisi-e-k-d\/\" target=\"_self\">\n\n\t\t<div class=\"block-polaroid__row\">\n\t\t\t<div class=\"block-polaroid__content-wrapper\">\n\t\t\t\t\t<div class=\"block-polaroid__content\"><h3><strong>Usta \u0130\u015fitme Cihaz\u0131 Akustik\u00e7isi (<\/strong> e\/k\/d)<\/h3>\n<p>Modern, iyi donan\u0131ml\u0131 bir i\u015fitme cihaz\u0131 st\u00fcdyosu arayan bir \u0130\u015fitme Cihaz\u0131 Akustik Uzman\u0131 (m \/ f \/ d) m\u0131s\u0131n\u0131z? Yeni i\u015f yeriniz bizde! Optometriye ek olarak, belirli lokasyonlarda i\u015fitme akusti\u011fi de sunuyoruz.  <\/p>\n<\/div>\n\t\t\t\t\t\t\t<div class=\"block-polaroid__link\"><\/div>\n\t\t\t\t<\/div>\n\t<\/div>\n<\/a>\n<\/div>\n\n\n\n<div class=\"wp-block-custom-column col col-12 col-md-6 col-lg-4 col-xl-4 order-1 order-lg-1\"><a class=\"acf-block block-polaroid align block-polaroid--full\" href=\"https:\/\/www.binder-optik.de\/tr\/kariyer\/uzmanlasmis-magazalarimizdaki-meslekler\/isitme-cihazi-akustik-uzman-yardimcisi-e-k-d\/\" target=\"_self\">\n\n\t\t<div class=\"block-polaroid__row\">\n\t\t\t<div class=\"block-polaroid__content-wrapper\">\n\t\t\t\t\t<div class=\"block-polaroid__content\"><h3><strong>\u0130\u015fitme cihaz\u0131 akustik uzman yard\u0131mc\u0131s\u0131 (<\/strong> e\/k\/d)<\/h3>\n<p>Modern ve iyi donan\u0131ml\u0131 bir i\u015fitme cihaz\u0131 st\u00fcdyosu arayan kalfa bir i\u015fitme cihaz\u0131 akustik\u00e7isi (m \/ f \/ d) misiniz? Yeni i\u015f yeriniz bizde! Optometriye ek olarak, belirli lokasyonlarda i\u015fitme akusti\u011fi de sunuyoruz.  <\/p>\n<\/div>\n\t\t\t\t\t\t\t<div class=\"block-polaroid__link\"><\/div>\n\t\t\t\t<\/div>\n\t<\/div>\n<\/a>\n<\/div>\n\n\n\n<div class=\"wp-block-custom-column col col-12 col-md-6 col-lg-4 col-xl-4 order-1 order-lg-1\"><a class=\"acf-block block-polaroid align block-polaroid--full\" href=\"https:\/\/www.binder-optik.de\/tr\/kariyer\/uzmanlasmis-magazalarimizdaki-meslekler\/satis-danismani-e-k-d\/\" target=\"_self\">\n\n\t\t<div class=\"block-polaroid__row\">\n\t\t\t<div class=\"block-polaroid__content-wrapper\">\n\t\t\t\t\t<div class=\"block-polaroid__content\"><h3><strong>Sat\u0131\u015f Dan\u0131\u015fman\u0131 (<\/strong> e\/k\/d)<\/h3>\n<p>Oftalmik optikle ilgileniyor ve g\u00f6zl\u00fck, moda ve trendler konusunda hevesli misiniz? Tak\u0131m ruhuna ve m\u00fc\u015fterilere dan\u0131\u015fmanl\u0131k yapma tutkusuna sahip sempatik sat\u0131\u015f yetenekleri ar\u0131yoruz. <\/p>\n<\/div>\n\t\t\t\t\t\t\t<div class=\"block-polaroid__link\"><\/div>\n\t\t\t\t<\/div>\n\t<\/div>\n<\/a>\n<\/div>\n<\/div>\n\n\n\n<div class=\"wp-block-custom-spacing spacing-element spacing-mobile--small spacing-tablet--small spacing-small-desktop--small spacing-desktop--small\"><\/div>\n<\/div><\/div><\/section>\n\n\n\n<section class=\"wp-block-custom-container alignwide block-content  block-content--spacing-top block-content--spacing-bottom\"><div class=\"container container--wide\"><div class=\"container__body\">\n<h2 class=\"wp-block-heading\">T\u00fcm <strong>a\u00e7\u0131k pozisyon<\/strong>lara genel bak\u0131\u015f\u0131m\u0131z\u0131 ke\u015ffedin<\/h2>\n\n\n\n<p>D\u00fczenli olarak optisyenler, optometri ve ticari sekt\u00f6rde stajyerler veya B\u00f6blingen&#8217;deki merkez ofisimizde \u00e7e\u015fitli yerlerde destek ar\u0131yoruz. Burada Binder Optik adresindeki t\u00fcm a\u00e7\u0131k pozisyonlara genel bir bak\u0131\u015f bulabilirsiniz. <\/p>\n\n\n\n<div class=\"wp-block-buttons is-layout-flex wp-block-buttons-is-layout-flex\"><style>.wp-block-button{margin:0 0 3rem}.wp-block-button:last-child,.wp-block-button:only-child{margin-bottom:0}.wp-block-button.align-center{text-align:center}.wp-block-button.align-right{text-align:right}.wp-block-columns+.wp-block-button{margin-top:6.3rem}.wp-block-button__link{display:inline-block;padding:1.8rem 1.8rem;font-weight:600;text-align:center;text-decoration:none;color:#2B2E34;border:2px solid #FFFA00;border-radius:.5rem;background-color:#FFFA00;cursor:pointer;font-size:1.6rem;line-height:1}@media (min-width: 1380px){.wp-block-button__link{padding:1.8rem 3.8rem;font-size:1.8rem;line-height:1}}.wp-block-button:not(.is-style-link-only):not(.is-style-outline):not(.is-style-fill-secondary) .wp-block-button__link{position:relative}.wp-block-button:not(.is-style-link-only):not(.is-style-outline):not(.is-style-fill-secondary) .wp-block-button__link:hover,.wp-block-button:not(.is-style-link-only):not(.is-style-outline):not(.is-style-fill-secondary) .wp-block-button__link:focus{color:#fff;border-color:#00597E;background-color:#00597E}.wp-block-button .wp-block-button__link{transition:.2s}.is-style-fill-secondary .wp-block-button__link{color:#fff;border-color:#00597E;background-color:#00597E}.is-style-fill-secondary .wp-block-button__link:hover,.is-style-fill-secondary .wp-block-button__link:focus{color:#2B2E34;border-color:#FFFA00;background-color:#FFFA00}.is-style-outline .wp-block-button__link{padding:1.8rem 1.8rem !important;color:#00597E !important;border-color:#00597E;background-color:transparent}@media (min-width: 1380px){.is-style-outline .wp-block-button__link{padding:1.8rem 3.8rem !important}}.is-style-outline .wp-block-button__link:hover,.is-style-outline .wp-block-button__link:focus{color:#fff !important;border-color:#00597E !important;background-color:#00597E !important}.is-style-link-only .wp-block-button__link{min-width:0;padding:0;padding-right:2rem;position:relative;font-weight:600;color:#00597E;letter-spacing:0;text-transform:none;border:none;background-color:transparent;transition:color .2s,text-decoration-color .2s;font-size:1.8rem;line-height:1}.is-style-link-only .wp-block-button__link::after{content:'';display:inline-block;width:8px;height:13px;position:absolute;top:50%;right:0;transform:translate(0, -50%);background-image:url(\"https:\/\/www.binder-optik.de\/wp-content\/themes\/ATLAS\/images\/svg\/button_arrow-right_secondary.svg\");background-repeat:no-repeat;background-size:contain;transition:right 0.2s}.is-style-link-only .wp-block-button__link:hover::after,.is-style-link-only .wp-block-button__link:focus::after{right:-5px}\n<\/style>\n<div class=\"wp-block-button\"><a class=\"wp-block-button__link wp-element-button\" href=\"https:\/\/www.binder-optik.de\/tr\/kariyer\/acik-pozisyonlar\/\">\u015eimdi ba\u015fvurun!<\/a><\/div>\n<\/div>\n<\/div><\/div><\/section>\n","protected":false},"excerpt":{"rendered":"","protected":false},"author":1,"featured_media":0,"parent":30452,"menu_order":0,"comment_status":"closed","ping_status":"closed","template":"","meta":{"_acf_changed":false,"footnotes":""},"class_list":["post-18837","page","type-page","status-publish","hentry"],"acf":[],"publishpress_future_action":{"enabled":false,"date":"2026-05-18 12:48:31","action":"change-status","newStatus":"draft","terms":[],"taxonomy":"translation_priority","extraData":[]},"publishpress_future_workflow_manual_trigger":{"enabledWorkflows":[]},"_links":{"self":[{"href":"https:\/\/www.binder-optik.de\/tr\/wp-json\/wp\/v2\/pages\/18837","targetHints":{"allow":["GET"]}}],"collection":[{"href":"https:\/\/www.binder-optik.de\/tr\/wp-json\/wp\/v2\/pages"}],"about":[{"href":"https:\/\/www.binder-optik.de\/tr\/wp-json\/wp\/v2\/types\/page"}],"author":[{"embeddable":true,"href":"https:\/\/www.binder-optik.de\/tr\/wp-json\/wp\/v2\/users\/1"}],"replies":[{"embeddable":true,"href":"https:\/\/www.binder-optik.de\/tr\/wp-json\/wp\/v2\/comments?post=18837"}],"version-history":[{"count":3,"href":"https:\/\/www.binder-optik.de\/tr\/wp-json\/wp\/v2\/pages\/18837\/revisions"}],"predecessor-version":[{"id":19981,"href":"https:\/\/www.binder-optik.de\/tr\/wp-json\/wp\/v2\/pages\/18837\/revisions\/19981"}],"up":[{"embeddable":true,"href":"https:\/\/www.binder-optik.de\/tr\/wp-json\/wp\/v2\/pages\/30452"}],"wp:attachment":[{"href":"https:\/\/www.binder-optik.de\/tr\/wp-json\/wp\/v2\/media?parent=18837"}],"curies":[{"name":"wp","href":"https:\/\/api.w.org\/{rel}","templated":true}]}}