{"id":18725,"date":"2023-09-01T14:49:30","date_gmt":"2023-09-01T12:49:30","guid":{"rendered":"https:\/\/www.binder-optik.de\/buelten-kaydi\/"},"modified":"2025-05-14T12:37:15","modified_gmt":"2025-05-14T10:37:15","slug":"buelten-kaydi","status":"publish","type":"page","link":"https:\/\/www.binder-optik.de\/tr\/buelten-kaydi\/","title":{"rendered":"B\u00fclten kayd\u0131"},"content":{"rendered":"\n<section class=\"wp-block-custom-container alignwide block-content  block-content--spacing-top block-content--margin-top\"><style>.block-content{position:relative}.block-content--spacing-top{padding-top:2rem}@media (min-width: 992px){.block-content--spacing-top{padding-top:4rem}}.block-content--spacing-bottom{padding-bottom:2rem}@media (min-width: 992px){.block-content--spacing-bottom{padding-bottom:4rem}}.block-content--margin-top{margin-top:2rem}@media (min-width: 992px){.block-content--margin-top{margin-top:4rem}}.block-content--margin-bottom{margin-bottom:2rem}@media (min-width: 992px){.block-content--margin-bottom{margin-bottom:4rem}}.block-content.z-index{position:relative;z-index:2}.block-content .container{position:relative;z-index:1}.block-content .container--full{padding:0}.block-content .container .container{padding:2rem}@media (min-width: 992px){.block-content .container .container{padding:4rem}}.block-content .container-overlay{position:absolute;z-index:0;top:0;right:0;bottom:0;left:0}.block-content.career-container{margin-top:-8rem;z-index:2;pointer-events:none}.block-content.career-container .block-content{pointer-events:all;-webkit-box-shadow:0px 0px 15px 5px rgba(0,0,0,0.1);box-shadow:0px 0px 15px 5px rgba(0,0,0,0.1)}.block-content.career-container .wp-block-custom-column{margin-bottom:0}\n<\/style><div class=\"container container--wide\"><div class=\"container__body\">\n<h1 class=\"wp-block-heading\">20 Euro&#8217;luk al\u0131\u015fveri\u015f \u00e7eki* kazan\u0131n ve <strong>\u00fccretsiz Binder b\u00fcltenimize abone olun<\/strong><\/h1>\n\n\n\n<ul class=\"wp-block-list\">\n<li>Sadece b\u00fclten abonelerine \u00f6zel kuponlar ve indirimler<\/li>\n\n\n\n<li>G\u00f6zl\u00fck modas\u0131ndan ilham al\u0131n<\/li>\n\n\n\n<li>Marka \u00fcreticilerimizden yenilikler ve \u00fcr\u00fcnler<\/li>\n\n\n\n<li>G\u00f6zl\u00fck kullan\u0131c\u0131lar\u0131 i\u00e7in tavsiye ve bilgi<\/li>\n<\/ul>\n\n\n\n<div class=\"wp-block-custom-spacing spacing-element spacing-mobile--small spacing-tablet--small spacing-small-desktop--small spacing-desktop--small\"><\/div>\n\n\n\n<section class=\"wp-block-custom-container alignwide block-content has-bo-gr-n-2-background-color\" style=\"background-color:#96cfbf\"><div class=\"container container--wide\"><div class=\"container__body\"><style>@media (max-width: 767px){.wp-block-media-text.is-stacked-on-mobile{grid-template-columns:100% !important}.wp-block-media-text.is-stacked-on-mobile .wp-block-media-text__media{grid-column:1;grid-row:1}.wp-block-media-text.is-stacked-on-mobile .wp-block-media-text__content{grid-column:1;grid-row:2}}.wp-block-media-text .wp-block-media-text__content{padding:0;padding-left:2rem}@media (min-width: 1024px){.wp-block-media-text .wp-block-media-text__content{padding-left:6rem}}@media (max-width: 767px){.wp-block-media-text .wp-block-media-text__content{padding:0}}.wp-block-media-text.has-media-on-the-right .wp-block-media-text__content{padding:0;padding-left:unset;padding-right:2rem}@media (min-width: 1024px){.wp-block-media-text.has-media-on-the-right .wp-block-media-text__content{padding-right:6rem}}@media (max-width: 767px){.wp-block-media-text.has-media-on-the-right .wp-block-media-text__content{padding:0}}.wp-block-media-text .wp-block-media-text__media{height:unset;overflow:hidden;aspect-ratio:1 \/ 1}.wp-block-media-text .wp-block-media-text__media img{width:100%;height:100%;object-fit:cover}.wp-block-media-text.is-image-fill .wp-block-media-text__media{height:unset;min-height:unset}.wp-block-media-text.is-image-fill img{object-fit:cover}\n<\/style>\n<div class=\"wp-block-media-text alignwide has-media-on-the-right is-stacked-on-mobile is-vertically-aligned-center\" style=\"grid-template-columns:auto 40%\"><div class=\"wp-block-media-text__content\">\n<div class=\"wp-block-custom-spacing spacing-element spacing-mobile--small spacing-tablet--small spacing-small-desktop--small spacing-desktop--small\"><\/div>\n\n\n<style>.wp-block-columns.are-vertically-aligned-center{gap:1em;margin-bottom:.5rem}@media (min-width: 992px){.wp-block-columns.are-vertically-aligned-center{margin-bottom:1rem}}.wp-block-columns.are-vertically-aligned-center :last-child{margin-bottom:0}.wp-block-columns.are-vertically-aligned-center figure{margin-bottom:0}.wp-block-columns.no-margin{margin-bottom:0 !important}@media (max-width: 991px){.wp-block-columns.hide-mobile{display:none}}:where(.wp-block-columns.is-layout-flex){gap:1em}\n<\/style>\n<div class=\"wp-block-columns is-layout-flex wp-container-core-columns-is-layout-1 wp-block-columns-is-layout-flex\">\n<div class=\"wp-block-column is-layout-flow wp-block-column-is-layout-flow\" style=\"flex-basis:85%\">\n<h2 class=\"wp-block-heading\">Hi\u00e7bir \u015feyi ka\u00e7\u0131rmay\u0131n ve <strong>20 Euro&#8217;luk<\/strong> <strong>hediye \u00e7eki<\/strong> kaz <strong>an\u0131n*<\/strong><\/h2>\n\n\n\n<script charset=\"utf-8\" type=\"text\/javascript\" src=\"\/\/js-eu1.hsforms.net\/forms\/embed\/v2.js\"><\/script>\n<script>\n  hbspt.forms.create({\n    portalId: \"25117726\",\n    formId: \"7f8c74b6-078c-42a0-964f-3cc721d31775\",\n    region: \"eu1\"\n  });\n<\/script>\n<\/div>\n<\/div>\n\n\n\n<div class=\"wp-block-custom-spacing spacing-element spacing-mobile--none spacing-tablet--none spacing-small-desktop--small spacing-desktop--small\"><\/div>\n<\/div><figure class=\"wp-block-media-text__media\"><img loading=\"lazy\" decoding=\"async\" width=\"1024\" height=\"1024\" src=\"https:\/\/www.binder-optik.de\/wp-content\/uploads\/2023\/12\/2023_12_14-Bild-Newsletter-1024x1024.jpg\" alt=\"Binder Optik\" class=\"wp-image-6116 size-full\" title=\"\" srcset=\"https:\/\/www.binder-optik.de\/wp-content\/uploads\/2023\/12\/2023_12_14-Bild-Newsletter-1024x1024.jpg 1024w, https:\/\/www.binder-optik.de\/wp-content\/uploads\/2023\/12\/2023_12_14-Bild-Newsletter-300x300.jpg 300w, https:\/\/www.binder-optik.de\/wp-content\/uploads\/2023\/12\/2023_12_14-Bild-Newsletter-150x150.jpg 150w, https:\/\/www.binder-optik.de\/wp-content\/uploads\/2023\/12\/2023_12_14-Bild-Newsletter-768x768.jpg 768w, https:\/\/www.binder-optik.de\/wp-content\/uploads\/2023\/12\/2023_12_14-Bild-Newsletter-1536x1536.jpg 1536w, https:\/\/www.binder-optik.de\/wp-content\/uploads\/2023\/12\/2023_12_14-Bild-Newsletter-2048x2048.jpg 2048w, https:\/\/www.binder-optik.de\/wp-content\/uploads\/2023\/12\/2023_12_14-Bild-Newsletter-123x123.jpg 123w, https:\/\/www.binder-optik.de\/wp-content\/uploads\/2023\/12\/2023_12_14-Bild-Newsletter-524x524.jpg 524w\" sizes=\"auto, (max-width: 1024px) 100vw, 1024px\" \/><\/figure><\/div>\n<\/div><\/div><\/section>\n<\/div><\/div><\/section>\n\n\n\n<section class=\"wp-block-custom-container alignwide block-content  block-content--spacing-top block-content--spacing-bottom\"><div class=\"container container--wide\"><div class=\"container__body\">\n<p class=\"has-normal-font-size\">* T\u00fcm Binder Optik \u00f6zel ma\u011fazalar\u0131nda 50 Euro de\u011ferinde g\u00f6zl\u00fck veya g\u00fcne\u015f g\u00f6zl\u00fc\u011f\u00fc sat\u0131n al\u0131nd\u0131\u011f\u0131nda kullan\u0131labilir. Kontakt lensler ve bak\u0131m \u00fcr\u00fcnleri i\u00e7in ge\u00e7erli de\u011fildir. Nakit \u00f6deme m\u00fcmk\u00fcn de\u011fildir. Her al\u0131\u015fveri\u015fte sadece bir kupon kullan\u0131labilir.   <\/p>\n<\/div><\/div><\/section>\n","protected":false},"excerpt":{"rendered":"","protected":false},"author":13,"featured_media":0,"parent":0,"menu_order":0,"comment_status":"closed","ping_status":"closed","template":"","meta":{"_acf_changed":false,"footnotes":""},"class_list":["post-18725","page","type-page","status-publish","hentry"],"acf":[],"publishpress_future_action":{"enabled":false,"date":"2026-05-18 11:51:39","action":"change-status","newStatus":"draft","terms":[],"taxonomy":"translation_priority","extraData":[]},"publishpress_future_workflow_manual_trigger":{"enabledWorkflows":[]},"_links":{"self":[{"href":"https:\/\/www.binder-optik.de\/tr\/wp-json\/wp\/v2\/pages\/18725","targetHints":{"allow":["GET"]}}],"collection":[{"href":"https:\/\/www.binder-optik.de\/tr\/wp-json\/wp\/v2\/pages"}],"about":[{"href":"https:\/\/www.binder-optik.de\/tr\/wp-json\/wp\/v2\/types\/page"}],"author":[{"embeddable":true,"href":"https:\/\/www.binder-optik.de\/tr\/wp-json\/wp\/v2\/users\/13"}],"replies":[{"embeddable":true,"href":"https:\/\/www.binder-optik.de\/tr\/wp-json\/wp\/v2\/comments?post=18725"}],"version-history":[{"count":2,"href":"https:\/\/www.binder-optik.de\/tr\/wp-json\/wp\/v2\/pages\/18725\/revisions"}],"predecessor-version":[{"id":19641,"href":"https:\/\/www.binder-optik.de\/tr\/wp-json\/wp\/v2\/pages\/18725\/revisions\/19641"}],"wp:attachment":[{"href":"https:\/\/www.binder-optik.de\/tr\/wp-json\/wp\/v2\/media?parent=18725"}],"curies":[{"name":"wp","href":"https:\/\/api.w.org\/{rel}","templated":true}]}}