{"id":18706,"date":"2023-09-08T10:52:39","date_gmt":"2023-09-08T08:52:39","guid":{"rendered":"https:\/\/www.binder-optik.de\/ileri-egitim\/"},"modified":"2025-05-16T09:55:16","modified_gmt":"2025-05-16T07:55:16","slug":"ileri-egitim","status":"publish","type":"page","link":"https:\/\/www.binder-optik.de\/tr\/kariyer\/ileri-egitim\/","title":{"rendered":"\u0130leri e\u011fitim"},"content":{"rendered":"\n<section class=\"wp-block-custom-container alignwide block-content  block-content--spacing-top block-content--spacing-bottom block-content--margin-top\"><style>.block-content{position:relative}.block-content--spacing-top{padding-top:2rem}@media (min-width: 992px){.block-content--spacing-top{padding-top:4rem}}.block-content--spacing-bottom{padding-bottom:2rem}@media (min-width: 992px){.block-content--spacing-bottom{padding-bottom:4rem}}.block-content--margin-top{margin-top:2rem}@media (min-width: 992px){.block-content--margin-top{margin-top:4rem}}.block-content--margin-bottom{margin-bottom:2rem}@media (min-width: 992px){.block-content--margin-bottom{margin-bottom:4rem}}.block-content.z-index{position:relative;z-index:2}.block-content .container{position:relative;z-index:1}.block-content .container--full{padding:0}.block-content .container .container{padding:2rem}@media (min-width: 992px){.block-content .container .container{padding:4rem}}.block-content .container-overlay{position:absolute;z-index:0;top:0;right:0;bottom:0;left:0}.block-content.career-container{margin-top:-8rem;z-index:2}.block-content.career-container .block-content{-webkit-box-shadow:0px 0px 15px 5px rgba(0,0,0,0.1);box-shadow:0px 0px 15px 5px rgba(0,0,0,0.1)}.block-content.career-container .wp-block-custom-column{margin-bottom:0}\n<\/style><div class=\"container container--wide\"><div class=\"container__body\">\n<h1 class=\"wp-block-heading\">Binder Optik<strong>adresinde ileri e\u011fitim<\/strong>.<\/h1>\n<\/div><\/div><\/section>\n\n\n\n<section class=\"wp-block-custom-container alignwide block-content has-grau-background-color block-content--spacing-top block-content--spacing-bottom\" style=\"background-color:#f5f5f5\"><div class=\"container container--wide\"><div class=\"container__body\">\n<h2 class=\"wp-block-heading\"><strong>Usta zanaatkar terfisi<\/strong><\/h2>\n\n\n\n<p><strong>Binder Optik adresinden alaca\u011f\u0131n\u0131z finansal destekle kariyerinizde bir sonraki ad\u0131m\u0131 at\u0131n!<\/strong><br>Ba\u015fkalar\u0131n\u0131 desteklemek ve ortak ba\u015far\u0131lar\u0131 kutlamak i\u00e7in bilgi ve becerilerinizi geni\u015fletmek mi istiyorsunuz? Yeni g\u00f6revler \u00fcstlenmek i\u00e7in yeteneklerinizi kullanmaya haz\u0131r m\u0131s\u0131n\u0131z? \u0130nisiyatif almak ve de\u011fi\u015fimde ustala\u015fmak i\u00e7in motive misiniz?  <\/p>\n\n\n\n<p>Sizi harekete ge\u00e7iren \u015fey buysa, <strong>usta g\u00f6zl\u00fck\u00e7\u00fcler ve i\u015fitme uzmanlar\u0131 i\u00e7in<\/strong> bireysel <strong>usta geli\u015ftirme programlar\u0131m\u0131z tam<\/strong> size <strong>g\u00f6re<\/strong>! Yetene\u011finizi te\u015fvik ediyor ve hedeflerinize birlikte ula\u015f\u0131yoruz. Ayr\u0131ca yetenekleriniz ve fikirleriniz do\u011frultusunda sizi daha da geli\u015ftirmekten ve size yeni bak\u0131\u015f a\u00e7\u0131lar\u0131 sunmaktan mutluluk duyar\u0131z.  <\/p>\n\n\n\n<div class=\"wp-block-custom-spacing spacing-element spacing-mobile--small spacing-tablet--small spacing-small-desktop--small spacing-desktop--small\"><\/div>\n\n\n\n<div class=\"wp-block-custom-accordion block-accordion\"><style>.block-accordion__body .wp-block{width:100%}.single-accordion{padding:0 2rem 4px;margin:0;margin-bottom:1rem;background-color:#fff;-webkit-box-shadow:0px 0px 15px 5px rgba(0,0,0,0.075);box-shadow:0px 0px 15px 5px rgba(0,0,0,0.075)}@media (min-width: 1024px){.single-accordion{padding:0 4rem;margin-bottom:2rem}}.single-accordion:last-child{margin-bottom:0}.single-accordion p:last-child{margin:0}.single-accordion__header.active .single-accordion__title{border-color:#00597E}.single-accordion__header.active .single-accordion__title:after{transform:translateY(-50%) rotate(-45deg);margin-top:5px}.single-accordion__content{display:none;padding:2rem 0 20px 0px}@media (min-width: 1024px){.single-accordion__content{padding:3rem 30px 30px 0px}}.single-accordion__content a{text-decoration:none !important}.single-accordion__content a:hover,.single-accordion__content a:focus{text-decoration:none}.single-accordion__title{position:relative;display:block;padding:20px 30px 20px 0px;letter-spacing:0;color:#2B2E34;font-weight:700;cursor:pointer;border-bottom:0.6px solid transparent;transition:all .2s linear;font-size:1.8rem;line-height:1.5}@media (min-width: 1024px){.single-accordion__title{padding:30px 30px 30px 0px;font-size:2.5rem;line-height:1.44}}.single-accordion__title::after{content:'';display:block;width:13px;height:13px;position:absolute;top:50%;right:5px;transform:translateY(-50%) rotate(135deg);border:2px solid #00597E;border-width:2px 2px 0 0;transition:all .2s linear}@media (min-width: 1024px){.single-accordion__title::after{width:23px;height:23px}}\n<\/style><div class=\"block-accordion__body\">\n<div class=\"wp-block-custom-accordion-single single-accordion\"><div class=\"single-accordion__header\"><h3 class=\"single-accordion__title\">Kalfa optisyenler i\u00e7in: Usta optisyen olmak i\u00e7in ileri e\u011fitim<\/h3><\/div><div class=\"single-accordion__content\">\n<p>Kalfa optisyen olarak, sizin i\u00e7in do\u011fru olan usta <strong>optisyenlik kursunu<\/strong> se\u00e7ip tamamlar ve usta <strong>optisyenlik s\u0131nav\u0131na<\/strong> girersiniz. Usta zanaatkar program\u0131m\u0131zla sizi finansal olarak destekleyece\u011fiz. <\/p>\n\n\n\n<p>Daha sonra yeni edindi\u011finiz bilgi ve becerileri uzman ma\u011fazalar\u0131m\u0131zdan birinde \u00e7al\u0131\u015fan bir usta optisyen olarak uygulamaya koyacaks\u0131n\u0131z. Daha sonra, \u015fube m\u00fcd\u00fcrl\u00fc\u011f\u00fc pozisyonuna kadar yeni g\u00f6revler ve ilgin\u00e7 faaliyetlerle geli\u015fiminizi destekleyece\u011fiz. <\/p>\n<\/div><\/div>\n\n\n\n<div class=\"wp-block-custom-accordion-single single-accordion\"><div class=\"single-accordion__header\"><h3 class=\"single-accordion__title\">Usta optisyenler i\u00e7in: usta i\u015fitme cihaz\u0131 akustisyeni olmak i\u00e7in ileri e\u011fitim<\/h3><\/div><div class=\"single-accordion__content\">\n<p>\u0130\u015fitme akusti\u011fi alan\u0131yla da ilgileniyor musunuz? Usta bir optisyen olarak sorumluluk alan\u0131n\u0131z\u0131 geni\u015fletme ve <strong>usta bir i\u015fitme cihaz\u0131 teknisyeni<\/strong> olmak i\u00e7in e\u011fitim alarak m\u00fc\u015fterilerinize daha kapsaml\u0131 destek sa\u011flama f\u0131rsat\u0131na sahipsiniz <strong>.<\/strong> Usta zanaatkar program\u0131m\u0131zla sizi finansal olarak destekleyece\u011fiz.  <\/p>\n<\/div><\/div>\n<\/div><\/div>\n<\/div><\/div><\/section>\n\n\n\n<section class=\"wp-block-custom-container alignwide block-content  block-content--spacing-top block-content--spacing-bottom\"><div class=\"container container--wide\"><div class=\"container__body\">\n<h2 class=\"wp-block-heading\"><strong>\u0130leri e\u011fitim.<\/strong><\/h2>\n\n\n\n<p>\u00c7al\u0131\u015fanlar\u0131m\u0131z\u0131n e\u011fitimi ve daha ileri d\u00fczeyde yeti\u015ftirilmesi, Binder Optik adresinde kalbimize yak\u0131n bir konudur. \u0130stekleriniz ve hedefleriniz mi var? Size kurum i\u00e7i <strong>Binder Optik akademimizde do\u011fru geli\u015fim programlar\u0131n\u0131 sunuyoruz!<\/strong>   <\/p>\n\n\n\n<div class=\"wp-block-custom-spacing spacing-element spacing-mobile--small spacing-tablet--small spacing-small-desktop--small spacing-desktop--small\"><\/div>\n\n\n\n<div class=\"wp-block-custom-accordion block-accordion\"><div class=\"block-accordion__body\">\n<div class=\"wp-block-custom-accordion-single single-accordion\"><div class=\"single-accordion__header\"><h3 class=\"single-accordion__title\">Seminerler ve e\u011fitim kurslar\u0131.<\/h3><\/div><div class=\"single-accordion__content\">\n<p>E\u011fitim kurslar\u0131, lensler ve g\u00f6zl\u00fck \u00e7er\u00e7eveleri <strong>i\u00e7in \u00fcr\u00fcn e\u011fitimini<\/strong>, <strong>t\u00fcm<\/strong> sat\u0131\u015f personeli <strong>i\u00e7in<\/strong> sat\u0131\u015f <strong>e\u011fitimini<\/strong> ve refraksiyon ve kontakt lens <strong>alanlar\u0131nda uzmanl\u0131k e\u011fitimini<\/strong> i\u00e7ermektedir.<\/p>\n\n\n\n<p>Akademi, <strong>liderlik<\/strong> becerilerini geli\u015ftirmek veya liderlik konular\u0131nda pratik yapmak isteyen herkes <strong>i\u00e7in liderlik seminerleri<\/strong> sunmaktad\u0131r.<\/p>\n<\/div><\/div>\n<\/div><\/div>\n<\/div><\/div><\/section>\n\n\n\n<section class=\"wp-block-custom-container alignwide block-content has-grau-background-color block-content--spacing-top block-content--spacing-bottom\" style=\"background-color:#f5f5f5\"><div class=\"container container--wide\"><div class=\"container__body\"><style>@media (max-width: 767px){.wp-block-media-text.is-stacked-on-mobile{grid-template-columns:100% !important}.wp-block-media-text.is-stacked-on-mobile .wp-block-media-text__media{grid-column:1;grid-row:1}.wp-block-media-text.is-stacked-on-mobile .wp-block-media-text__content{grid-column:1;grid-row:2}}.wp-block-media-text .wp-block-media-text__content{padding:0;padding-left:2rem}@media (min-width: 1024px){.wp-block-media-text .wp-block-media-text__content{padding-left:6rem}}@media (max-width: 767px){.wp-block-media-text .wp-block-media-text__content{padding:0}}.wp-block-media-text.has-media-on-the-right .wp-block-media-text__content{padding:0;padding-left:unset;padding-right:2rem}@media (min-width: 1024px){.wp-block-media-text.has-media-on-the-right .wp-block-media-text__content{padding-right:6rem}}@media (max-width: 767px){.wp-block-media-text.has-media-on-the-right .wp-block-media-text__content{padding:0}}.wp-block-media-text .wp-block-media-text__media{height:unset;overflow:hidden;aspect-ratio:1 \/ 1}.wp-block-media-text .wp-block-media-text__media img{width:100%;height:100%;object-fit:cover}.wp-block-media-text.is-image-fill .wp-block-media-text__media{height:unset;min-height:unset}.wp-block-media-text.is-image-fill img{object-fit:cover}\n<\/style>\n<div class=\"wp-block-media-text alignwide is-stacked-on-mobile\"><figure class=\"wp-block-media-text__media\"><img loading=\"lazy\" decoding=\"async\" width=\"1080\" height=\"768\" src=\"https:\/\/www.binder-optik.de\/wp-content\/uploads\/2023\/08\/lePlat_kontaktformular_2.jpg\" alt=\"Binder Optik\" class=\"wp-image-1664 size-full\" title=\"\" srcset=\"https:\/\/www.binder-optik.de\/wp-content\/uploads\/2023\/08\/lePlat_kontaktformular_2.jpg 1080w, https:\/\/www.binder-optik.de\/wp-content\/uploads\/2023\/08\/lePlat_kontaktformular_2-300x213.jpg 300w, https:\/\/www.binder-optik.de\/wp-content\/uploads\/2023\/08\/lePlat_kontaktformular_2-1024x728.jpg 1024w, https:\/\/www.binder-optik.de\/wp-content\/uploads\/2023\/08\/lePlat_kontaktformular_2-768x546.jpg 768w, https:\/\/www.binder-optik.de\/wp-content\/uploads\/2023\/08\/lePlat_kontaktformular_2-524x373.jpg 524w\" sizes=\"auto, (max-width: 1080px) 100vw, 1080px\" \/><\/figure><div class=\"wp-block-media-text__content\">\n<div class=\"wp-block-custom-spacing spacing-element spacing-mobile--small spacing-tablet--small spacing-small-desktop--none spacing-desktop--none\"><\/div>\n\n\n\n<h2 class=\"wp-block-heading\"><strong>Sabine le Plat<\/strong><\/h2>\n\n\n\n<p class=\"is-style-default\"><strong>Herhangi bir sorunuz var m\u0131?  <\/strong><br>E\u011fer bir kalfa veya usta optisyenseniz, insanlara de\u011fer veren bir yakla\u015f\u0131m\u0131n\u0131z varsa ve kendinizi daha da geli\u015ftirmek i\u00e7in motivasyonunuz varsa, gelin kariyer basamaklar\u0131nda bir sonraki ad\u0131m\u0131 birlikte atal\u0131m!<\/p>\n\n\n\n<p><strong>\u0130nsan Kaynaklar\u0131 M\u00fcd\u00fcr\u00fc<\/strong><\/p>\n\n\n<div class=\"acf-block block-icon-text align\">\n\t<style>.block-icon-text{min-height:100%}.block-icon-text__row{display:flex;flex-wrap:wrap;justify-content:space-between}.block-icon-text img{position:relative;top:3.5px;flex:0 0 100%;max-width:28px;width:100%;height:100%;max-height:2.8rem;max-width:2.8rem;object-fit:contain}.block-icon-text__content{flex:0 0 100%;width:100%;max-width:calc(100% - 48px)}\n<\/style>\t<div class=\"block-icon-text__row\">\n\t\t\t\t<img loading=\"lazy\" decoding=\"async\" width=\"35\" height=\"35\" src=\"https:\/\/www.binder-optik.de\/wp-content\/uploads\/2023\/08\/netto-icons-mail.svg\" class=\"attachment-thumbnail size-thumbnail\" alt=\"Binder Optik\" data-object-fit=\"\" title=\"\">\t\t\t\t\t\t<div class=\"block-icon-text__content\">\n\t\t\t\t<p>jobs@binder-optik.de<\/p>\n\t\t\t<\/div>\n\t\t\t<\/div>\n<\/div>\n\n\n<div class=\"acf-block block-icon-text align\">\n\t\t<div class=\"block-icon-text__row\">\n\t\t\t\t<img loading=\"lazy\" decoding=\"async\" width=\"35\" height=\"35\" src=\"https:\/\/www.binder-optik.de\/wp-content\/uploads\/2023\/08\/netto-icons-phone.svg\" class=\"attachment-thumbnail size-thumbnail\" alt=\"Binder Optik\" data-object-fit=\"\" title=\"\">\t\t\t\t\t\t<div class=\"block-icon-text__content\">\n\t\t\t\t<p><a href=\"tel:07031-6207-25\">07031-6207-25<\/a><\/p>\n\t\t\t<\/div>\n\t\t\t<\/div>\n<\/div>\n\n\n\n<div class=\"wp-block-custom-spacing spacing-element spacing-mobile--small spacing-tablet--small spacing-small-desktop--small spacing-desktop--small\"><\/div>\n\n\n\n<div class=\"wp-block-buttons is-layout-flex wp-block-buttons-is-layout-flex\"><style>.wp-block-button{margin:0 0 3rem}.wp-block-button:last-child,.wp-block-button:only-child{margin-bottom:0}.wp-block-button.align-center{text-align:center}.wp-block-button.align-right{text-align:right}.wp-block-columns+.wp-block-button{margin-top:6.3rem}.wp-block-button__link{display:inline-block;padding:1.8rem 1.8rem;font-weight:600;text-align:center;text-decoration:none;color:#2B2E34;border:2px solid #FFFA00;border-radius:.5rem;background-color:#FFFA00;cursor:pointer;font-size:1.6rem;line-height:1}@media (min-width: 1380px){.wp-block-button__link{padding:1.8rem 3.8rem;font-size:1.8rem;line-height:1}}.wp-block-button:not(.is-style-link-only):not(.is-style-outline):not(.is-style-fill-secondary) .wp-block-button__link{position:relative}.wp-block-button:not(.is-style-link-only):not(.is-style-outline):not(.is-style-fill-secondary) .wp-block-button__link:hover,.wp-block-button:not(.is-style-link-only):not(.is-style-outline):not(.is-style-fill-secondary) .wp-block-button__link:focus{color:#fff;border-color:#00597E;background-color:#00597E}.wp-block-button .wp-block-button__link{transition:.2s}.is-style-fill-secondary .wp-block-button__link{color:#fff;border-color:#00597E;background-color:#00597E}.is-style-fill-secondary .wp-block-button__link:hover,.is-style-fill-secondary .wp-block-button__link:focus{color:#2B2E34;border-color:#FFFA00;background-color:#FFFA00}.is-style-outline .wp-block-button__link{padding:1.8rem 1.8rem !important;color:#00597E !important;border-color:#00597E;background-color:transparent}@media (min-width: 1380px){.is-style-outline .wp-block-button__link{padding:1.8rem 3.8rem !important}}.is-style-outline .wp-block-button__link:hover,.is-style-outline .wp-block-button__link:focus{color:#fff !important;border-color:#00597E !important;background-color:#00597E !important}.is-style-link-only .wp-block-button__link{min-width:0;padding:0;padding-right:2rem;position:relative;font-weight:600;color:#00597E;letter-spacing:0;text-transform:none;border:none;background-color:transparent;transition:color .2s,text-decoration-color .2s;font-size:1.8rem;line-height:1}.is-style-link-only .wp-block-button__link::after{content:'';display:inline-block;width:8px;height:13px;position:absolute;top:50%;right:0;transform:translate(0, -50%);background-image:url(\"https:\/\/www.binder-optik.de\/wp-content\/themes\/ATLAS\/images\/svg\/button_arrow-right_secondary.svg\");background-repeat:no-repeat;background-size:contain;transition:right 0.2s}.is-style-link-only .wp-block-button__link:hover::after,.is-style-link-only .wp-block-button__link:focus::after{right:-5px}\n<\/style>\n<div class=\"wp-block-button\"><a class=\"wp-block-button__link wp-element-button\" href=\"https:\/\/www.binder-optik.de\/tr\/kariyer\/talep-edilmemis-basvuru\/\">\u015eimdi ba\u015fvurun!<\/a><\/div>\n<\/div>\n\n\n\n<div class=\"wp-block-custom-spacing spacing-element spacing-mobile--small spacing-tablet--small spacing-small-desktop--none spacing-desktop--none\"><\/div>\n<\/div><\/div>\n<\/div><\/div><\/section>\n\n\n\n<section class=\"wp-block-custom-container alignwide block-content  block-content--spacing-top block-content--spacing-bottom\"><div class=\"container container--wide\"><div class=\"container__body\">\n<section class=\"wp-block-custom-container alignwide block-content  has-gelb-background-color\" style=\"background-color:#FFFF00\"><div class=\"container container--wide\"><div class=\"container__body\"><style>.wp-block-columns.are-vertically-aligned-center{gap:1em;margin-bottom:.5rem}@media (min-width: 992px){.wp-block-columns.are-vertically-aligned-center{margin-bottom:1rem}}.wp-block-columns.are-vertically-aligned-center :last-child{margin-bottom:0}.wp-block-columns.are-vertically-aligned-center figure{margin-bottom:0}.wp-block-columns.no-margin{margin-bottom:0 !important}@media (max-width: 991px){.wp-block-columns.hide-mobile{display:none}}:where(.wp-block-columns.is-layout-flex){gap:1em}\n<\/style>\n<div class=\"wp-block-columns are-vertically-aligned-center is-layout-flex wp-container-core-columns-is-layout-1 wp-block-columns-is-layout-flex\">\n<div class=\"wp-block-column is-vertically-aligned-center is-layout-flow wp-block-column-is-layout-flow\" style=\"flex-basis:66.66%\">\n<h2 class=\"wp-block-heading\"><strong>B\u00fclten kayd\u0131<\/strong><\/h2>\n\n\n\n<p>Haber b\u00fcltenine \u015fimdi abone olun ve 20 Euro de\u011ferinde Binder Optik al\u0131\u015fveri\u015f \u00e7eki kazan\u0131n.<\/p>\n\n\n\n<div class=\"wp-block-buttons is-layout-flex wp-block-buttons-is-layout-flex\">\n<div class=\"wp-block-button is-style-fill-secondary\"><a class=\"wp-block-button__link wp-element-button\" href=\"https:\/\/www.binder-optik.de\/tr\/buelten-kaydi\/\">Kay\u0131t i\u00e7in<\/a><\/div>\n<\/div>\n<\/div>\n\n\n\n<div class=\"wp-block-column is-vertically-aligned-center is-layout-flow wp-block-column-is-layout-flow\" style=\"flex-basis:33.33%\"><style>.wp-block-image.alignright{margin:0 !important}.wp-block-image.alignleft{float:none !important}.wp-block-image .wp-element-caption{text-align:left}\n<\/style>\n<figure class=\"wp-block-image size-full\"><img loading=\"lazy\" decoding=\"async\" width=\"902\" height=\"625\" src=\"https:\/\/www.binder-optik.de\/wp-content\/uploads\/2025\/05\/2023_10_05-Newsletter-Anmeldung_433x300-1_EN.jpg\" alt=\"Binder Optik\" class=\"wp-image-19189\" title=\"\" srcset=\"https:\/\/www.binder-optik.de\/wp-content\/uploads\/2025\/05\/2023_10_05-Newsletter-Anmeldung_433x300-1_EN.jpg 902w, https:\/\/www.binder-optik.de\/wp-content\/uploads\/2025\/05\/2023_10_05-Newsletter-Anmeldung_433x300-1_EN-300x208.jpg 300w, https:\/\/www.binder-optik.de\/wp-content\/uploads\/2025\/05\/2023_10_05-Newsletter-Anmeldung_433x300-1_EN-768x532.jpg 768w, https:\/\/www.binder-optik.de\/wp-content\/uploads\/2025\/05\/2023_10_05-Newsletter-Anmeldung_433x300-1_EN-524x363.jpg 524w\" sizes=\"auto, (max-width: 902px) 100vw, 902px\" \/><\/figure>\n<\/div>\n<\/div>\n<\/div><\/div><\/section>\n<\/div><\/div><\/section>\n","protected":false},"excerpt":{"rendered":"","protected":false},"author":1,"featured_media":0,"parent":19076,"menu_order":0,"comment_status":"closed","ping_status":"closed","template":"","meta":{"_acf_changed":false,"footnotes":""},"class_list":["post-18706","page","type-page","status-publish","hentry"],"acf":[],"publishpress_future_action":{"enabled":false,"date":"2026-04-20 21:47:17","action":"change-status","newStatus":"draft","terms":[],"taxonomy":"translation_priority","extraData":[]},"publishpress_future_workflow_manual_trigger":{"enabledWorkflows":[]},"_links":{"self":[{"href":"https:\/\/www.binder-optik.de\/tr\/wp-json\/wp\/v2\/pages\/18706","targetHints":{"allow":["GET"]}}],"collection":[{"href":"https:\/\/www.binder-optik.de\/tr\/wp-json\/wp\/v2\/pages"}],"about":[{"href":"https:\/\/www.binder-optik.de\/tr\/wp-json\/wp\/v2\/types\/page"}],"author":[{"embeddable":true,"href":"https:\/\/www.binder-optik.de\/tr\/wp-json\/wp\/v2\/users\/1"}],"replies":[{"embeddable":true,"href":"https:\/\/www.binder-optik.de\/tr\/wp-json\/wp\/v2\/comments?post=18706"}],"version-history":[{"count":3,"href":"https:\/\/www.binder-optik.de\/tr\/wp-json\/wp\/v2\/pages\/18706\/revisions"}],"predecessor-version":[{"id":19977,"href":"https:\/\/www.binder-optik.de\/tr\/wp-json\/wp\/v2\/pages\/18706\/revisions\/19977"}],"up":[{"embeddable":true,"href":"https:\/\/www.binder-optik.de\/tr\/wp-json\/wp\/v2\/pages\/19076"}],"wp:attachment":[{"href":"https:\/\/www.binder-optik.de\/tr\/wp-json\/wp\/v2\/media?parent=18706"}],"curies":[{"name":"wp","href":"https:\/\/api.w.org\/{rel}","templated":true}]}}