{"id":18580,"date":"2024-06-18T11:22:35","date_gmt":"2024-06-18T09:22:35","guid":{"rendered":"https:\/\/www.binder-optik.de\/sorumluluk-reddi\/"},"modified":"2025-04-17T10:43:03","modified_gmt":"2025-04-17T08:43:03","slug":"sorumluluk-reddi","status":"publish","type":"page","link":"https:\/\/www.binder-optik.de\/tr\/sorumluluk-reddi\/","title":{"rendered":"Sorumluluk Reddi"},"content":{"rendered":"\n<section class=\"wp-block-custom-container alignwide block-content  block-content--spacing-top block-content--spacing-bottom block-content--margin-top\"><style>.block-content{position:relative}.block-content--spacing-top{padding-top:2rem}@media (min-width: 992px){.block-content--spacing-top{padding-top:4rem}}.block-content--spacing-bottom{padding-bottom:2rem}@media (min-width: 992px){.block-content--spacing-bottom{padding-bottom:4rem}}.block-content--margin-top{margin-top:2rem}@media (min-width: 992px){.block-content--margin-top{margin-top:4rem}}.block-content--margin-bottom{margin-bottom:2rem}@media (min-width: 992px){.block-content--margin-bottom{margin-bottom:4rem}}.block-content.z-index{position:relative;z-index:2}.block-content .container{position:relative;z-index:1}.block-content .container--full{padding:0}.block-content .container .container{padding:2rem}@media (min-width: 992px){.block-content .container .container{padding:4rem}}.block-content .container-overlay{position:absolute;z-index:0;top:0;right:0;bottom:0;left:0}.block-content.career-container{margin-top:-8rem;z-index:2}.block-content.career-container .block-content{-webkit-box-shadow:0px 0px 15px 5px rgba(0,0,0,0.1);box-shadow:0px 0px 15px 5px rgba(0,0,0,0.1)}.block-content.career-container .wp-block-custom-column{margin-bottom:0}\n<\/style><div class=\"container container--wide\"><div class=\"container__body\">\n<h1 class=\"wp-block-heading\" id=\"cc-m-header-5545516462\">Sorumluluk Reddi<\/h1>\n\n\n\n<p><strong>Web sitesinin i\u00e7eri\u011fi<\/strong> <\/p>\n\n\n\n<p>Bu web sitesinin i\u00e7eri\u011fi m\u00fcmk\u00fcn olan en b\u00fcy\u00fck \u00f6zen g\u00f6sterilerek derlenmi\u015ftir. Bununla birlikte, sa\u011flanan i\u00e7eri\u011fin do\u011frulu\u011fu, eksiksizli\u011fi ve g\u00fcncelli\u011fi konusunda hi\u00e7bir sorumluluk kabul etmiyoruz.   <\/p>\n\n\n\n<p><strong>Web sitesinin kullan\u0131labilirli\u011fi<\/strong> <\/p>\n\n\n\n<p>Hizmeti kesintisiz olarak sunmak i\u00e7in \u00e7aba g\u00f6steriyoruz. Ancak, gerekli t\u00fcm \u00f6zen g\u00f6sterilse bile, kesinti s\u00fcreleri g\u00f6z ard\u0131 edilemez. Hizmetimizi istedi\u011fimiz zaman de\u011fi\u015ftirme veya durdurma hakk\u0131m\u0131z\u0131 sakl\u0131 tutar\u0131z. Do\u011fru olu\u015fturulmam\u0131\u015f dosyalar veya do\u011fru yap\u0131land\u0131r\u0131lmam\u0131\u015f formatlardan kaynaklanan kesintiler veya di\u011fer aksakl\u0131klar i\u00e7in hi\u00e7bir sorumluluk kabul etmiyoruz.     <\/p>\n\n\n\n<p><strong>Telif hakk\u0131 bildirimi<\/strong> <\/p>\n\n\n\n<p>Bu web sitesinin t\u00fcm i\u00e7eri\u011fi ve yap\u0131lar\u0131 telif hakk\u0131 ve yard\u0131mc\u0131 telif hakk\u0131 ile korunmaktad\u0131r. World Wide Web&#8217;de veya di\u011fer \u0130nternet hizmetlerinde yay\u0131nlanmas\u0131, \u00fc\u00e7\u00fcnc\u00fc taraflarca ba\u015fka herhangi bir kullan\u0131m i\u00e7in onay beyan\u0131 te\u015fkil etmez. Alman telif hakk\u0131 yasas\u0131 taraf\u0131ndan izin verilmeyen her t\u00fcrl\u00fc kullan\u0131m, \u00f6nceden yaz\u0131l\u0131 onay\u0131m\u0131z\u0131 gerektirir.    <\/p>\n\n\n\n<p>Sa\u011flanan i\u00e7erik ve belgelerden al\u0131nt\u0131 yap\u0131lmas\u0131na ve bu web sitesine ba\u011flant\u0131lar kurulmas\u0131na, bu web sitesinin i\u00e7eri\u011fi oldu\u011fu ve bu i\u00e7eri\u011fin \u00e7\u0131karlar\u0131m\u0131zla \u00e7eli\u015fen \u00fc\u00e7\u00fcnc\u00fc taraf i\u00e7erikle ili\u015fkilendirilmedi\u011fi a\u00e7\u0131k\u00e7a belirtildi\u011fi s\u00fcrece a\u00e7\u0131k\u00e7a izin verilir.  <\/p>\n\n\n\n<p><strong>D\u0131\u015f ba\u011flant\u0131lar\u0131n kullan\u0131m\u0131na ili\u015fkin not<\/strong> <\/p>\n\n\n\n<p>Genel mevzuata uygun olarak kullan\u0131m i\u00e7in sa\u011flanan kendi i\u00e7eri\u011fimizden sorumluyuz. Di\u011fer sa\u011flay\u0131c\u0131lar taraf\u0131ndan sa\u011flanan i\u00e7eri\u011fe \u00e7apraz referanslar (ba\u011flant\u0131lar) kendi i\u00e7eri\u011fimizden ay\u0131rt edilmelidir. \u00c7apraz referans arac\u0131l\u0131\u011f\u0131yla, ba\u011flant\u0131 olarak etiketlenen \u00fc\u00e7\u00fcnc\u00fc taraf i\u00e7eri\u011fini kullan\u0131ma sunuyoruz.    <\/p>\n\n\n\n<p>Ba\u011flant\u0131lar dinamik referanslard\u0131r. Ba\u011flant\u0131y\u0131 ilk olu\u015fturdu\u011fumuzda, hukuki veya cezai sorumluluk do\u011furup do\u011furmayaca\u011f\u0131n\u0131 belirlemek i\u00e7in \u00fc\u00e7\u00fcnc\u00fc taraf i\u00e7eri\u011fini kontrol ettik. Ancak, web sitemizde at\u0131fta bulundu\u011fumuz i\u00e7erikte yeni y\u00fck\u00fcml\u00fcl\u00fcklere yol a\u00e7abilecek de\u011fi\u015fiklikler olup olmad\u0131\u011f\u0131n\u0131 s\u00fcrekli olarak kontrol etmiyoruz. Ba\u011flant\u0131 verdi\u011fimiz belirli bir teklifin hukuki veya cezai sorumlulu\u011fu tetikledi\u011fini tespit edersek veya ba\u015fkalar\u0131 taraf\u0131ndan bilgilendirilirsek, bu teklife yap\u0131lan referans\u0131 kald\u0131raca\u011f\u0131z.     <\/p>\n<\/div><\/div><\/section>\n","protected":false},"excerpt":{"rendered":"","protected":false},"author":1,"featured_media":0,"parent":0,"menu_order":0,"comment_status":"closed","ping_status":"closed","template":"","meta":{"_acf_changed":false,"footnotes":""},"class_list":["post-18580","page","type-page","status-publish","hentry"],"acf":[],"publishpress_future_action":{"enabled":false,"date":"2026-04-28 10:43:16","action":"change-status","newStatus":"draft","terms":[],"taxonomy":"translation_priority","extraData":[]},"publishpress_future_workflow_manual_trigger":{"enabledWorkflows":[]},"_links":{"self":[{"href":"https:\/\/www.binder-optik.de\/tr\/wp-json\/wp\/v2\/pages\/18580","targetHints":{"allow":["GET"]}}],"collection":[{"href":"https:\/\/www.binder-optik.de\/tr\/wp-json\/wp\/v2\/pages"}],"about":[{"href":"https:\/\/www.binder-optik.de\/tr\/wp-json\/wp\/v2\/types\/page"}],"author":[{"embeddable":true,"href":"https:\/\/www.binder-optik.de\/tr\/wp-json\/wp\/v2\/users\/1"}],"replies":[{"embeddable":true,"href":"https:\/\/www.binder-optik.de\/tr\/wp-json\/wp\/v2\/comments?post=18580"}],"version-history":[{"count":1,"href":"https:\/\/www.binder-optik.de\/tr\/wp-json\/wp\/v2\/pages\/18580\/revisions"}],"predecessor-version":[{"id":18582,"href":"https:\/\/www.binder-optik.de\/tr\/wp-json\/wp\/v2\/pages\/18580\/revisions\/18582"}],"wp:attachment":[{"href":"https:\/\/www.binder-optik.de\/tr\/wp-json\/wp\/v2\/media?parent=18580"}],"curies":[{"name":"wp","href":"https:\/\/api.w.org\/{rel}","templated":true}]}}