{"id":18548,"date":"2024-12-13T10:49:55","date_gmt":"2024-12-13T09:49:55","guid":{"rendered":"https:\/\/www.binder-optik.de\/online-isitme-testi\/"},"modified":"2025-05-16T11:47:41","modified_gmt":"2025-05-16T09:47:41","slug":"online-isitme-testi","status":"publish","type":"page","link":"https:\/\/www.binder-optik.de\/tr\/ueruenler\/isitme-cihazlari\/online-isitme-testi\/","title":{"rendered":"Online i\u015fitme testi"},"content":{"rendered":"\n<section class=\"wp-block-custom-container alignwide block-content  block-content--spacing-top block-content--spacing-bottom block-content--margin-top\"><style>.block-content{position:relative}.block-content--spacing-top{padding-top:2rem}@media (min-width: 992px){.block-content--spacing-top{padding-top:4rem}}.block-content--spacing-bottom{padding-bottom:2rem}@media (min-width: 992px){.block-content--spacing-bottom{padding-bottom:4rem}}.block-content--margin-top{margin-top:2rem}@media (min-width: 992px){.block-content--margin-top{margin-top:4rem}}.block-content--margin-bottom{margin-bottom:2rem}@media (min-width: 992px){.block-content--margin-bottom{margin-bottom:4rem}}.block-content.z-index{position:relative;z-index:2}.block-content .container{position:relative;z-index:1}.block-content .container--full{padding:0}.block-content .container .container{padding:2rem}@media (min-width: 992px){.block-content .container .container{padding:4rem}}.block-content .container-overlay{position:absolute;z-index:0;top:0;right:0;bottom:0;left:0}.block-content.career-container{margin-top:-8rem;z-index:2}.block-content.career-container .block-content{-webkit-box-shadow:0px 0px 15px 5px rgba(0,0,0,0.1);box-shadow:0px 0px 15px 5px rgba(0,0,0,0.1)}.block-content.career-container .wp-block-custom-column{margin-bottom:0}\n<\/style><div class=\"container container--wide\"><div class=\"container__body\">\n<h1 class=\"wp-block-heading\">Ger\u00e7ekten ne kadar iyi duyuyorsunuz? <strong>\u00dccretsiz \u00e7evrimi\u00e7i i\u015fitme testini<\/strong> yap\u0131n <strong>!<\/strong> <\/h1>\n\n\n\n<p>\u0130\u015fitme duyunuzu kendi evinizin rahatl\u0131\u011f\u0131nda test edin &#8211; \u00fccretsiz ve herhangi bir y\u00fck\u00fcml\u00fcl\u00fck alt\u0131na girmeden. Online i\u015fitme testimiz, birka\u00e7 dakika i\u00e7inde i\u015fitme yetene\u011finizin ilk de\u011ferlendirmesini yapman\u0131z\u0131 sa\u011flar. Bu, bir i\u015fitme uzman\u0131nda ayr\u0131nt\u0131l\u0131 bir i\u015fitme testinin \u00f6nerilip \u00f6nerilmeyece\u011fi konusunda size h\u0131zl\u0131 ve kolay bir netlik sa\u011flar.  <\/p>\n\n\n\n<div class=\"wp-block-buttons is-layout-flex wp-block-buttons-is-layout-flex\"><style>.wp-block-button{margin:0 0 3rem}.wp-block-button:last-child,.wp-block-button:only-child{margin-bottom:0}.wp-block-button.align-center{text-align:center}.wp-block-button.align-right{text-align:right}.wp-block-columns+.wp-block-button{margin-top:6.3rem}.wp-block-button__link{display:inline-block;padding:1.8rem 1.8rem;font-weight:600;text-align:center;text-decoration:none;color:#2B2E34;border:2px solid #FFFA00;border-radius:.5rem;background-color:#FFFA00;cursor:pointer;font-size:1.6rem;line-height:1}@media (min-width: 1380px){.wp-block-button__link{padding:1.8rem 3.8rem;font-size:1.8rem;line-height:1}}.wp-block-button:not(.is-style-link-only):not(.is-style-outline):not(.is-style-fill-secondary) .wp-block-button__link{position:relative}.wp-block-button:not(.is-style-link-only):not(.is-style-outline):not(.is-style-fill-secondary) .wp-block-button__link:hover,.wp-block-button:not(.is-style-link-only):not(.is-style-outline):not(.is-style-fill-secondary) .wp-block-button__link:focus{color:#fff;border-color:#00597E;background-color:#00597E}.wp-block-button .wp-block-button__link{transition:.2s}.is-style-fill-secondary .wp-block-button__link{color:#fff;border-color:#00597E;background-color:#00597E}.is-style-fill-secondary .wp-block-button__link:hover,.is-style-fill-secondary .wp-block-button__link:focus{color:#2B2E34;border-color:#FFFA00;background-color:#FFFA00}.is-style-outline .wp-block-button__link{padding:1.8rem 1.8rem !important;color:#00597E !important;border-color:#00597E;background-color:transparent}@media (min-width: 1380px){.is-style-outline .wp-block-button__link{padding:1.8rem 3.8rem !important}}.is-style-outline .wp-block-button__link:hover,.is-style-outline .wp-block-button__link:focus{color:#fff !important;border-color:#00597E !important;background-color:#00597E !important}.is-style-link-only .wp-block-button__link{min-width:0;padding:0;padding-right:2rem;position:relative;font-weight:600;color:#00597E;letter-spacing:0;text-transform:none;border:none;background-color:transparent;transition:color .2s,text-decoration-color .2s;font-size:1.8rem;line-height:1}.is-style-link-only .wp-block-button__link::after{content:'';display:inline-block;width:8px;height:13px;position:absolute;top:50%;right:0;transform:translate(0, -50%);background-image:url(\"https:\/\/www.binder-optik.de\/wp-content\/themes\/ATLAS\/images\/svg\/button_arrow-right_secondary.svg\");background-repeat:no-repeat;background-size:contain;transition:right 0.2s}.is-style-link-only .wp-block-button__link:hover::after,.is-style-link-only .wp-block-button__link:focus::after{right:-5px}\n<\/style>\n<div class=\"wp-block-button\"><a class=\"wp-block-button__link wp-element-button\" href=\"https:\/\/www.binder-optik.de\/tr\/isitme-cihazlari\/online-isitme-testi\/#test\">\u00c7evrimi\u00e7i i\u015fitme testine<\/a><\/div>\n<\/div>\n<\/div><\/div><\/section>\n\n\n\n<section class=\"wp-block-custom-container alignwide block-content has-grau-background-color block-content--spacing-top block-content--spacing-bottom\" style=\"background-color:#f5f5f5\"><div class=\"container container--wide\"><div class=\"container__body\"><style>@media (max-width: 767px){.wp-block-media-text.is-stacked-on-mobile{grid-template-columns:100% !important}.wp-block-media-text.is-stacked-on-mobile .wp-block-media-text__media{grid-column:1;grid-row:1}.wp-block-media-text.is-stacked-on-mobile .wp-block-media-text__content{grid-column:1;grid-row:2}}.wp-block-media-text .wp-block-media-text__content{padding:0;padding-left:2rem}@media (min-width: 1024px){.wp-block-media-text .wp-block-media-text__content{padding-left:6rem}}@media (max-width: 767px){.wp-block-media-text .wp-block-media-text__content{padding:0}}.wp-block-media-text.has-media-on-the-right .wp-block-media-text__content{padding:0;padding-left:unset;padding-right:2rem}@media (min-width: 1024px){.wp-block-media-text.has-media-on-the-right .wp-block-media-text__content{padding-right:6rem}}@media (max-width: 767px){.wp-block-media-text.has-media-on-the-right .wp-block-media-text__content{padding:0}}.wp-block-media-text .wp-block-media-text__media{height:unset;overflow:hidden;aspect-ratio:1 \/ 1}.wp-block-media-text .wp-block-media-text__media img{width:100%;height:100%;object-fit:cover}.wp-block-media-text.is-image-fill .wp-block-media-text__media{height:unset;min-height:unset}.wp-block-media-text.is-image-fill img{object-fit:cover}\n<\/style>\n<div class=\"wp-block-media-text is-stacked-on-mobile\"><figure class=\"wp-block-media-text__media\"><img loading=\"lazy\" decoding=\"async\" width=\"783\" height=\"583\" src=\"https:\/\/www.binder-optik.de\/wp-content\/uploads\/2023\/08\/Hoerakustik.jpg\" alt=\"Binder Optik\" class=\"wp-image-1977 size-full\" title=\"\" srcset=\"https:\/\/www.binder-optik.de\/wp-content\/uploads\/2023\/08\/Hoerakustik.jpg 783w, https:\/\/www.binder-optik.de\/wp-content\/uploads\/2023\/08\/Hoerakustik-300x223.jpg 300w, https:\/\/www.binder-optik.de\/wp-content\/uploads\/2023\/08\/Hoerakustik-768x572.jpg 768w, https:\/\/www.binder-optik.de\/wp-content\/uploads\/2023\/08\/Hoerakustik-524x390.jpg 524w\" sizes=\"auto, (max-width: 783px) 100vw, 783px\" \/><\/figure><div class=\"wp-block-media-text__content\">\n<div class=\"wp-block-custom-spacing spacing-element spacing-mobile--small spacing-tablet--small spacing-small-desktop--none spacing-desktop--none\"><\/div>\n\n\n\n<h2 class=\"wp-block-heading\">Neden i\u015fitme testi? Bir <strong>bak\u0131\u015fta avantajlar\u0131n\u0131z<\/strong> <\/h2>\n\n\n\n<ul class=\"wp-block-list\">\n<li><strong>H\u0131zl\u0131 ve kolay<\/strong><br>Herhangi bir karma\u015f\u0131k teknoloji olmadan sadece birka\u00e7 dakika i\u00e7inde i\u015fitme yetene\u011finizin ilk de\u011ferlendirmesini alabilirsiniz. Test sezgisel olarak tasarlanm\u0131\u015ft\u0131r ve her ya\u015f grubu i\u00e7in uygulanmas\u0131 kolayd\u0131r. <\/li>\n\n\n\n<li><strong>Gizli ve kullan\u0131\u015fl\u0131<\/strong><br>Testi size en uygun zamanda ve yerde, randevu almadan veya beklemeden yap\u0131n. Sonu\u00e7lar\u0131n\u0131z gizli kal\u0131r ve sadece size g\u00f6sterilir. <\/li>\n\n\n\n<li><strong>\u00dccretsiz ve ba\u011flay\u0131c\u0131 olmayan<\/strong><br>Test tamamen \u00fccretsizdir ve sizi herhangi bir taahh\u00fct alt\u0131na sokmaz. An\u0131nda netlik kazanacaks\u0131n\u0131z ve gerekirse dan\u0131\u015fmanl\u0131ktan yararlanabilirsiniz. <\/li>\n<\/ul>\n\n\n\n<div class=\"wp-block-buttons is-layout-flex wp-block-buttons-is-layout-flex\">\n<div class=\"wp-block-button\"><a class=\"wp-block-button__link wp-element-button\" href=\"https:\/\/www.binder-optik.de\/tr\/isitme-cihazlari\/online-isitme-testi\/#test\">\u015eimdi test edin<\/a><\/div>\n<\/div>\n<\/div><\/div>\n<\/div><\/div><\/section>\n\n\n\n<section class=\"wp-block-custom-container alignwide block-content has-grau-background-color block-content--spacing-top block-content--spacing-bottom block-content--margin-top\" style=\"background-color:#f5f5f5\"><div class=\"container container--wide\"><div class=\"container__body\">\n<h2 class=\"wp-block-heading\">\u0130\u015fitme analiziniz 3 <strong>ad\u0131mda<\/strong> <\/h2>\n\n\n\n<div class=\"wp-block-custom-columns columns-row row\"><style>.columns-row--spacing-top{padding-top:2rem}@media (min-width: 992px){.columns-row--spacing-top{padding-top:4rem}}.columns-row--spacing-bottom{padding-bottom:2rem}@media (min-width: 992px){.columns-row--spacing-bottom{padding-bottom:4rem}}.columns-row--margin-top{margin-top:2rem}@media (min-width: 992px){.columns-row--margin-top{margin-top:4rem}}.columns-row--margin-bottom{margin-bottom:2rem}@media (min-width: 992px){.columns-row--margin-bottom{margin-bottom:4rem}}\n<\/style>\n<div class=\"wp-block-custom-column col col-12 col-lg-4\"><div class=\"acf-block block-teaser align block-teaser--full g\u00fcl\">\n\n\t<style>.block-teaser{position:relative;display:block !important;min-height:100%;padding:1.4rem 1rem 1rem;-webkit-box-shadow:0px 0px 15px 5px rgba(0,0,0,0.075);box-shadow:0px 0px 15px 5px rgba(0,0,0,0.075);overflow:hidden}@media (min-width: 1200px){.block-teaser{padding:3rem 2rem 2rem}}@media (min-width: 1380px){.block-teaser{padding:4rem 3rem 3rem}}.block-teaser.white{background-color:#fff}.block-teaser.rose{background-color:#fde4d3}.block-teaser.yellow{background-color:#f9f09b}.block-teaser.green{background-color:#96cfbf}.block-teaser.petrol{background-color:#a5d6e3}.block-teaser.grey{background-color:#f5f5f5}.block-teaser__row{position:relative;display:flex;flex-wrap:wrap;z-index:1}.block-teaser__content{margin:0 0 2rem;text-decoration:2px underline transparent;text-underline-offset:4px;transition:0.2s ease;hyphens:auto}.block-teaser__img-wrapper{flex:0 0 100%;display:flex;justify-content:center;align-items:center;width:3rem;height:3rem;max-width:3rem;max-height:3rem;margin-bottom:1rem;text-align:center}@media (min-width: 1024px){.block-teaser__img-wrapper{width:5rem;height:5rem;max-width:5rem;max-height:5rem;margin-bottom:2rem}}.block-teaser__img-wrapper img{width:100%;height:100%;object-fit:contain}.block-teaser--full .block-teaser__img-wrapper{max-width:100%}.block-teaser--full .block-teaser__img-wrapper img{width:100%;height:auto;object-fit:unset}.block-teaser__content-wrapper{flex:0 0 100%;max-width:100%}.block-teaser--full .block-teaser__content-wrapper{max-width:100%}a.block-teaser .block-teaser__link{display:none;position:relative;width:4.5rem;height:4.5rem}@media (min-width: 1024px){a.block-teaser .block-teaser__link{display:block}}a.block-teaser:hover .block-teaser__content,a.block-teaser:focus .block-teaser__content{color:#2B2E34;text-decoration-color:#2B2E34}\n<\/style>\t<div class=\"block-teaser__row\">\n\t\t\t<div class=\"block-teaser__content-wrapper\">\n\t\t\t\t\t<div class=\"block-teaser__content\"><h3><strong>Kulakl\u0131k tak\u0131n<\/strong><\/h3>\n<p>Optimum test sonu\u00e7lar\u0131 i\u00e7in kulakl\u0131k kullan\u0131n. Bu, seslerin net ve katk\u0131s\u0131z bir \u015fekilde duyulmas\u0131n\u0131 sa\u011flar. <\/p>\n<\/div>\n\t\t\t\t\t\t\t<!-- <div class=\"block-teaser__link\"><\/div> -->\n\t\t\t\t<\/div>\n\t<\/div>\n<\/div>\n<\/div>\n\n\n\n<div class=\"wp-block-custom-column col col-12 col-lg-4\"><div class=\"acf-block block-teaser align block-teaser--full ye\u015fil\">\n\n\t\t<div class=\"block-teaser__row\">\n\t\t\t<div class=\"block-teaser__content-wrapper\">\n\t\t\t\t\t<div class=\"block-teaser__content\"><h3><strong>Talimatlar\u0131 izleyin<\/strong><\/h3>\n<p>Farkl\u0131 perde ve sesleri dinleyin ve alg\u0131n\u0131z\u0131 belirtin. Test, s\u00fcre\u00e7 boyunca sizi ad\u0131m ad\u0131m y\u00f6nlendirir. <\/p>\n<\/div>\n\t\t\t\t\t\t\t<!-- <div class=\"block-teaser__link\"><\/div> -->\n\t\t\t\t<\/div>\n\t<\/div>\n<\/div>\n<\/div>\n\n\n\n<div class=\"wp-block-custom-column col col-12 col-lg-4\"><div class=\"acf-block block-teaser align block-teaser--full sar\u0131\">\n\n\t\t<div class=\"block-teaser__row\">\n\t\t\t<div class=\"block-teaser__content-wrapper\">\n\t\t\t\t\t<div class=\"block-teaser__content\"><h3><strong>Sonu\u00e7 al\u0131nd\u0131<\/strong><\/h3>\n<p>Testi tamamlad\u0131ktan sonra, i\u015fitme yetene\u011finizin ilk de\u011ferlendirmesini hemen alacaks\u0131n\u0131z. Bu, herhangi bir eyleme gerek olup olmad\u0131\u011f\u0131n\u0131 hemen bilece\u011finiz anlam\u0131na gelir. <\/p>\n<\/div>\n\t\t\t\t\t\t\t<!-- <div class=\"block-teaser__link\"><\/div> -->\n\t\t\t\t<\/div>\n\t<\/div>\n<\/div>\n<\/div>\n<\/div>\n<\/div><\/div><\/section>\n\n\n\n<section class=\"wp-block-custom-container alignwide block-content  block-content--spacing-top block-content--spacing-bottom\" id=\"test\"><div class=\"container container--wide\"><div class=\"container__body\">\n<h2 class=\"wp-block-heading\"><strong>\u0130\u015fitme duy <\/strong>unuzu <strong>evden <\/strong>test edin<\/h2>\n\n\n\n<iframe style=\"width: 100%;height: 90vh;border: 0;\" src=\"https:\/\/hearing-screener.beyondhearing.org\/binbeibinder\/zJcqdn\" allow=\"microphone\"><\/iframe>\n<\/div><\/div><\/section>\n\n\n\n<section class=\"wp-block-custom-container alignwide block-content  block-content--spacing-top block-content--spacing-bottom\"><div class=\"container container--wide\"><div class=\"container__body\">\n<h2 class=\"wp-block-heading\">S\u0131k\u00e7a sorulan <strong>sorular (<\/strong> SSS)<\/h2>\n\n\n\n<div class=\"wp-block-custom-accordion block-accordion\"><style>.block-accordion__body .wp-block{width:100%}.single-accordion{padding:0 2rem 4px;margin:0;margin-bottom:1rem;background-color:#fff;-webkit-box-shadow:0px 0px 15px 5px rgba(0,0,0,0.075);box-shadow:0px 0px 15px 5px rgba(0,0,0,0.075)}@media (min-width: 1024px){.single-accordion{padding:0 4rem;margin-bottom:2rem}}.single-accordion:last-child{margin-bottom:0}.single-accordion p:last-child{margin:0}.single-accordion__header.active .single-accordion__title{border-color:#00597E}.single-accordion__header.active .single-accordion__title:after{transform:translateY(-50%) rotate(-45deg);margin-top:5px}.single-accordion__content{display:none;padding:2rem 0 20px 0px}@media (min-width: 1024px){.single-accordion__content{padding:3rem 30px 30px 0px}}.single-accordion__content a{text-decoration:none !important}.single-accordion__content a:hover,.single-accordion__content a:focus{text-decoration:none}.single-accordion__title{position:relative;display:block;padding:20px 30px 20px 0px;letter-spacing:0;color:#2B2E34;font-weight:700;cursor:pointer;border-bottom:0.6px solid transparent;transition:all .2s linear;font-size:1.8rem;line-height:1.5}@media (min-width: 1024px){.single-accordion__title{padding:30px 30px 30px 0px;font-size:2.5rem;line-height:1.44}}.single-accordion__title::after{content:'';display:block;width:13px;height:13px;position:absolute;top:50%;right:5px;transform:translateY(-50%) rotate(135deg);border:2px solid #00597E;border-width:2px 2px 0 0;transition:all .2s linear}@media (min-width: 1024px){.single-accordion__title::after{width:23px;height:23px}}\n<\/style><div class=\"block-accordion__body\">\n<div class=\"wp-block-custom-accordion-single single-accordion\"><div class=\"single-accordion__header\"><h3 class=\"single-accordion__title\">Online i\u015fitme testi ger\u00e7ekten \u00fccretsiz mi?<\/h3><\/div><div class=\"single-accordion__content\">\n<p>Evet, online i\u015fitme testi tamamen \u00fccretsizdir ve ba\u011flay\u0131c\u0131 de\u011fildir. Herhangi bir ki\u015fisel bilgi vermeniz gerekmez ve bir taahh\u00fctte bulunmadan testi istedi\u011finiz zaman tamamlayabilirsiniz. \u0130sterseniz, testten sonra bizimle iste\u011fe ba\u011fl\u0131 ki\u015fisel bir kons\u00fcltasyondan yararlanabilirsiniz, ancak bu bir zorunluluk de\u011fildir.  <\/p>\n<\/div><\/div>\n\n\n\n<div class=\"wp-block-custom-accordion-single single-accordion\"><div class=\"single-accordion__header\"><h3 class=\"single-accordion__title\">Online i\u015fitme testinin sonu\u00e7lar\u0131 ne kadar do\u011frudur?<\/h3><\/div><div class=\"single-accordion__content\">\n<p>Online i\u015fitme testi, i\u015fitme yetene\u011finizin ilk de\u011ferlendirmesini sa\u011flar ve olas\u0131 anormallikleri erken bir a\u015famada tespit etmek i\u00e7in tasarlanm\u0131\u015ft\u0131r. Ancak, bir odyolog veya KBB uzman\u0131 taraf\u0131ndan yap\u0131lan profesyonel bir muayenenin yerini tutmaz. Sonu\u00e7lar anormalse, yerinde ayr\u0131nt\u0131l\u0131 bir i\u015fitme testi i\u00e7in randevu alman\u0131z\u0131 \u00f6neririz.  <\/p>\n<\/div><\/div>\n\n\n\n<div class=\"wp-block-custom-accordion-single single-accordion\"><div class=\"single-accordion__header\"><h3 class=\"single-accordion__title\">Test i\u00e7in herhangi bir \u00f6zel ekipmana veya gereksinime ihtiyac\u0131m var m\u0131?<\/h3><\/div><div class=\"single-accordion__content\">\n<p>\u0130htiyac\u0131n\u0131z olan tek \u015fey bir bilgisayar, tablet veya ak\u0131ll\u0131 telefon ve bir \u00e7ift kulakl\u0131k. Kulakl\u0131klar seslerin daha hassas bir \u015fekilde alg\u0131lanmas\u0131n\u0131 sa\u011flar. Ayr\u0131ca d\u0131\u015f g\u00fcr\u00fclt\u00fcden ka\u00e7\u0131nmak i\u00e7in sessiz bir ortamda oldu\u011funuzdan emin olun.  <\/p>\n<\/div><\/div>\n\n\n\n<div class=\"wp-block-custom-accordion-single single-accordion\"><div class=\"single-accordion__header\"><h3 class=\"single-accordion__title\">Testten sonra ne olacak?<\/h3><\/div><div class=\"single-accordion__content\">\n<p>Testten hemen sonra i\u015fitme yetene\u011finizin bir de\u011ferlendirmesini alacaks\u0131n\u0131z. Test olas\u0131 bir i\u015fitme kayb\u0131na i\u015faret ediyorsa, dilerseniz ki\u015fisel bir dan\u0131\u015fma i\u00e7in randevu alabilirsiniz. Uzmanlar\u0131m\u0131z, daha ileri ad\u0131mlar\u0131 tart\u0131\u015fman\u0131za yard\u0131mc\u0131 olmaktan veya size uygun i\u015fitme \u00e7\u00f6z\u00fcmleri sunmaktan mutluluk duyacakt\u0131r.  <\/p>\n<\/div><\/div>\n\n\n\n<div class=\"wp-block-custom-accordion-single single-accordion\"><div class=\"single-accordion__header\"><h3 class=\"single-accordion__title\">Test i\u015fitme cihaz\u0131 kullananlar i\u00e7in de uygun mu?<\/h3><\/div><div class=\"single-accordion__content\">\n<p>Evet, halihaz\u0131rda bir i\u015fitme cihaz\u0131 kullan\u0131yor olsan\u0131z bile, mevcut i\u015fitme yetene\u011finizi kontrol etmek i\u00e7in testi kullanabilirsiniz. Ancak, tarafs\u0131z bir sonu\u00e7 elde etmek i\u00e7in l\u00fctfen testi i\u015fitme cihaz\u0131n\u0131z olmadan ger\u00e7ekle\u015ftirin. <\/p>\n<\/div><\/div>\n<\/div><\/div>\n<\/div><\/div><\/section>\n\n\n\n<section class=\"wp-block-custom-container alignwide block-content  block-content--spacing-top block-content--spacing-bottom\"><div class=\"container container--wide\"><div class=\"container__body\">\n<section class=\"wp-block-custom-container alignwide block-content has-bo-gr-n-2-background-color\" style=\"background-color:#96cfbf\"><div class=\"container container--wide\"><div class=\"container__body\">\n<div class=\"wp-block-media-text alignwide is-stacked-on-mobile is-vertically-aligned-center\" style=\"grid-template-columns:40% auto\"><figure class=\"wp-block-media-text__media\"><img loading=\"lazy\" decoding=\"async\" width=\"1024\" height=\"1024\" src=\"https:\/\/www.binder-optik.de\/wp-content\/uploads\/2024\/12\/2024_03_21_Filiale-1536x1536-1-1024x1024.jpg\" alt=\"Binder Optik\" class=\"wp-image-13395 size-full\" title=\"\" srcset=\"https:\/\/www.binder-optik.de\/wp-content\/uploads\/2024\/12\/2024_03_21_Filiale-1536x1536-1-1024x1024.jpg 1024w, https:\/\/www.binder-optik.de\/wp-content\/uploads\/2024\/12\/2024_03_21_Filiale-1536x1536-1-300x300.jpg 300w, https:\/\/www.binder-optik.de\/wp-content\/uploads\/2024\/12\/2024_03_21_Filiale-1536x1536-1-150x150.jpg 150w, https:\/\/www.binder-optik.de\/wp-content\/uploads\/2024\/12\/2024_03_21_Filiale-1536x1536-1-768x768.jpg 768w, https:\/\/www.binder-optik.de\/wp-content\/uploads\/2024\/12\/2024_03_21_Filiale-1536x1536-1-123x123.jpg 123w, https:\/\/www.binder-optik.de\/wp-content\/uploads\/2024\/12\/2024_03_21_Filiale-1536x1536-1-524x524.jpg 524w, https:\/\/www.binder-optik.de\/wp-content\/uploads\/2024\/12\/2024_03_21_Filiale-1536x1536-1.jpg 1536w\" sizes=\"auto, (max-width: 1024px) 100vw, 1024px\" \/><\/figure><div class=\"wp-block-media-text__content\">\n<div class=\"wp-block-custom-spacing spacing-element spacing-mobile--small spacing-tablet--small spacing-small-desktop--small spacing-desktop--small\"><\/div>\n\n\n<style>.wp-block-columns.are-vertically-aligned-center{gap:1em;margin-bottom:.5rem}@media (min-width: 992px){.wp-block-columns.are-vertically-aligned-center{margin-bottom:1rem}}.wp-block-columns.are-vertically-aligned-center :last-child{margin-bottom:0}.wp-block-columns.are-vertically-aligned-center figure{margin-bottom:0}.wp-block-columns.no-margin{margin-bottom:0 !important}@media (max-width: 991px){.wp-block-columns.hide-mobile{display:none}}:where(.wp-block-columns.is-layout-flex){gap:1em}\n<\/style>\n<div class=\"wp-block-columns is-layout-flex wp-container-core-columns-is-layout-1 wp-block-columns-is-layout-flex\">\n<div class=\"wp-block-column is-layout-flow wp-block-column-is-layout-flow\" style=\"flex-basis:85%\">\n<h2 class=\"wp-block-heading\"><strong>Ki\u015fisel dan\u0131\u015fmanl\u0131k<\/strong> ister misiniz <strong>?<\/strong><\/h2>\n\n\n\n<p>\u0130\u015fitme akusti\u011fi alan\u0131ndaki uzun y\u0131llara dayanan deneyimimize g\u00fcvenebilirsiniz. <strong>N\u00f6rdlingen,<\/strong> <strong>Karlsruhe Karlstra\u00dfe ve Bad<\/strong> <strong>Liebenzell&#8217;<\/strong> deki uzmanlar\u0131m\u0131z, \u00e7evrimi\u00e7i testten sonra size profesyonel dan\u0131\u015fmanl\u0131k ve ileri tetkikler sunmak i\u00e7in <strong>haz\u0131rd\u0131r<\/strong>. <\/p>\n\n\n\n<div class=\"wp-block-custom-spacing spacing-element spacing-mobile--none spacing-tablet--none spacing-small-desktop--small spacing-desktop--small\"><\/div>\n\n\n\n<div class=\"wp-block-buttons is-layout-flex wp-block-buttons-is-layout-flex\">\n<div class=\"wp-block-button\"><a class=\"wp-block-button__link wp-element-button\" href=\"https:\/\/www.binder-optik.de\/tr\/oezel-magazalar\/?_stores_leistungsangebot=fg-hoerakustik\" target=\"_blank\" rel=\"noreferrer noopener\">Randevu al\u0131n<\/a><\/div>\n<\/div>\n<\/div>\n<\/div>\n<\/div><\/div>\n<\/div><\/div><\/section>\n<\/div><\/div><\/section>\n","protected":false},"excerpt":{"rendered":"","protected":false},"author":1,"featured_media":0,"parent":18888,"menu_order":0,"comment_status":"closed","ping_status":"closed","template":"","meta":{"_acf_changed":false,"footnotes":""},"class_list":["post-18548","page","type-page","status-publish","hentry"],"acf":[],"publishpress_future_action":{"enabled":false,"date":"2026-04-20 20:43:44","action":"change-status","newStatus":"draft","terms":[],"taxonomy":"translation_priority","extraData":[]},"publishpress_future_workflow_manual_trigger":{"enabledWorkflows":[]},"_links":{"self":[{"href":"https:\/\/www.binder-optik.de\/tr\/wp-json\/wp\/v2\/pages\/18548","targetHints":{"allow":["GET"]}}],"collection":[{"href":"https:\/\/www.binder-optik.de\/tr\/wp-json\/wp\/v2\/pages"}],"about":[{"href":"https:\/\/www.binder-optik.de\/tr\/wp-json\/wp\/v2\/types\/page"}],"author":[{"embeddable":true,"href":"https:\/\/www.binder-optik.de\/tr\/wp-json\/wp\/v2\/users\/1"}],"replies":[{"embeddable":true,"href":"https:\/\/www.binder-optik.de\/tr\/wp-json\/wp\/v2\/comments?post=18548"}],"version-history":[{"count":4,"href":"https:\/\/www.binder-optik.de\/tr\/wp-json\/wp\/v2\/pages\/18548\/revisions"}],"predecessor-version":[{"id":20024,"href":"https:\/\/www.binder-optik.de\/tr\/wp-json\/wp\/v2\/pages\/18548\/revisions\/20024"}],"up":[{"embeddable":true,"href":"https:\/\/www.binder-optik.de\/tr\/wp-json\/wp\/v2\/pages\/18888"}],"wp:attachment":[{"href":"https:\/\/www.binder-optik.de\/tr\/wp-json\/wp\/v2\/media?parent=18548"}],"curies":[{"name":"wp","href":"https:\/\/api.w.org\/{rel}","templated":true}]}}