{"id":18468,"date":"2025-04-15T14:58:36","date_gmt":"2025-04-15T12:58:36","guid":{"rendered":"https:\/\/www.binder-optik.de\/yildoenuemue-yarismasi\/"},"modified":"2025-05-14T12:58:01","modified_gmt":"2025-05-14T10:58:01","slug":"yildoenuemue-yarismasi","status":"publish","type":"page","link":"https:\/\/www.binder-optik.de\/tr\/yildoenuemue-yarismasi\/","title":{"rendered":"Y\u0131ld\u00f6n\u00fcm\u00fc yar\u0131\u015fmas\u0131"},"content":{"rendered":"\n<section class=\"wp-block-custom-container alignwide block-content\"><style>.block-content{position:relative}.block-content--spacing-top{padding-top:2rem}@media (min-width: 992px){.block-content--spacing-top{padding-top:4rem}}.block-content--spacing-bottom{padding-bottom:2rem}@media (min-width: 992px){.block-content--spacing-bottom{padding-bottom:4rem}}.block-content--margin-top{margin-top:2rem}@media (min-width: 992px){.block-content--margin-top{margin-top:4rem}}.block-content--margin-bottom{margin-bottom:2rem}@media (min-width: 992px){.block-content--margin-bottom{margin-bottom:4rem}}.block-content.z-index{position:relative;z-index:2}.block-content .container{position:relative;z-index:1}.block-content .container--full{padding:0}.block-content .container .container{padding:2rem}@media (min-width: 992px){.block-content .container .container{padding:4rem}}.block-content .container-overlay{position:absolute;z-index:0;top:0;right:0;bottom:0;left:0}.block-content.career-container{margin-top:-8rem;z-index:2}.block-content.career-container .block-content{-webkit-box-shadow:0px 0px 15px 5px rgba(0,0,0,0.1);box-shadow:0px 0px 15px 5px rgba(0,0,0,0.1)}.block-content.career-container .wp-block-custom-column{margin-bottom:0}\n<\/style><div class=\"container container--wide\"><div class=\"container__body\"><section class=\"block-slider\">\n    <style>.block-slider{padding:0;position:relative;margin:0 0 2rem}@media (min-width: 1024px){.block-slider{margin:0 0 2rem}}@media (min-width: 1380px){.block-slider{margin:0}}@media (min-width: 1200px){.block-slider__wrapper--half-width .slick-dots{text-align:left}}@media (min-width: 1380px){.block-slider .slick-dots{bottom:15px}}@media (min-width: 1380px){.block-slider .slick-dots button{background-color:#fff}}.single-slide{position:relative}.single-slide:not(:first-child){display:none}.slick-initialized .single-slide{display:block}.single-slide::before{display:block;content:\"\";width:100%;padding-top:calc( (430 \/ 390) * 100%)}@media (min-width: 1024px){.single-slide::before{padding-top:calc( (610 \/ 1408) * 100%)}}.single-slide__wrapper{position:absolute;top:0;right:0;bottom:0;left:0}.single-slide__bg{position:absolute;top:0;right:0;bottom:0;left:0}.single-slide__bg--desktop{display:none}@media (min-width: 1024px){.single-slide__bg--desktop{display:block;height:100%}}.single-slide__bg--mobile{display:block;height:100%}@media (min-width: 1024px){.single-slide__bg--mobile{display:none}}.single-slide__bg img{width:100%;height:100%;object-fit:cover}.single-slide__bg.video{min-height:100%}.single-slide__bg-vid{min-height:100%;position:relative;overflow:hidden}.single-slide__bg-video,.single-slide__bg-vid iframe,.single-slide__bg-vid object,.single-slide__bg-vid embed{display:inline-block;position:absolute;top:0;left:0;right:0;bottom:0;margin:0;padding:0;width:100%;height:100%;max-width:none;max-height:none;-o-object-fit:cover;object-fit:cover;outline:none;border:none;box-shadow:none;z-index:0;clip-path:inset(1px 1px)}.single-slide__bg-vid iframe,.single-slide__bg-vid object,.single-slide__bg-vid embed{top:50%;left:50%;right:unset;bottom:unset;width:200%;transform:translate(-50%, -50%);pointer-events:none}@media (min-width: 1024px){.single-slide__bg-vid iframe,.single-slide__bg-vid object,.single-slide__bg-vid embed{height:130%;width:100%}}.single-slide__bg-vid .uc-embedding-container{position:absolute;top:50%;left:50%;right:unset;bottom:unset;transform:translate(-50%, -50%);max-height:none}.single-slide__bg-vid .uc-embedding-accept{background-color:#FFFA00 !important;color:#000 !important;font-weight:600 !important}.single-slide__bg-vid .uc-embedding-more-info,.single-slide__bg-vid .uc-embedding-wrapper h3{font-weight:600 !important}.single-slide__bg-vid::after{content:'';position:absolute;top:2px;left:2px;right:2px;bottom:2px;width:calc(100% - 4px);height:calc(100% - 4px);z-index:-1;background-size:cover;background-repeat:no-repeat;background-position:center center;filter:blur(0.5rem);background-image:url(\"https:\/\/www.binder-optik.de\/wp-content\/themes\/ATLAS\/images\/store\/store_fallback.jpg\")}.single-slide__bg-vid .mejs-controls{display:none}.single-slide__content{color:#fff}.single-slide--content-bg .single-slide__content{background:#fff}.single-slide__content .h1{margin:0 0 .6rem;font-weight:600;color:#FFFA00;letter-spacing:0;font-size:4.6rem;line-height:1.13043478}@media (min-width: 1380px){.single-slide__content .h1{font-size:8rem;line-height:1.175}}.single-slide__content-wrapper{position:absolute;top:0;right:0;bottom:0;left:0;display:flex;align-items:flex-start}@media (min-width: 1024px){.single-slide__content-wrapper{align-items:center}}.single-slide__content-container{height:100%}@media (min-width: 1380px){.single-slide__content-container{padding-bottom:10rem}}.single-slide__content-row{position:relative;display:flex;align-items:flex-start;justify-content:space-between;flex-flow:column nowrap;height:100%;width:100%;max-width:100%}@media (min-width: 1024px){.single-slide__content-row{max-width:50%;justify-content:center}}@media (min-width: 1380px){.single-slide__content-row{padding:2rem 0}}.single-slide__slogan{display:none;position:absolute;left:0;bottom:0rem;color:#ff0;font-weight:600}@media (min-width: 1024px){.single-slide__slogan{display:block}}.single-slide__buttons{display:flex;flex-wrap:wrap;align-items:center;justify-content:flex-start;margin:2rem 0 0}.single-slide__buttons .wp-block-button{margin:0 2rem 1rem 0}.single-slide--half-width{background-color:#a5d6e3}.single-slide--half-width .single-slide__bg{width:100%;right:0;left:auto}@media (min-width: 1380px){.single-slide--half-width .single-slide__bg{width:50%}}.single-slide--image-left .single-slide__bg{right:auto;left:0}\n<\/style>    <style>.slick-arrow{width:3.7rem;height:3.7rem;position:absolute;z-index:1;top:auto;bottom:10px;margin-top:-15px;font-size:0;line-height:0;border:none;border-radius:50%;background-color:rgba(194,209,217,0.55);cursor:pointer;transition:background-color .2s}@media (min-width: 992px){.slick-arrow{width:5.7rem;height:5.7rem}}@media (min-width: 1200px){.slick-arrow{top:50%}}.slick-arrow:hover{background-color:#000}html.touch-device .slick-arrow:hover{background-color:rgba(194,209,217,0.55)}.slick-arrow:after{content:'';display:block;width:12px;height:11px;position:absolute;top:50%;left:50%;transform:translate(-50%, -50%);background-image:url(\"https:\/\/www.binder-optik.de\/wp-content\/themes\/ATLAS\/images\/svg\/arrow-big.svg\");background-repeat:no-repeat;background-size:12px 11px}@media (min-width: 992px){.slick-arrow:after{width:24px;height:22px;background-position:contain;background-size:24px 22px}}.slick-arrow.slick-prev{right:auto;left:10px;transform:rotate(180deg)}@media (min-width: 992px){.slick-arrow.slick-prev{left:20px}}@media (min-width: 1380px){.slick-arrow.slick-prev{left:36px}}.slick-arrow.slick-next{right:10px;left:auto}@media (min-width: 992px){.slick-arrow.slick-next{right:20px}}@media (min-width: 1380px){.slick-arrow.slick-next{right:36px}}.slick-slide:focus{outline:none}.slick-dots{width:100%;max-width:1105px;padding:0;position:absolute;bottom:-24px;left:50%;transform:translate(-50%, 0);margin:0 auto;line-height:0.75;text-align:center;list-style:none}@media (min-width: 1024px){.slick-dots{padding:0 4rem}}.slick-dots li{display:inline-block;line-height:0;margin:0 3px}@media (min-width: 992px){.slick-dots li{margin:0 5px}}@media (min-width: 1024px){.slick-dots li{margin:0 7px}}.slick-dots li.slick-active button{background-color:#00597E}@media (min-width: 1024px){.slick-dots li.slick-active button{background-color:#2B2E34}}.slick-dots button{padding:0;width:10px;height:10px;font-size:0;line-height:0;border:0;border-radius:50%;background:transparent;background-color:#e1e1e1;box-shadow:none;transition:background-color .2s linear}@media (min-width: 1024px){.slick-dots button{width:12px;height:12px}}\n<\/style>    <style>\/* Slider *\/\n.slick-slider {\n  position: relative;\n  display: block;\n  box-sizing: border-box;\n  -webkit-touch-callout: none;\n  -webkit-user-select: none;\n  -khtml-user-select: none;\n  -moz-user-select: none;\n  -ms-user-select: none;\n  user-select: none;\n  -ms-touch-action: pan-y;\n  touch-action: pan-y;\n  -webkit-tap-highlight-color: transparent;\n}\n\n.slick-list {\n  position: relative;\n  overflow: hidden;\n  display: block;\n  margin: 0;\n  padding: 0;\n}\n\n.slick-list:focus {\n  outline: none;\n}\n\n.slick-list.dragging {\n  cursor: pointer;\n  cursor: hand;\n}\n\n.slick-slider .slick-track,\n.slick-slider .slick-list {\n  -webkit-transform: translate3d(0, 0, 0);\n  -moz-transform: translate3d(0, 0, 0);\n  -ms-transform: translate3d(0, 0, 0);\n  -o-transform: translate3d(0, 0, 0);\n  transform: translate3d(0, 0, 0);\n}\n\n.slick-track {\n  position: relative;\n  left: 0;\n  top: 0;\n  display: block;\n  margin-left: auto;\n  margin-right: auto;\n}\n\n.slick-track:before, .slick-track:after {\n  content: \"\";\n  display: table;\n}\n\n.slick-track:after {\n  clear: both;\n}\n\n.slick-loading .slick-track {\n  visibility: hidden;\n}\n\n.slick-slide {\n  float: left;\n  height: 100%;\n  min-height: 1px;\n  display: none;\n}\n\n[dir=\"rtl\"] .slick-slide {\n  float: right;\n}\n\n.slick-slide img {\n  display: block;\n}\n\n.slick-slide.slick-loading img {\n  display: none;\n}\n\n.slick-slide.dragging img {\n  pointer-events: none;\n}\n\n.slick-initialized .slick-slide {\n  display: block;\n}\n\n.slick-loading .slick-slide {\n  visibility: hidden;\n}\n\n.slick-vertical .slick-slide {\n  display: block;\n  height: auto;\n  border: 1px solid transparent;\n}\n\n.slick-arrow.slick-hidden {\n  display: none;\n}\n<\/style>    <div class=\"block-slider__container\">\n        <div class=\"block-slider__wrapper block-slider__wrapper--full-width\" data-slider=\"block_2746e521e47a37083c161d5cc48d6cea\">\n                            <div class=\"single-slide single-slide--full-width\">\n                        <div class=\"single-slide__wrapper\">\n                \n                                        <div class=\"single-slide__bg\">\n                                                    <div class=\"single-slide__bg--desktop\"><img loading=\"lazy\" decoding=\"async\" width=\"2560\" height=\"1092\" src=\"https:\/\/www.binder-optik.de\/wp-content\/uploads\/2025\/05\/Grafik-Gewinnspiel_EN.jpg\" class=\"attachment-full size-full\" alt=\"Binder Optik\" data-object-fit=\"\" srcset=\"https:\/\/www.binder-optik.de\/wp-content\/uploads\/2025\/05\/Grafik-Gewinnspiel_EN.jpg 2560w, https:\/\/www.binder-optik.de\/wp-content\/uploads\/2025\/05\/Grafik-Gewinnspiel_EN-300x128.jpg 300w, https:\/\/www.binder-optik.de\/wp-content\/uploads\/2025\/05\/Grafik-Gewinnspiel_EN-1024x437.jpg 1024w, https:\/\/www.binder-optik.de\/wp-content\/uploads\/2025\/05\/Grafik-Gewinnspiel_EN-768x328.jpg 768w, https:\/\/www.binder-optik.de\/wp-content\/uploads\/2025\/05\/Grafik-Gewinnspiel_EN-1536x655.jpg 1536w, https:\/\/www.binder-optik.de\/wp-content\/uploads\/2025\/05\/Grafik-Gewinnspiel_EN-2048x874.jpg 2048w, https:\/\/www.binder-optik.de\/wp-content\/uploads\/2025\/05\/Grafik-Gewinnspiel_EN-524x224.jpg 524w\" sizes=\"auto, (max-width: 2560px) 100vw, 2560px\" title=\"\"><\/div>\n                            <div class=\"single-slide__bg--mobile\"><img loading=\"lazy\" decoding=\"async\" width=\"1623\" height=\"1788\" src=\"https:\/\/www.binder-optik.de\/wp-content\/uploads\/2025\/05\/Grafik-Gewinnspiel_mobil_EN.jpg\" class=\"attachment-full size-full\" alt=\"Binder Optik\" data-object-fit=\"\" srcset=\"https:\/\/www.binder-optik.de\/wp-content\/uploads\/2025\/05\/Grafik-Gewinnspiel_mobil_EN.jpg 1623w, https:\/\/www.binder-optik.de\/wp-content\/uploads\/2025\/05\/Grafik-Gewinnspiel_mobil_EN-272x300.jpg 272w, https:\/\/www.binder-optik.de\/wp-content\/uploads\/2025\/05\/Grafik-Gewinnspiel_mobil_EN-930x1024.jpg 930w, https:\/\/www.binder-optik.de\/wp-content\/uploads\/2025\/05\/Grafik-Gewinnspiel_mobil_EN-768x846.jpg 768w, https:\/\/www.binder-optik.de\/wp-content\/uploads\/2025\/05\/Grafik-Gewinnspiel_mobil_EN-1394x1536.jpg 1394w, https:\/\/www.binder-optik.de\/wp-content\/uploads\/2025\/05\/Grafik-Gewinnspiel_mobil_EN-476x524.jpg 476w\" sizes=\"auto, (max-width: 1623px) 100vw, 1623px\" title=\"\"><\/div>\n                                            <\/div>\n                                        \n                    <!-- Readd content wrapper if needed -->\n                <\/div>\n                    <\/div>\n        \n                <\/div>\n    <\/div>\n<\/section>\n<\/div><\/div><\/section>\n\n\n\n<section class=\"wp-block-custom-container alignwide block-content  block-content--spacing-top block-content--spacing-bottom\"><div class=\"container container--wide\"><div class=\"container__body\">\n<h1 class=\"wp-block-heading\">B\u00fcy\u00fck <strong>y\u0131ld\u00f6n\u00fcm\u00fc yar\u0131\u015fmas\u0131.<\/strong><\/h1>\n\n\n\n<h2 class=\"wp-block-heading\">\u015eimdi kat\u0131l\u0131n ve kazan\u0131n!<\/h2>\n\n\n\n<p>Biz kutluyoruz, siz de faydalan\u0131yorsunuz! B\u00fcy\u00fck yar\u0131\u015fmam\u0131za kat\u0131l\u0131n ve bir sonraki g\u00f6zl\u00fck veya kontakt lensiniz i\u00e7in cazip kuponlar kazanma \u015fans\u0131n\u0131 yakalay\u0131n.   <\/p>\n\n\n\n<p>Bu \u00f6d\u00fcller sizi bekliyor:  <\/p>\n\n\n\n<ul class=\"wp-block-list\">\n<li><strong>5x 500 \u20ac kupon<\/strong><\/li>\n\n\n\n<li><strong>50x 50 \u20ac kupon<\/strong><\/li>\n<\/ul>\n\n\n\n<p>Kat\u0131lmak \u00e7ok kolay: yar\u0131\u015fma sorumuzu yan\u0131tlay\u0131n ve kat\u0131l\u0131m formunu doldurun. Biraz \u015fansla, kazananlar\u0131m\u0131zdan biri siz olacaks\u0131n\u0131z! <\/p>\n\n\n\n<p>Yar\u0131\u015fma sorusu:  <\/p>\n\n\n\n<h3 class=\"wp-block-heading\"><strong>Binder Optik bu y\u0131l hangi y\u0131ld\u00f6n\u00fcm\u00fcn\u00fc kutluyor?<\/strong><\/h3>\n<\/div><\/div><\/section>\n\n\n\n<section class=\"wp-block-custom-container alignwide block-content has-grau-background-color block-content--spacing-top block-content--spacing-bottom block-content--margin-bottom\" style=\"background-color:#f5f5f5\"><div class=\"container container--wide\"><div class=\"container__body\">\n<h2 class=\"wp-block-heading\">Yar\u0131\u015fma sorusunu yan\u0131tlay\u0131n ve <strong>bir hediye \u00e7eki kazan\u0131n!<\/strong><\/h2>\n\n\n<style>.wp-block-columns.are-vertically-aligned-center{gap:1em;margin-bottom:.5rem}@media (min-width: 992px){.wp-block-columns.are-vertically-aligned-center{margin-bottom:1rem}}.wp-block-columns.are-vertically-aligned-center :last-child{margin-bottom:0}.wp-block-columns.are-vertically-aligned-center figure{margin-bottom:0}.wp-block-columns.no-margin{margin-bottom:0 !important}@media (max-width: 991px){.wp-block-columns.hide-mobile{display:none}}:where(.wp-block-columns.is-layout-flex){gap:1em}\n<\/style>\n<div class=\"wp-block-columns is-layout-flex wp-container-core-columns-is-layout-1 wp-block-columns-is-layout-flex\">\n<div class=\"wp-block-column is-layout-flow wp-block-column-is-layout-flow\" style=\"flex-basis:66.66%\">\n<script charset=\"utf-8\" type=\"text\/javascript\" src=\"\/\/js-eu1.hsforms.net\/forms\/embed\/v2.js\"><\/script>\n<script>\n  hbspt.forms.create({\n    portalId: \"25117726\",\n    formId: \"83c5669f-aa18-4da4-9ccc-c0a517cb70d8\",\n    region: \"eu1\"\n  });\n<\/script>\n<\/div>\n\n\n\n<div class=\"wp-block-column is-layout-flow wp-block-column-is-layout-flow\" style=\"flex-basis:33.33%\"><\/div>\n<\/div>\n<\/div><\/div><\/section>\n","protected":false},"excerpt":{"rendered":"","protected":false},"author":1,"featured_media":0,"parent":0,"menu_order":0,"comment_status":"closed","ping_status":"closed","template":"","meta":{"_acf_changed":false,"footnotes":""},"class_list":["post-18468","page","type-page","status-publish","hentry"],"acf":[],"publishpress_future_action":{"enabled":false,"date":"2026-04-22 20:47:57","action":"change-status","newStatus":"draft","terms":[],"taxonomy":"translation_priority","extraData":[]},"publishpress_future_workflow_manual_trigger":{"enabledWorkflows":[]},"_links":{"self":[{"href":"https:\/\/www.binder-optik.de\/tr\/wp-json\/wp\/v2\/pages\/18468","targetHints":{"allow":["GET"]}}],"collection":[{"href":"https:\/\/www.binder-optik.de\/tr\/wp-json\/wp\/v2\/pages"}],"about":[{"href":"https:\/\/www.binder-optik.de\/tr\/wp-json\/wp\/v2\/types\/page"}],"author":[{"embeddable":true,"href":"https:\/\/www.binder-optik.de\/tr\/wp-json\/wp\/v2\/users\/1"}],"replies":[{"embeddable":true,"href":"https:\/\/www.binder-optik.de\/tr\/wp-json\/wp\/v2\/comments?post=18468"}],"version-history":[{"count":4,"href":"https:\/\/www.binder-optik.de\/tr\/wp-json\/wp\/v2\/pages\/18468\/revisions"}],"predecessor-version":[{"id":19643,"href":"https:\/\/www.binder-optik.de\/tr\/wp-json\/wp\/v2\/pages\/18468\/revisions\/19643"}],"wp:attachment":[{"href":"https:\/\/www.binder-optik.de\/tr\/wp-json\/wp\/v2\/media?parent=18468"}],"curies":[{"name":"wp","href":"https:\/\/api.w.org\/{rel}","templated":true}]}}